{"id":9875,"date":"2025-11-13T11:07:35","date_gmt":"2025-11-13T10:07:35","guid":{"rendered":"https:\/\/nafentmagazine.com\/product\/nafent-magazine-vol-15-edicio-digital\/"},"modified":"2025-07-29T11:17:53","modified_gmt":"2025-07-29T09:17:53","slug":"nafent-magazine-vol-15-edicio-digital","status":"publish","type":"product","link":"https:\/\/nafentmagazine.com\/ca\/product\/nafent-magazine-vol-15-edicio-digital\/","title":{"rendered":"Nafent Magazine vol. 15 (edici\u00f3 digital)"},"content":{"rendered":"<p data-start=\"66\" data-end=\"420\">Pedalar a Andorra: Per qu\u00e8 \u00e9s tan popular?<br \/>A la 15a edici\u00f3 de Nafent, ens submergim en l\u2019univers del ciclisme a Andorra, un pa\u00eds de parla catalana al cor dels Pirineus. En el volum m\u00e9s extens que hem publicat fins ara, t\u2019expliquem tot el que aquest territori pot oferir als amants de la bicicleta. Tamb\u00e9 donem un cop d\u2019ull a Banyoles, una altra destinaci\u00f3 ciclista que val molt la pena descobrir.   <\/p>\n<p data-start=\"422\" data-end=\"497\">Tot aix\u00f2 i molt m\u00e9s a la 15a edici\u00f3 de Nafent \u2014 la nostra (i la teva) edici\u00f3 m\u00e9s extensa fins ara.<\/p>\n<p data-start=\"422\" data-end=\"497\"><span style=\"font-size: 16px;\">P<\/span><em>odr\u00e0s descarregar la revista immediatament despr\u00e9s de realitzar la comanda.<\/em><\/p>\n","protected":false},"excerpt":{"rendered":"<p data-start=\"66\" data-end=\"420\">Pedalar a Andorra: Per qu\u00e8 \u00e9s tan popular?<br \/>A la 15a edici\u00f3 de Nafent, ens submergim en l\u2019univers del ciclisme a Andorra, un pa\u00eds de parla catalana al cor dels Pirineus. En el volum m\u00e9s extens que hem publicat fins ara, t\u2019expliquem tot el que aquest territori pot oferir als amants de la bicicleta. Tamb\u00e9 donem un cop d\u2019ull a Banyoles, una altra destinaci\u00f3 ciclista que val molt la pena descobrir.   <\/p>\n<p data-start=\"422\" data-end=\"497\">Tot aix\u00f2 i molt m\u00e9s a la 15a edici\u00f3 de Nafent \u2014 la nostra (i la teva) edici\u00f3 m\u00e9s extensa fins ara.<\/p>\n<p data-start=\"422\" data-end=\"497\"><span style=\"font-size: 16px;\">P<\/span><em>odr\u00e0s descarregar la revista immediatament despr\u00e9s de realitzar la comanda.<\/em><\/p>\n","protected":false},"featured_media":9868,"template":"","meta":{"_ppp_document_settings_meta":"","site-sidebar-layout":"default","site-content-layout":"","ast-site-content-layout":"default","site-content-style":"default","site-sidebar-style":"default","ast-global-header-display":"","ast-banner-title-visibility":"","ast-main-header-display":"","ast-hfb-above-header-display":"","ast-hfb-below-header-display":"","ast-hfb-mobile-header-display":"","site-post-title":"","ast-breadcrumbs-content":"","ast-featured-img":"","footer-sml-layout":"","ast-disable-related-posts":"","theme-transparent-header-meta":"default","adv-header-id-meta":"","stick-header-meta":"","header-above-stick-meta":"","header-main-stick-meta":"","header-below-stick-meta":"","astra-migrate-meta-layouts":"default","ast-page-background-enabled":"default","ast-page-background-meta":{"desktop":{"background-color":"","background-image":"","background-repeat":"repeat","background-position":"center center","background-size":"auto","background-attachment":"scroll","background-type":"","background-media":"","overlay-type":"","overlay-color":"","overlay-opacity":"","overlay-gradient":""},"tablet":{"background-color":"","background-image":"","background-repeat":"repeat","background-position":"center center","background-size":"auto","background-attachment":"scroll","background-type":"","background-media":"","overlay-type":"","overlay-color":"","overlay-opacity":"","overlay-gradient":""},"mobile":{"background-color":"","background-image":"","background-repeat":"repeat","background-position":"center center","background-size":"auto","background-attachment":"scroll","background-type":"","background-media":"","overlay-type":"","overlay-color":"","overlay-opacity":"","overlay-gradient":""}},"ast-content-background-meta":{"desktop":{"background-color":"var(--ast-global-color-5)","background-image":"","background-repeat":"repeat","background-position":"center center","background-size":"auto","background-attachment":"scroll","background-type":"","background-media":"","overlay-type":"","overlay-color":"","overlay-opacity":"","overlay-gradient":""},"tablet":{"background-color":"var(--ast-global-color-5)","background-image":"","background-repeat":"repeat","background-position":"center center","background-size":"auto","background-attachment":"scroll","background-type":"","background-media":"","overlay-type":"","overlay-color":"","overlay-opacity":"","overlay-gradient":""},"mobile":{"background-color":"var(--ast-global-color-5)","background-image":"","background-repeat":"repeat","background-position":"center center","background-size":"auto","background-attachment":"scroll","background-type":"","background-media":"","overlay-type":"","overlay-color":"","overlay-opacity":"","overlay-gradient":""}}},"product_brand":[],"product_cat":[71,95],"product_tag":[312],"class_list":{"0":"post-9875","1":"product","2":"type-product","3":"status-publish","4":"has-post-thumbnail","6":"product_cat-revistes-digitals","7":"product_cat-uncategorized-ca","8":"product_tag-nafent-magazine","9":"desktop-align-left","10":"tablet-align-left","11":"mobile-align-left","13":"first","14":"instock","15":"downloadable","16":"virtual","17":"taxable","18":"purchasable","19":"product-type-simple"},"yoast_head":"<!-- This site is optimized with the Yoast SEO plugin v27.3 - https:\/\/yoast.com\/product\/yoast-seo-wordpress\/ -->\n<title>Nafent Magazine vol. 15 (edici\u00f3 digital) | Nafent Magazine<\/title>\n<meta name=\"description\" content=\"A la 15a edici\u00f3 de Nafent, ens submergim en l\u2019univers del ciclisme a Andorra, un pa\u00eds de parla catalana al cor dels Pirineus. En el volum m\u00e9s extens que hem publicat fins ara, t\u2019expliquem tot el que aquest territori pot oferir als amants de la bicicleta.\" \/>\n<meta name=\"robots\" content=\"index, follow, max-snippet:-1, max-image-preview:large, max-video-preview:-1\" \/>\n<link rel=\"canonical\" href=\"https:\/\/nafentmagazine.com\/ca\/product\/nafent-magazine-vol-15-edicio-digital\/\" \/>\n<meta property=\"og:locale\" content=\"ca_ES\" \/>\n<meta property=\"og:type\" content=\"article\" \/>\n<meta property=\"og:title\" content=\"Nafent Magazine vol. 15 (edici\u00f3 digital) | Nafent Magazine\" \/>\n<meta property=\"og:description\" content=\"A la 15a edici\u00f3 de Nafent, ens submergim en l\u2019univers del ciclisme a Andorra, un pa\u00eds de parla catalana al cor dels Pirineus. En el volum m\u00e9s extens que hem publicat fins ara, t\u2019expliquem tot el que aquest territori pot oferir als amants de la bicicleta.\" \/>\n<meta property=\"og:url\" content=\"https:\/\/nafentmagazine.com\/ca\/product\/nafent-magazine-vol-15-edicio-digital\/\" \/>\n<meta property=\"og:site_name\" content=\"Nafent Magazine\" \/>\n<meta property=\"article:publisher\" content=\"https:\/\/www.facebook.com\/Nafentmagazine\" \/>\n<meta property=\"og:image\" content=\"https:\/\/nafentmagazine.com\/wp-content\/uploads\/2025\/07\/Nafent15-Store-Cover.png\" \/>\n\t<meta property=\"og:image:width\" content=\"2707\" \/>\n\t<meta property=\"og:image:height\" content=\"2030\" \/>\n\t<meta property=\"og:image:type\" content=\"image\/png\" \/>\n<meta name=\"twitter:card\" content=\"summary_large_image\" \/>\n<meta name=\"twitter:label1\" content=\"Temps estimat de lectura\" \/>\n\t<meta name=\"twitter:data1\" content=\"1 minut\" \/>\n<script type=\"application\/ld+json\" class=\"yoast-schema-graph\">{\"@context\":\"https:\\\/\\\/schema.org\",\"@graph\":[{\"@type\":\"WebPage\",\"@id\":\"https:\\\/\\\/nafentmagazine.com\\\/ca\\\/product\\\/nafent-magazine-vol-15-edicio-digital\\\/\",\"url\":\"https:\\\/\\\/nafentmagazine.com\\\/ca\\\/product\\\/nafent-magazine-vol-15-edicio-digital\\\/\",\"name\":\"Nafent Magazine vol. 15 (edici\u00f3 digital) | Nafent Magazine\",\"isPartOf\":{\"@id\":\"https:\\\/\\\/nafentmagazine.com\\\/#website\"},\"primaryImageOfPage\":{\"@id\":\"https:\\\/\\\/nafentmagazine.com\\\/ca\\\/product\\\/nafent-magazine-vol-15-edicio-digital\\\/#primaryimage\"},\"image\":{\"@id\":\"https:\\\/\\\/nafentmagazine.com\\\/ca\\\/product\\\/nafent-magazine-vol-15-edicio-digital\\\/#primaryimage\"},\"thumbnailUrl\":\"https:\\\/\\\/nafentmagazine.com\\\/wp-content\\\/uploads\\\/2025\\\/07\\\/Nafent15-Store-Cover.webp\",\"datePublished\":\"2025-11-13T10:07:35+00:00\",\"description\":\"A la 15a edici\u00f3 de Nafent, ens submergim en l\u2019univers del ciclisme a Andorra, un pa\u00eds de parla catalana al cor dels Pirineus. En el volum m\u00e9s extens que hem publicat fins ara, t\u2019expliquem tot el que aquest territori pot oferir als amants de la bicicleta.\",\"breadcrumb\":{\"@id\":\"https:\\\/\\\/nafentmagazine.com\\\/ca\\\/product\\\/nafent-magazine-vol-15-edicio-digital\\\/#breadcrumb\"},\"inLanguage\":\"ca\",\"potentialAction\":[{\"@type\":\"ReadAction\",\"target\":[\"https:\\\/\\\/nafentmagazine.com\\\/ca\\\/product\\\/nafent-magazine-vol-15-edicio-digital\\\/\"]}]},{\"@type\":\"ImageObject\",\"inLanguage\":\"ca\",\"@id\":\"https:\\\/\\\/nafentmagazine.com\\\/ca\\\/product\\\/nafent-magazine-vol-15-edicio-digital\\\/#primaryimage\",\"url\":\"https:\\\/\\\/nafentmagazine.com\\\/wp-content\\\/uploads\\\/2025\\\/07\\\/Nafent15-Store-Cover.webp\",\"contentUrl\":\"https:\\\/\\\/nafentmagazine.com\\\/wp-content\\\/uploads\\\/2025\\\/07\\\/Nafent15-Store-Cover.webp\",\"width\":1920,\"height\":1440},{\"@type\":\"BreadcrumbList\",\"@id\":\"https:\\\/\\\/nafentmagazine.com\\\/ca\\\/product\\\/nafent-magazine-vol-15-edicio-digital\\\/#breadcrumb\",\"itemListElement\":[{\"@type\":\"ListItem\",\"position\":1,\"name\":\"Home\",\"item\":\"https:\\\/\\\/nafentmagazine.com\\\/\"},{\"@type\":\"ListItem\",\"position\":2,\"name\":\"Shop\",\"item\":\"https:\\\/\\\/nafentmagazine.com\\\/ca\\\/shop\\\/\"},{\"@type\":\"ListItem\",\"position\":3,\"name\":\"Nafent Magazine vol. 15 (edici\u00f3 digital)\"}]},{\"@type\":\"WebSite\",\"@id\":\"https:\\\/\\\/nafentmagazine.com\\\/#website\",\"url\":\"https:\\\/\\\/nafentmagazine.com\\\/\",\"name\":\"Nafent Magazine\",\"description\":\"The Catalan cycling magazine\",\"publisher\":{\"@id\":\"https:\\\/\\\/nafentmagazine.com\\\/#organization\"},\"alternateName\":\"Revista Nafent\",\"potentialAction\":[{\"@type\":\"SearchAction\",\"target\":{\"@type\":\"EntryPoint\",\"urlTemplate\":\"https:\\\/\\\/nafentmagazine.com\\\/?s={search_term_string}\"},\"query-input\":{\"@type\":\"PropertyValueSpecification\",\"valueRequired\":true,\"valueName\":\"search_term_string\"}}],\"inLanguage\":\"ca\"},{\"@type\":\"Organization\",\"@id\":\"https:\\\/\\\/nafentmagazine.com\\\/#organization\",\"name\":\"Nafent Magazine\",\"url\":\"https:\\\/\\\/nafentmagazine.com\\\/\",\"logo\":{\"@type\":\"ImageObject\",\"inLanguage\":\"ca\",\"@id\":\"https:\\\/\\\/nafentmagazine.com\\\/#\\\/schema\\\/logo\\\/image\\\/\",\"url\":\"https:\\\/\\\/nafentmagazine.com\\\/wp-content\\\/uploads\\\/2021\\\/12\\\/cropped-cropped-logo-full.png\",\"contentUrl\":\"https:\\\/\\\/nafentmagazine.com\\\/wp-content\\\/uploads\\\/2021\\\/12\\\/cropped-cropped-logo-full.png\",\"width\":900,\"height\":327,\"caption\":\"Nafent Magazine\"},\"image\":{\"@id\":\"https:\\\/\\\/nafentmagazine.com\\\/#\\\/schema\\\/logo\\\/image\\\/\"},\"sameAs\":[\"https:\\\/\\\/www.facebook.com\\\/Nafentmagazine\",\"https:\\\/\\\/www.instagram.com\\\/nafentmagazine\\\/\",\"https:\\\/\\\/www.linkedin.com\\\/company\\\/77097325\\\/\"]}]}<\/script>\n<!-- \/ Yoast SEO plugin. -->","yoast_head_json":{"title":"Nafent Magazine vol. 15 (edici\u00f3 digital) | Nafent Magazine","description":"A la 15a edici\u00f3 de Nafent, ens submergim en l\u2019univers del ciclisme a Andorra, un pa\u00eds de parla catalana al cor dels Pirineus. En el volum m\u00e9s extens que hem publicat fins ara, t\u2019expliquem tot el que aquest territori pot oferir als amants de la bicicleta.","robots":{"index":"index","follow":"follow","max-snippet":"max-snippet:-1","max-image-preview":"max-image-preview:large","max-video-preview":"max-video-preview:-1"},"canonical":"https:\/\/nafentmagazine.com\/ca\/product\/nafent-magazine-vol-15-edicio-digital\/","og_locale":"ca_ES","og_type":"article","og_title":"Nafent Magazine vol. 15 (edici\u00f3 digital) | Nafent Magazine","og_description":"A la 15a edici\u00f3 de Nafent, ens submergim en l\u2019univers del ciclisme a Andorra, un pa\u00eds de parla catalana al cor dels Pirineus. En el volum m\u00e9s extens que hem publicat fins ara, t\u2019expliquem tot el que aquest territori pot oferir als amants de la bicicleta.","og_url":"https:\/\/nafentmagazine.com\/ca\/product\/nafent-magazine-vol-15-edicio-digital\/","og_site_name":"Nafent Magazine","article_publisher":"https:\/\/www.facebook.com\/Nafentmagazine","og_image":[{"width":2707,"height":2030,"url":"https:\/\/nafentmagazine.com\/wp-content\/uploads\/2025\/07\/Nafent15-Store-Cover.png","type":"image\/png"}],"twitter_card":"summary_large_image","twitter_misc":{"Temps estimat de lectura":"1 minut"},"schema":{"@context":"https:\/\/schema.org","@graph":[{"@type":"WebPage","@id":"https:\/\/nafentmagazine.com\/ca\/product\/nafent-magazine-vol-15-edicio-digital\/","url":"https:\/\/nafentmagazine.com\/ca\/product\/nafent-magazine-vol-15-edicio-digital\/","name":"Nafent Magazine vol. 15 (edici\u00f3 digital) | Nafent Magazine","isPartOf":{"@id":"https:\/\/nafentmagazine.com\/#website"},"primaryImageOfPage":{"@id":"https:\/\/nafentmagazine.com\/ca\/product\/nafent-magazine-vol-15-edicio-digital\/#primaryimage"},"image":{"@id":"https:\/\/nafentmagazine.com\/ca\/product\/nafent-magazine-vol-15-edicio-digital\/#primaryimage"},"thumbnailUrl":"https:\/\/nafentmagazine.com\/wp-content\/uploads\/2025\/07\/Nafent15-Store-Cover.webp","datePublished":"2025-11-13T10:07:35+00:00","description":"A la 15a edici\u00f3 de Nafent, ens submergim en l\u2019univers del ciclisme a Andorra, un pa\u00eds de parla catalana al cor dels Pirineus. En el volum m\u00e9s extens que hem publicat fins ara, t\u2019expliquem tot el que aquest territori pot oferir als amants de la bicicleta.","breadcrumb":{"@id":"https:\/\/nafentmagazine.com\/ca\/product\/nafent-magazine-vol-15-edicio-digital\/#breadcrumb"},"inLanguage":"ca","potentialAction":[{"@type":"ReadAction","target":["https:\/\/nafentmagazine.com\/ca\/product\/nafent-magazine-vol-15-edicio-digital\/"]}]},{"@type":"ImageObject","inLanguage":"ca","@id":"https:\/\/nafentmagazine.com\/ca\/product\/nafent-magazine-vol-15-edicio-digital\/#primaryimage","url":"https:\/\/nafentmagazine.com\/wp-content\/uploads\/2025\/07\/Nafent15-Store-Cover.webp","contentUrl":"https:\/\/nafentmagazine.com\/wp-content\/uploads\/2025\/07\/Nafent15-Store-Cover.webp","width":1920,"height":1440},{"@type":"BreadcrumbList","@id":"https:\/\/nafentmagazine.com\/ca\/product\/nafent-magazine-vol-15-edicio-digital\/#breadcrumb","itemListElement":[{"@type":"ListItem","position":1,"name":"Home","item":"https:\/\/nafentmagazine.com\/"},{"@type":"ListItem","position":2,"name":"Shop","item":"https:\/\/nafentmagazine.com\/ca\/shop\/"},{"@type":"ListItem","position":3,"name":"Nafent Magazine vol. 15 (edici\u00f3 digital)"}]},{"@type":"WebSite","@id":"https:\/\/nafentmagazine.com\/#website","url":"https:\/\/nafentmagazine.com\/","name":"Nafent Magazine","description":"The Catalan cycling magazine","publisher":{"@id":"https:\/\/nafentmagazine.com\/#organization"},"alternateName":"Revista Nafent","potentialAction":[{"@type":"SearchAction","target":{"@type":"EntryPoint","urlTemplate":"https:\/\/nafentmagazine.com\/?s={search_term_string}"},"query-input":{"@type":"PropertyValueSpecification","valueRequired":true,"valueName":"search_term_string"}}],"inLanguage":"ca"},{"@type":"Organization","@id":"https:\/\/nafentmagazine.com\/#organization","name":"Nafent Magazine","url":"https:\/\/nafentmagazine.com\/","logo":{"@type":"ImageObject","inLanguage":"ca","@id":"https:\/\/nafentmagazine.com\/#\/schema\/logo\/image\/","url":"https:\/\/nafentmagazine.com\/wp-content\/uploads\/2021\/12\/cropped-cropped-logo-full.png","contentUrl":"https:\/\/nafentmagazine.com\/wp-content\/uploads\/2021\/12\/cropped-cropped-logo-full.png","width":900,"height":327,"caption":"Nafent Magazine"},"image":{"@id":"https:\/\/nafentmagazine.com\/#\/schema\/logo\/image\/"},"sameAs":["https:\/\/www.facebook.com\/Nafentmagazine","https:\/\/www.instagram.com\/nafentmagazine\/","https:\/\/www.linkedin.com\/company\/77097325\/"]}]}},"jetpack_sharing_enabled":true,"_links":{"self":[{"href":"https:\/\/nafentmagazine.com\/ca\/wp-json\/wp\/v2\/product\/9875","targetHints":{"allow":["GET"]}}],"collection":[{"href":"https:\/\/nafentmagazine.com\/ca\/wp-json\/wp\/v2\/product"}],"about":[{"href":"https:\/\/nafentmagazine.com\/ca\/wp-json\/wp\/v2\/types\/product"}],"wp:featuredmedia":[{"embeddable":true,"href":"https:\/\/nafentmagazine.com\/ca\/wp-json\/wp\/v2\/media\/9868"}],"wp:attachment":[{"href":"https:\/\/nafentmagazine.com\/ca\/wp-json\/wp\/v2\/media?parent=9875"}],"wp:term":[{"taxonomy":"product_brand","embeddable":true,"href":"https:\/\/nafentmagazine.com\/ca\/wp-json\/wp\/v2\/product_brand?post=9875"},{"taxonomy":"product_cat","embeddable":true,"href":"https:\/\/nafentmagazine.com\/ca\/wp-json\/wp\/v2\/product_cat?post=9875"},{"taxonomy":"product_tag","embeddable":true,"href":"https:\/\/nafentmagazine.com\/ca\/wp-json\/wp\/v2\/product_tag?post=9875"}],"curies":[{"name":"wp","href":"https:\/\/api.w.org\/{rel}","templated":true}]}}