{"id":9733,"date":"2025-06-17T22:09:05","date_gmt":"2025-06-17T20:09:05","guid":{"rendered":"https:\/\/nafentmagazine.com\/product\/guia-ciclista-de-girona-rutes-de-carretera-i-gravel-bicicletes-cafe-i-mes-de-nafent-magazine\/"},"modified":"2026-01-16T17:15:07","modified_gmt":"2026-01-16T16:15:07","slug":"guia-ciclista-de-girona-rutes-de-carretera-i-gravel-bicicletes-cafe-i-mes-de-nafent-magazine","status":"publish","type":"product","link":"https:\/\/nafentmagazine.com\/ca\/product\/guia-ciclista-de-girona-rutes-de-carretera-i-gravel-bicicletes-cafe-i-mes-de-nafent-magazine\/","title":{"rendered":"Guia ciclista de Girona (rutes de carretera i gravel, bicicletes, caf\u00e8 i m\u00e9s) de Nafent Magazine"},"content":{"rendered":"<p data-start=\"206\" data-end=\"587\">Benvingut a la teva Guia Ciclista de Girona gratu\u00efta i completa, el recurs definitiu per descobrir tot el que aquest parad\u00eds ciclista ofereix. Tant si ets ciclista de carretera a la recerca de ports tranquils com si fas gravel i busques camins amagats, aquesta guia descarregable de Nafent Magazine est\u00e0 plena de coneixement local, rutes seleccionades i consells de primera m\u00e0 que no trobar\u00e0s f\u00e0cilment enlloc m\u00e9s.<\/p>\n<p data-start=\"589\" data-end=\"710\">Per celebrar el llan\u00e7ament del segon n\u00famero de la nostra Guia Ciclista de Girona, oferim aquesta edici\u00f3 especial de Girona de manera gratu\u00efta. A l\u2019interior hi trobar\u00e0s:<\/p>\n<ul data-start=\"712\" data-end=\"1158\">\n<li data-start=\"712\" data-end=\"804\">\n<p data-start=\"714\" data-end=\"804\">\u2705 <strong data-start=\"725\" data-end=\"748\">Les millors rutes de ciclisme de carretera<\/strong> a l&#8217;entorn de Girona, des de pujades cl\u00e0ssiques fins a carreteres secund\u00e0ries tranquil\u00b7les, i les millors cafeteries de la zona<\/p>\n<\/li>\n<li data-start=\"805\" data-end=\"875\">\n<p data-start=\"807\" data-end=\"875\">\u2705 <strong data-start=\"813\" data-end=\"829\">Rutes de gravel<\/strong> basades en coneixement local i recorreguts testats amb GPS<\/p>\n<\/li>\n<li data-start=\"876\" data-end=\"945\">\n<p data-start=\"878\" data-end=\"945\">\u2705 Botigues i <strong data-start=\"888\" data-end=\"902\">serveis<\/strong> de <strong data-start=\"907\" data-end=\"926\">lloguer de bicicletes <\/strong>de confian\u00e7a per a tots els pressupostos<\/p>\n<\/li>\n<li data-start=\"946\" data-end=\"1002\">\n<p data-start=\"948\" data-end=\"1002\">\u2705 Les nostres <strong data-start=\"964\" data-end=\"981\">cafeteries ciclistes<\/strong> preferides dins i fora de la ciutat<\/p>\n<\/li>\n<li data-start=\"1003\" data-end=\"1066\">\n<p data-start=\"1005\" data-end=\"1066\">\u2705 Consells locals sobre on menjar, dormir i recuperar-te com un professional<\/p>\n<\/li>\n<li data-start=\"1067\" data-end=\"1158\">\n<p data-start=\"1069\" data-end=\"1158\">\u2705 Propostes per a<strong data-start=\"1087\" data-end=\"1102\"> sortides en grup<\/strong>, <strong data-start=\"1104\" data-end=\"1127\">allotjaments bike-friendly<\/strong> i activitats fora de la bici<\/p>\n<\/li>\n<\/ul>\n<p data-start=\"1160\" data-end=\"1382\">Tant si est\u00e0s planejant el teu primer viatge ciclista a Girona com si ja hi vius i vols descobrir nous racons, aquesta guia reuneix el millor del que hem apr\u00e8s al llarg dels anys pedalant i escrivint a la regi\u00f3.<\/p>\n<p data-start=\"1384\" data-end=\"1551\">\ud83d\udce5 <strong data-start=\"1387\" data-end=\"1455\">Descarrega la guia de manera instant\u00e0nia despr\u00e9s del proc\u00e9s de compra <\/strong>\u2014 sense necessitat de pagament.<\/p>\n","protected":false},"excerpt":{"rendered":"<p data-start=\"206\" data-end=\"587\">Benvingut a la teva Guia Ciclista de Girona gratu\u00efta i completa, el recurs definitiu per descobrir tot el que aquest parad\u00eds ciclista t\u00e9 per oferir. Tant si ets ciclista de carretera a la recerca de ports tranquils com si fas gravel i busques camins amagats, aquesta guia descarregable de Nafent Magazine est\u00e0 plena de coneixement local, rutes seleccionades i consells de primera m\u00e0 que no trobar\u00e0s f\u00e0cilment enlloc m\u00e9s.<\/p>\n<p data-start=\"589\" data-end=\"710\">Per celebrar el llan\u00e7ament del segon n\u00famero de la nostra Guia Ciclista de Girona, oferim aquesta edici\u00f3 especial de Girona de manera gratu\u00efta. A l\u2019interior hi trobar\u00e0s:<\/p>\n<ul data-start=\"712\" data-end=\"1158\">\n<li data-start=\"712\" data-end=\"804\">\n<p data-start=\"714\" data-end=\"804\">\u2705 <strong data-start=\"725\" data-end=\"748\">Les millors rutes de ciclisme de carretera<\/strong> a l&#8217;entorn de Girona, des de pujades cl\u00e0ssiques fins a carreteres secund\u00e0ries tranquil\u00b7les, i les millors cafeteries de la zona<\/p>\n<\/li>\n<li data-start=\"805\" data-end=\"875\">\n<p data-start=\"807\" data-end=\"875\">\u2705 <strong data-start=\"813\" data-end=\"829\">Rutes de gravel<\/strong> basades en coneixement local i recorreguts testats amb GPS<\/p>\n<\/li>\n<li data-start=\"876\" data-end=\"945\">\n<p data-start=\"878\" data-end=\"945\">\u2705 Botigues i <strong data-start=\"888\" data-end=\"902\">serveis<\/strong> de <strong data-start=\"907\" data-end=\"926\">lloguer de bicicletes <\/strong>de confian\u00e7a per a tots els pressupostos<\/p>\n<\/li>\n<li data-start=\"946\" data-end=\"1002\">\n<p data-start=\"948\" data-end=\"1002\">\u2705 Les nostres <strong data-start=\"964\" data-end=\"981\">cafeteries ciclistes<\/strong> preferides dins i fora de la ciutat<\/p>\n<\/li>\n<li data-start=\"1003\" data-end=\"1066\">\n<p data-start=\"1005\" data-end=\"1066\">\u2705 Consells locals sobre on menjar, dormir i recuperar-te com un professional<\/p>\n<\/li>\n<li data-start=\"1067\" data-end=\"1158\">\n<p data-start=\"1069\" data-end=\"1158\">\u2705 Propostes per a<strong data-start=\"1087\" data-end=\"1102\"> sortides en grup<\/strong>, <strong data-start=\"1104\" data-end=\"1127\">allotjaments bike-friendly<\/strong> i activitats fora de la bici<\/p>\n<\/li>\n<\/ul>\n<p data-start=\"1160\" data-end=\"1382\">Tant si est\u00e0s planejant el teu primer viatge ciclista a Girona com si ja hi vius i vols descobrir nous racons, aquesta guia reuneix el millor del que hem apr\u00e8s al llarg dels anys pedalant i escrivint a la regi\u00f3.<\/p>\n<p data-start=\"1384\" data-end=\"1551\">\ud83d\udce5 <strong data-start=\"1387\" data-end=\"1455\">Descarrega la guia de manera instant\u00e0nia despr\u00e9s del proc\u00e9s de compra <\/strong>\u2014 sense necessitat de pagament.<\/p>\n","protected":false},"featured_media":9732,"template":"","meta":{"_ppp_document_settings_meta":"","site-sidebar-layout":"default","site-content-layout":"","ast-site-content-layout":"default","site-content-style":"default","site-sidebar-style":"default","ast-global-header-display":"","ast-banner-title-visibility":"","ast-main-header-display":"","ast-hfb-above-header-display":"","ast-hfb-below-header-display":"","ast-hfb-mobile-header-display":"","site-post-title":"","ast-breadcrumbs-content":"","ast-featured-img":"","footer-sml-layout":"","ast-disable-related-posts":"","theme-transparent-header-meta":"default","adv-header-id-meta":"","stick-header-meta":"","header-above-stick-meta":"","header-main-stick-meta":"","header-below-stick-meta":"","astra-migrate-meta-layouts":"default","ast-page-background-enabled":"default","ast-page-background-meta":{"desktop":{"background-color":"","background-image":"","background-repeat":"repeat","background-position":"center center","background-size":"auto","background-attachment":"scroll","background-type":"","background-media":"","overlay-type":"","overlay-color":"","overlay-opacity":"","overlay-gradient":""},"tablet":{"background-color":"","background-image":"","background-repeat":"repeat","background-position":"center center","background-size":"auto","background-attachment":"scroll","background-type":"","background-media":"","overlay-type":"","overlay-color":"","overlay-opacity":"","overlay-gradient":""},"mobile":{"background-color":"","background-image":"","background-repeat":"repeat","background-position":"center center","background-size":"auto","background-attachment":"scroll","background-type":"","background-media":"","overlay-type":"","overlay-color":"","overlay-opacity":"","overlay-gradient":""}},"ast-content-background-meta":{"desktop":{"background-color":"var(--ast-global-color-5)","background-image":"","background-repeat":"repeat","background-position":"center center","background-size":"auto","background-attachment":"scroll","background-type":"","background-media":"","overlay-type":"","overlay-color":"","overlay-opacity":"","overlay-gradient":""},"tablet":{"background-color":"var(--ast-global-color-5)","background-image":"","background-repeat":"repeat","background-position":"center center","background-size":"auto","background-attachment":"scroll","background-type":"","background-media":"","overlay-type":"","overlay-color":"","overlay-opacity":"","overlay-gradient":""},"mobile":{"background-color":"var(--ast-global-color-5)","background-image":"","background-repeat":"repeat","background-position":"center center","background-size":"auto","background-attachment":"scroll","background-type":"","background-media":"","overlay-type":"","overlay-color":"","overlay-opacity":"","overlay-gradient":""}}},"product_brand":[],"product_cat":[71,274],"product_tag":[],"class_list":{"0":"post-9733","1":"product","2":"type-product","3":"status-publish","4":"has-post-thumbnail","6":"product_cat-revistes-digitals","7":"product_cat-revistes-gratuites","8":"desktop-align-left","9":"tablet-align-left","10":"mobile-align-left","12":"first","13":"instock","14":"downloadable","15":"virtual","16":"taxable","17":"purchasable","18":"product-type-simple"},"yoast_head":"<!-- This site is optimized with the Yoast SEO plugin v27.4 - https:\/\/yoast.com\/product\/yoast-seo-wordpress\/ -->\n<title>Guia ciclista de Girona (rutes de carretera i gravel, bicicletes, caf\u00e8 i m\u00e9s) de Nafent Magazine | Nafent Magazine<\/title>\n<meta name=\"description\" content=\"Descobreix el millor del ciclisme a Girona amb la guia ciclista gratu\u00efta de Nafent. Inclou rutes de carretera i gravel, cafeteries ciclistes, lloguer de bicicletes, consells locals i molt m\u00e9s.\" \/>\n<meta name=\"robots\" content=\"index, follow, max-snippet:-1, max-image-preview:large, max-video-preview:-1\" \/>\n<link rel=\"canonical\" href=\"https:\/\/nafentmagazine.com\/ca\/product\/guia-ciclista-de-girona-rutes-de-carretera-i-gravel-bicicletes-cafe-i-mes-de-nafent-magazine\/\" \/>\n<meta property=\"og:locale\" content=\"ca_ES\" \/>\n<meta property=\"og:type\" content=\"article\" \/>\n<meta property=\"og:title\" content=\"Guia ciclista de Girona (rutes de carretera i gravel, bicicletes, caf\u00e8 i m\u00e9s) de Nafent Magazine | Nafent Magazine\" \/>\n<meta property=\"og:description\" content=\"Descobreix el millor del ciclisme a Girona amb la guia ciclista gratu\u00efta de Nafent. Inclou rutes de carretera i gravel, cafeteries ciclistes, lloguer de bicicletes, consells locals i molt m\u00e9s.\" \/>\n<meta property=\"og:url\" content=\"https:\/\/nafentmagazine.com\/ca\/product\/guia-ciclista-de-girona-rutes-de-carretera-i-gravel-bicicletes-cafe-i-mes-de-nafent-magazine\/\" \/>\n<meta property=\"og:site_name\" content=\"Nafent Magazine\" \/>\n<meta property=\"article:publisher\" content=\"https:\/\/www.facebook.com\/Nafentmagazine\" \/>\n<meta property=\"article:modified_time\" content=\"2026-01-16T16:15:07+00:00\" \/>\n<meta property=\"og:image\" content=\"https:\/\/nafentmagazine.com\/wp-content\/uploads\/2025\/06\/PHOTO-2025-06-17-20-33-35.webp\" \/>\n\t<meta property=\"og:image:width\" content=\"1000\" \/>\n\t<meta property=\"og:image:height\" content=\"1000\" \/>\n\t<meta property=\"og:image:type\" content=\"image\/jpeg\" \/>\n<meta name=\"twitter:card\" content=\"summary_large_image\" \/>\n<meta name=\"twitter:label1\" content=\"Temps estimat de lectura\" \/>\n\t<meta name=\"twitter:data1\" content=\"1 minut\" \/>\n<script type=\"application\/ld+json\" class=\"yoast-schema-graph\">{\"@context\":\"https:\\\/\\\/schema.org\",\"@graph\":[{\"@type\":\"WebPage\",\"@id\":\"https:\\\/\\\/nafentmagazine.com\\\/ca\\\/product\\\/guia-ciclista-de-girona-rutes-de-carretera-i-gravel-bicicletes-cafe-i-mes-de-nafent-magazine\\\/\",\"url\":\"https:\\\/\\\/nafentmagazine.com\\\/ca\\\/product\\\/guia-ciclista-de-girona-rutes-de-carretera-i-gravel-bicicletes-cafe-i-mes-de-nafent-magazine\\\/\",\"name\":\"Guia ciclista de Girona (rutes de carretera i gravel, bicicletes, caf\u00e8 i m\u00e9s) de Nafent Magazine | Nafent Magazine\",\"isPartOf\":{\"@id\":\"https:\\\/\\\/nafentmagazine.com\\\/#website\"},\"primaryImageOfPage\":{\"@id\":\"https:\\\/\\\/nafentmagazine.com\\\/ca\\\/product\\\/guia-ciclista-de-girona-rutes-de-carretera-i-gravel-bicicletes-cafe-i-mes-de-nafent-magazine\\\/#primaryimage\"},\"image\":{\"@id\":\"https:\\\/\\\/nafentmagazine.com\\\/ca\\\/product\\\/guia-ciclista-de-girona-rutes-de-carretera-i-gravel-bicicletes-cafe-i-mes-de-nafent-magazine\\\/#primaryimage\"},\"thumbnailUrl\":\"https:\\\/\\\/nafentmagazine.com\\\/wp-content\\\/uploads\\\/2025\\\/06\\\/PHOTO-2025-06-17-20-33-35.webp\",\"datePublished\":\"2025-06-17T20:09:05+00:00\",\"dateModified\":\"2026-01-16T16:15:07+00:00\",\"description\":\"Descobreix el millor del ciclisme a Girona amb la guia ciclista gratu\u00efta de Nafent. Inclou rutes de carretera i gravel, cafeteries ciclistes, lloguer de bicicletes, consells locals i molt m\u00e9s.\",\"breadcrumb\":{\"@id\":\"https:\\\/\\\/nafentmagazine.com\\\/ca\\\/product\\\/guia-ciclista-de-girona-rutes-de-carretera-i-gravel-bicicletes-cafe-i-mes-de-nafent-magazine\\\/#breadcrumb\"},\"inLanguage\":\"ca\",\"potentialAction\":[{\"@type\":\"ReadAction\",\"target\":[\"https:\\\/\\\/nafentmagazine.com\\\/ca\\\/product\\\/guia-ciclista-de-girona-rutes-de-carretera-i-gravel-bicicletes-cafe-i-mes-de-nafent-magazine\\\/\"]}]},{\"@type\":\"ImageObject\",\"inLanguage\":\"ca\",\"@id\":\"https:\\\/\\\/nafentmagazine.com\\\/ca\\\/product\\\/guia-ciclista-de-girona-rutes-de-carretera-i-gravel-bicicletes-cafe-i-mes-de-nafent-magazine\\\/#primaryimage\",\"url\":\"https:\\\/\\\/nafentmagazine.com\\\/wp-content\\\/uploads\\\/2025\\\/06\\\/PHOTO-2025-06-17-20-33-35.webp\",\"contentUrl\":\"https:\\\/\\\/nafentmagazine.com\\\/wp-content\\\/uploads\\\/2025\\\/06\\\/PHOTO-2025-06-17-20-33-35.webp\",\"width\":1000,\"height\":1000,\"caption\":\"Cycling in Girona - a helpful guide for cyclists\"},{\"@type\":\"BreadcrumbList\",\"@id\":\"https:\\\/\\\/nafentmagazine.com\\\/ca\\\/product\\\/guia-ciclista-de-girona-rutes-de-carretera-i-gravel-bicicletes-cafe-i-mes-de-nafent-magazine\\\/#breadcrumb\",\"itemListElement\":[{\"@type\":\"ListItem\",\"position\":1,\"name\":\"Home\",\"item\":\"https:\\\/\\\/nafentmagazine.com\\\/\"},{\"@type\":\"ListItem\",\"position\":2,\"name\":\"Shop\",\"item\":\"https:\\\/\\\/nafentmagazine.com\\\/ca\\\/shop\\\/\"},{\"@type\":\"ListItem\",\"position\":3,\"name\":\"Guia ciclista de Girona (rutes de carretera i gravel, bicicletes, caf\u00e8 i m\u00e9s) de Nafent Magazine\"}]},{\"@type\":\"WebSite\",\"@id\":\"https:\\\/\\\/nafentmagazine.com\\\/#website\",\"url\":\"https:\\\/\\\/nafentmagazine.com\\\/\",\"name\":\"Nafent Magazine\",\"description\":\"The Catalan cycling magazine\",\"publisher\":{\"@id\":\"https:\\\/\\\/nafentmagazine.com\\\/#organization\"},\"alternateName\":\"Revista Nafent\",\"potentialAction\":[{\"@type\":\"SearchAction\",\"target\":{\"@type\":\"EntryPoint\",\"urlTemplate\":\"https:\\\/\\\/nafentmagazine.com\\\/?s={search_term_string}\"},\"query-input\":{\"@type\":\"PropertyValueSpecification\",\"valueRequired\":true,\"valueName\":\"search_term_string\"}}],\"inLanguage\":\"ca\"},{\"@type\":\"Organization\",\"@id\":\"https:\\\/\\\/nafentmagazine.com\\\/#organization\",\"name\":\"Nafent Magazine\",\"url\":\"https:\\\/\\\/nafentmagazine.com\\\/\",\"logo\":{\"@type\":\"ImageObject\",\"inLanguage\":\"ca\",\"@id\":\"https:\\\/\\\/nafentmagazine.com\\\/#\\\/schema\\\/logo\\\/image\\\/\",\"url\":\"https:\\\/\\\/nafentmagazine.com\\\/wp-content\\\/uploads\\\/2021\\\/12\\\/cropped-cropped-logo-full.png\",\"contentUrl\":\"https:\\\/\\\/nafentmagazine.com\\\/wp-content\\\/uploads\\\/2021\\\/12\\\/cropped-cropped-logo-full.png\",\"width\":900,\"height\":327,\"caption\":\"Nafent Magazine\"},\"image\":{\"@id\":\"https:\\\/\\\/nafentmagazine.com\\\/#\\\/schema\\\/logo\\\/image\\\/\"},\"sameAs\":[\"https:\\\/\\\/www.facebook.com\\\/Nafentmagazine\",\"https:\\\/\\\/www.instagram.com\\\/nafentmagazine\\\/\",\"https:\\\/\\\/www.linkedin.com\\\/company\\\/77097325\\\/\"]}]}<\/script>\n<!-- \/ Yoast SEO plugin. -->","yoast_head_json":{"title":"Guia ciclista de Girona (rutes de carretera i gravel, bicicletes, caf\u00e8 i m\u00e9s) de Nafent Magazine | Nafent Magazine","description":"Descobreix el millor del ciclisme a Girona amb la guia ciclista gratu\u00efta de Nafent. Inclou rutes de carretera i gravel, cafeteries ciclistes, lloguer de bicicletes, consells locals i molt m\u00e9s.","robots":{"index":"index","follow":"follow","max-snippet":"max-snippet:-1","max-image-preview":"max-image-preview:large","max-video-preview":"max-video-preview:-1"},"canonical":"https:\/\/nafentmagazine.com\/ca\/product\/guia-ciclista-de-girona-rutes-de-carretera-i-gravel-bicicletes-cafe-i-mes-de-nafent-magazine\/","og_locale":"ca_ES","og_type":"article","og_title":"Guia ciclista de Girona (rutes de carretera i gravel, bicicletes, caf\u00e8 i m\u00e9s) de Nafent Magazine | Nafent Magazine","og_description":"Descobreix el millor del ciclisme a Girona amb la guia ciclista gratu\u00efta de Nafent. Inclou rutes de carretera i gravel, cafeteries ciclistes, lloguer de bicicletes, consells locals i molt m\u00e9s.","og_url":"https:\/\/nafentmagazine.com\/ca\/product\/guia-ciclista-de-girona-rutes-de-carretera-i-gravel-bicicletes-cafe-i-mes-de-nafent-magazine\/","og_site_name":"Nafent Magazine","article_publisher":"https:\/\/www.facebook.com\/Nafentmagazine","article_modified_time":"2026-01-16T16:15:07+00:00","og_image":[{"width":1000,"height":1000,"url":"https:\/\/nafentmagazine.com\/wp-content\/uploads\/2025\/06\/PHOTO-2025-06-17-20-33-35.webp","type":"image\/jpeg"}],"twitter_card":"summary_large_image","twitter_misc":{"Temps estimat de lectura":"1 minut"},"schema":{"@context":"https:\/\/schema.org","@graph":[{"@type":"WebPage","@id":"https:\/\/nafentmagazine.com\/ca\/product\/guia-ciclista-de-girona-rutes-de-carretera-i-gravel-bicicletes-cafe-i-mes-de-nafent-magazine\/","url":"https:\/\/nafentmagazine.com\/ca\/product\/guia-ciclista-de-girona-rutes-de-carretera-i-gravel-bicicletes-cafe-i-mes-de-nafent-magazine\/","name":"Guia ciclista de Girona (rutes de carretera i gravel, bicicletes, caf\u00e8 i m\u00e9s) de Nafent Magazine | Nafent Magazine","isPartOf":{"@id":"https:\/\/nafentmagazine.com\/#website"},"primaryImageOfPage":{"@id":"https:\/\/nafentmagazine.com\/ca\/product\/guia-ciclista-de-girona-rutes-de-carretera-i-gravel-bicicletes-cafe-i-mes-de-nafent-magazine\/#primaryimage"},"image":{"@id":"https:\/\/nafentmagazine.com\/ca\/product\/guia-ciclista-de-girona-rutes-de-carretera-i-gravel-bicicletes-cafe-i-mes-de-nafent-magazine\/#primaryimage"},"thumbnailUrl":"https:\/\/nafentmagazine.com\/wp-content\/uploads\/2025\/06\/PHOTO-2025-06-17-20-33-35.webp","datePublished":"2025-06-17T20:09:05+00:00","dateModified":"2026-01-16T16:15:07+00:00","description":"Descobreix el millor del ciclisme a Girona amb la guia ciclista gratu\u00efta de Nafent. Inclou rutes de carretera i gravel, cafeteries ciclistes, lloguer de bicicletes, consells locals i molt m\u00e9s.","breadcrumb":{"@id":"https:\/\/nafentmagazine.com\/ca\/product\/guia-ciclista-de-girona-rutes-de-carretera-i-gravel-bicicletes-cafe-i-mes-de-nafent-magazine\/#breadcrumb"},"inLanguage":"ca","potentialAction":[{"@type":"ReadAction","target":["https:\/\/nafentmagazine.com\/ca\/product\/guia-ciclista-de-girona-rutes-de-carretera-i-gravel-bicicletes-cafe-i-mes-de-nafent-magazine\/"]}]},{"@type":"ImageObject","inLanguage":"ca","@id":"https:\/\/nafentmagazine.com\/ca\/product\/guia-ciclista-de-girona-rutes-de-carretera-i-gravel-bicicletes-cafe-i-mes-de-nafent-magazine\/#primaryimage","url":"https:\/\/nafentmagazine.com\/wp-content\/uploads\/2025\/06\/PHOTO-2025-06-17-20-33-35.webp","contentUrl":"https:\/\/nafentmagazine.com\/wp-content\/uploads\/2025\/06\/PHOTO-2025-06-17-20-33-35.webp","width":1000,"height":1000,"caption":"Cycling in Girona - a helpful guide for cyclists"},{"@type":"BreadcrumbList","@id":"https:\/\/nafentmagazine.com\/ca\/product\/guia-ciclista-de-girona-rutes-de-carretera-i-gravel-bicicletes-cafe-i-mes-de-nafent-magazine\/#breadcrumb","itemListElement":[{"@type":"ListItem","position":1,"name":"Home","item":"https:\/\/nafentmagazine.com\/"},{"@type":"ListItem","position":2,"name":"Shop","item":"https:\/\/nafentmagazine.com\/ca\/shop\/"},{"@type":"ListItem","position":3,"name":"Guia ciclista de Girona (rutes de carretera i gravel, bicicletes, caf\u00e8 i m\u00e9s) de Nafent Magazine"}]},{"@type":"WebSite","@id":"https:\/\/nafentmagazine.com\/#website","url":"https:\/\/nafentmagazine.com\/","name":"Nafent Magazine","description":"The Catalan cycling magazine","publisher":{"@id":"https:\/\/nafentmagazine.com\/#organization"},"alternateName":"Revista Nafent","potentialAction":[{"@type":"SearchAction","target":{"@type":"EntryPoint","urlTemplate":"https:\/\/nafentmagazine.com\/?s={search_term_string}"},"query-input":{"@type":"PropertyValueSpecification","valueRequired":true,"valueName":"search_term_string"}}],"inLanguage":"ca"},{"@type":"Organization","@id":"https:\/\/nafentmagazine.com\/#organization","name":"Nafent Magazine","url":"https:\/\/nafentmagazine.com\/","logo":{"@type":"ImageObject","inLanguage":"ca","@id":"https:\/\/nafentmagazine.com\/#\/schema\/logo\/image\/","url":"https:\/\/nafentmagazine.com\/wp-content\/uploads\/2021\/12\/cropped-cropped-logo-full.png","contentUrl":"https:\/\/nafentmagazine.com\/wp-content\/uploads\/2021\/12\/cropped-cropped-logo-full.png","width":900,"height":327,"caption":"Nafent Magazine"},"image":{"@id":"https:\/\/nafentmagazine.com\/#\/schema\/logo\/image\/"},"sameAs":["https:\/\/www.facebook.com\/Nafentmagazine","https:\/\/www.instagram.com\/nafentmagazine\/","https:\/\/www.linkedin.com\/company\/77097325\/"]}]}},"jetpack_sharing_enabled":true,"_links":{"self":[{"href":"https:\/\/nafentmagazine.com\/ca\/wp-json\/wp\/v2\/product\/9733","targetHints":{"allow":["GET"]}}],"collection":[{"href":"https:\/\/nafentmagazine.com\/ca\/wp-json\/wp\/v2\/product"}],"about":[{"href":"https:\/\/nafentmagazine.com\/ca\/wp-json\/wp\/v2\/types\/product"}],"wp:featuredmedia":[{"embeddable":true,"href":"https:\/\/nafentmagazine.com\/ca\/wp-json\/wp\/v2\/media\/9732"}],"wp:attachment":[{"href":"https:\/\/nafentmagazine.com\/ca\/wp-json\/wp\/v2\/media?parent=9733"}],"wp:term":[{"taxonomy":"product_brand","embeddable":true,"href":"https:\/\/nafentmagazine.com\/ca\/wp-json\/wp\/v2\/product_brand?post=9733"},{"taxonomy":"product_cat","embeddable":true,"href":"https:\/\/nafentmagazine.com\/ca\/wp-json\/wp\/v2\/product_cat?post=9733"},{"taxonomy":"product_tag","embeddable":true,"href":"https:\/\/nafentmagazine.com\/ca\/wp-json\/wp\/v2\/product_tag?post=9733"}],"curies":[{"name":"wp","href":"https:\/\/api.w.org\/{rel}","templated":true}]}}