{"id":9596,"date":"2025-02-05T15:38:04","date_gmt":"2025-02-05T14:38:04","guid":{"rendered":"https:\/\/nafentmagazine.com\/product\/nafent-magazine-vol-13-digital-edition\/"},"modified":"2025-05-08T17:40:54","modified_gmt":"2025-05-08T15:40:54","slug":"nafent-magazine-vol-13-digital-edition","status":"publish","type":"product","link":"https:\/\/nafentmagazine.com\/ca\/product\/nafent-magazine-vol-13-digital-edition\/","title":{"rendered":"Nafent Magazine vol. 13 (digital edition)"},"content":{"rendered":"<p>Volum 13 de la revista Nafent \u00e9s una edici\u00f3 plena d\u2019entrevistes. Parlem amb algunes de les figures m\u00e9s destacades de l\u2019escena ciclista catalana, aix\u00ed que podem dir amb seguretat que aquesta edici\u00f3 \u00e9s un \u201cespecial entrevistes\u201d. <\/p>\n<p><span style=\"font-size: 16px;\">P<\/span><em>odr\u00e0s descarregar la revista immediatament despr\u00e9s de realitzar la comanda.<\/em><\/p>\n","protected":false},"excerpt":{"rendered":"<p>Volum 13 de la revista Nafent \u00e9s una edici\u00f3 plena d\u2019entrevistes. Parlem amb algunes de les figures m\u00e9s destacades de l\u2019escena ciclista catalana, aix\u00ed que podem dir amb seguretat que aquesta edici\u00f3 \u00e9s un \u201cespecial entrevistes\u201d. <\/p>\n<p><span style=\"font-size: 16px;\">P<\/span><em>odr\u00e0s descarregar la revista immediatament despr\u00e9s de realitzar la comanda.<\/em><\/p>\n","protected":false},"featured_media":9213,"template":"","meta":{"_ppp_document_settings_meta":"","site-sidebar-layout":"default","site-content-layout":"","ast-site-content-layout":"default","site-content-style":"default","site-sidebar-style":"default","ast-global-header-display":"","ast-banner-title-visibility":"","ast-main-header-display":"","ast-hfb-above-header-display":"","ast-hfb-below-header-display":"","ast-hfb-mobile-header-display":"","site-post-title":"","ast-breadcrumbs-content":"","ast-featured-img":"","footer-sml-layout":"","ast-disable-related-posts":"","theme-transparent-header-meta":"default","adv-header-id-meta":"","stick-header-meta":"","header-above-stick-meta":"","header-main-stick-meta":"","header-below-stick-meta":"","astra-migrate-meta-layouts":"default","ast-page-background-enabled":"default","ast-page-background-meta":{"desktop":{"background-color":"","background-image":"","background-repeat":"repeat","background-position":"center center","background-size":"auto","background-attachment":"scroll","background-type":"","background-media":"","overlay-type":"","overlay-color":"","overlay-opacity":"","overlay-gradient":""},"tablet":{"background-color":"","background-image":"","background-repeat":"repeat","background-position":"center center","background-size":"auto","background-attachment":"scroll","background-type":"","background-media":"","overlay-type":"","overlay-color":"","overlay-opacity":"","overlay-gradient":""},"mobile":{"background-color":"","background-image":"","background-repeat":"repeat","background-position":"center center","background-size":"auto","background-attachment":"scroll","background-type":"","background-media":"","overlay-type":"","overlay-color":"","overlay-opacity":"","overlay-gradient":""}},"ast-content-background-meta":{"desktop":{"background-color":"var(--ast-global-color-5)","background-image":"","background-repeat":"repeat","background-position":"center center","background-size":"auto","background-attachment":"scroll","background-type":"","background-media":"","overlay-type":"","overlay-color":"","overlay-opacity":"","overlay-gradient":""},"tablet":{"background-color":"var(--ast-global-color-5)","background-image":"","background-repeat":"repeat","background-position":"center center","background-size":"auto","background-attachment":"scroll","background-type":"","background-media":"","overlay-type":"","overlay-color":"","overlay-opacity":"","overlay-gradient":""},"mobile":{"background-color":"var(--ast-global-color-5)","background-image":"","background-repeat":"repeat","background-position":"center center","background-size":"auto","background-attachment":"scroll","background-type":"","background-media":"","overlay-type":"","overlay-color":"","overlay-opacity":"","overlay-gradient":""}}},"product_brand":[],"product_cat":[71],"product_tag":[],"class_list":{"0":"post-9596","1":"product","2":"type-product","3":"status-publish","4":"has-post-thumbnail","6":"product_cat-revistes-digitals","7":"desktop-align-left","8":"tablet-align-left","9":"mobile-align-left","11":"first","12":"instock","13":"downloadable","14":"virtual","15":"taxable","16":"purchasable","17":"product-type-simple"},"yoast_head":"<!-- This site is optimized with the Yoast SEO plugin v27.3 - https:\/\/yoast.com\/product\/yoast-seo-wordpress\/ -->\n<title>Nafent Magazine vol. 13 (digital edition) | Nafent Magazine<\/title>\n<meta name=\"description\" content=\"Volum 13 de la revista Nafent \u00e9s una edici\u00f3 plena d\u2019entrevistes. Parlem amb algunes de les figures m\u00e9s destacades de l\u2019escena ciclista catalana, aix\u00ed que podem dir amb seguretat que aquesta edici\u00f3 \u00e9s un \u201cespecial entrevistes\u201d.\" \/>\n<meta name=\"robots\" content=\"index, follow, max-snippet:-1, max-image-preview:large, max-video-preview:-1\" \/>\n<link rel=\"canonical\" href=\"https:\/\/nafentmagazine.com\/ca\/product\/nafent-magazine-vol-13-digital-edition\/\" \/>\n<meta property=\"og:locale\" content=\"ca_ES\" \/>\n<meta property=\"og:type\" content=\"article\" \/>\n<meta property=\"og:title\" content=\"Nafent Magazine vol. 13 (digital edition) | Nafent Magazine\" \/>\n<meta property=\"og:description\" content=\"Volum 13 de la revista Nafent \u00e9s una edici\u00f3 plena d\u2019entrevistes. Parlem amb algunes de les figures m\u00e9s destacades de l\u2019escena ciclista catalana, aix\u00ed que podem dir amb seguretat que aquesta edici\u00f3 \u00e9s un \u201cespecial entrevistes\u201d.\" \/>\n<meta property=\"og:url\" content=\"https:\/\/nafentmagazine.com\/ca\/product\/nafent-magazine-vol-13-digital-edition\/\" \/>\n<meta property=\"og:site_name\" content=\"Nafent Magazine\" \/>\n<meta property=\"article:publisher\" content=\"https:\/\/www.facebook.com\/Nafentmagazine\" \/>\n<meta property=\"article:modified_time\" content=\"2025-05-08T15:40:54+00:00\" \/>\n<meta property=\"og:image\" content=\"https:\/\/nafentmagazine.com\/wp-content\/uploads\/2025\/02\/Nafent13_MockupCoverWBackground-min-1024x768.png\" \/>\n\t<meta property=\"og:image:width\" content=\"1024\" \/>\n\t<meta property=\"og:image:height\" content=\"768\" \/>\n\t<meta property=\"og:image:type\" content=\"image\/png\" \/>\n<meta name=\"twitter:card\" content=\"summary_large_image\" \/>\n<script type=\"application\/ld+json\" class=\"yoast-schema-graph\">{\"@context\":\"https:\\\/\\\/schema.org\",\"@graph\":[{\"@type\":\"WebPage\",\"@id\":\"https:\\\/\\\/nafentmagazine.com\\\/ca\\\/product\\\/nafent-magazine-vol-13-digital-edition\\\/\",\"url\":\"https:\\\/\\\/nafentmagazine.com\\\/ca\\\/product\\\/nafent-magazine-vol-13-digital-edition\\\/\",\"name\":\"Nafent Magazine vol. 13 (digital edition) | Nafent Magazine\",\"isPartOf\":{\"@id\":\"https:\\\/\\\/nafentmagazine.com\\\/#website\"},\"primaryImageOfPage\":{\"@id\":\"https:\\\/\\\/nafentmagazine.com\\\/ca\\\/product\\\/nafent-magazine-vol-13-digital-edition\\\/#primaryimage\"},\"image\":{\"@id\":\"https:\\\/\\\/nafentmagazine.com\\\/ca\\\/product\\\/nafent-magazine-vol-13-digital-edition\\\/#primaryimage\"},\"thumbnailUrl\":\"https:\\\/\\\/nafentmagazine.com\\\/wp-content\\\/uploads\\\/2025\\\/02\\\/Nafent13_MockupCoverWBackground-min-scaled.png\",\"datePublished\":\"2025-02-05T14:38:04+00:00\",\"dateModified\":\"2025-05-08T15:40:54+00:00\",\"description\":\"Volum 13 de la revista Nafent \u00e9s una edici\u00f3 plena d\u2019entrevistes. Parlem amb algunes de les figures m\u00e9s destacades de l\u2019escena ciclista catalana, aix\u00ed que podem dir amb seguretat que aquesta edici\u00f3 \u00e9s un \u201cespecial entrevistes\u201d.\",\"breadcrumb\":{\"@id\":\"https:\\\/\\\/nafentmagazine.com\\\/ca\\\/product\\\/nafent-magazine-vol-13-digital-edition\\\/#breadcrumb\"},\"inLanguage\":\"ca\",\"potentialAction\":[{\"@type\":\"ReadAction\",\"target\":[\"https:\\\/\\\/nafentmagazine.com\\\/ca\\\/product\\\/nafent-magazine-vol-13-digital-edition\\\/\"]}]},{\"@type\":\"ImageObject\",\"inLanguage\":\"ca\",\"@id\":\"https:\\\/\\\/nafentmagazine.com\\\/ca\\\/product\\\/nafent-magazine-vol-13-digital-edition\\\/#primaryimage\",\"url\":\"https:\\\/\\\/nafentmagazine.com\\\/wp-content\\\/uploads\\\/2025\\\/02\\\/Nafent13_MockupCoverWBackground-min-scaled.png\",\"contentUrl\":\"https:\\\/\\\/nafentmagazine.com\\\/wp-content\\\/uploads\\\/2025\\\/02\\\/Nafent13_MockupCoverWBackground-min-scaled.png\",\"width\":2560,\"height\":1920,\"caption\":\"Nafent Magazine volum 13\"},{\"@type\":\"BreadcrumbList\",\"@id\":\"https:\\\/\\\/nafentmagazine.com\\\/ca\\\/product\\\/nafent-magazine-vol-13-digital-edition\\\/#breadcrumb\",\"itemListElement\":[{\"@type\":\"ListItem\",\"position\":1,\"name\":\"Home\",\"item\":\"https:\\\/\\\/nafentmagazine.com\\\/\"},{\"@type\":\"ListItem\",\"position\":2,\"name\":\"Shop\",\"item\":\"https:\\\/\\\/nafentmagazine.com\\\/ca\\\/shop\\\/\"},{\"@type\":\"ListItem\",\"position\":3,\"name\":\"Nafent Magazine vol. 13 (digital edition)\"}]},{\"@type\":\"WebSite\",\"@id\":\"https:\\\/\\\/nafentmagazine.com\\\/#website\",\"url\":\"https:\\\/\\\/nafentmagazine.com\\\/\",\"name\":\"Nafent Magazine\",\"description\":\"The Catalan cycling magazine\",\"publisher\":{\"@id\":\"https:\\\/\\\/nafentmagazine.com\\\/#organization\"},\"alternateName\":\"Revista Nafent\",\"potentialAction\":[{\"@type\":\"SearchAction\",\"target\":{\"@type\":\"EntryPoint\",\"urlTemplate\":\"https:\\\/\\\/nafentmagazine.com\\\/?s={search_term_string}\"},\"query-input\":{\"@type\":\"PropertyValueSpecification\",\"valueRequired\":true,\"valueName\":\"search_term_string\"}}],\"inLanguage\":\"ca\"},{\"@type\":\"Organization\",\"@id\":\"https:\\\/\\\/nafentmagazine.com\\\/#organization\",\"name\":\"Nafent Magazine\",\"url\":\"https:\\\/\\\/nafentmagazine.com\\\/\",\"logo\":{\"@type\":\"ImageObject\",\"inLanguage\":\"ca\",\"@id\":\"https:\\\/\\\/nafentmagazine.com\\\/#\\\/schema\\\/logo\\\/image\\\/\",\"url\":\"https:\\\/\\\/nafentmagazine.com\\\/wp-content\\\/uploads\\\/2021\\\/12\\\/cropped-cropped-logo-full.png\",\"contentUrl\":\"https:\\\/\\\/nafentmagazine.com\\\/wp-content\\\/uploads\\\/2021\\\/12\\\/cropped-cropped-logo-full.png\",\"width\":900,\"height\":327,\"caption\":\"Nafent Magazine\"},\"image\":{\"@id\":\"https:\\\/\\\/nafentmagazine.com\\\/#\\\/schema\\\/logo\\\/image\\\/\"},\"sameAs\":[\"https:\\\/\\\/www.facebook.com\\\/Nafentmagazine\",\"https:\\\/\\\/www.instagram.com\\\/nafentmagazine\\\/\",\"https:\\\/\\\/www.linkedin.com\\\/company\\\/77097325\\\/\"]}]}<\/script>\n<!-- \/ Yoast SEO plugin. -->","yoast_head_json":{"title":"Nafent Magazine vol. 13 (digital edition) | Nafent Magazine","description":"Volum 13 de la revista Nafent \u00e9s una edici\u00f3 plena d\u2019entrevistes. Parlem amb algunes de les figures m\u00e9s destacades de l\u2019escena ciclista catalana, aix\u00ed que podem dir amb seguretat que aquesta edici\u00f3 \u00e9s un \u201cespecial entrevistes\u201d.","robots":{"index":"index","follow":"follow","max-snippet":"max-snippet:-1","max-image-preview":"max-image-preview:large","max-video-preview":"max-video-preview:-1"},"canonical":"https:\/\/nafentmagazine.com\/ca\/product\/nafent-magazine-vol-13-digital-edition\/","og_locale":"ca_ES","og_type":"article","og_title":"Nafent Magazine vol. 13 (digital edition) | Nafent Magazine","og_description":"Volum 13 de la revista Nafent \u00e9s una edici\u00f3 plena d\u2019entrevistes. Parlem amb algunes de les figures m\u00e9s destacades de l\u2019escena ciclista catalana, aix\u00ed que podem dir amb seguretat que aquesta edici\u00f3 \u00e9s un \u201cespecial entrevistes\u201d.","og_url":"https:\/\/nafentmagazine.com\/ca\/product\/nafent-magazine-vol-13-digital-edition\/","og_site_name":"Nafent Magazine","article_publisher":"https:\/\/www.facebook.com\/Nafentmagazine","article_modified_time":"2025-05-08T15:40:54+00:00","og_image":[{"width":1024,"height":768,"url":"https:\/\/nafentmagazine.com\/wp-content\/uploads\/2025\/02\/Nafent13_MockupCoverWBackground-min-1024x768.png","type":"image\/png"}],"twitter_card":"summary_large_image","schema":{"@context":"https:\/\/schema.org","@graph":[{"@type":"WebPage","@id":"https:\/\/nafentmagazine.com\/ca\/product\/nafent-magazine-vol-13-digital-edition\/","url":"https:\/\/nafentmagazine.com\/ca\/product\/nafent-magazine-vol-13-digital-edition\/","name":"Nafent Magazine vol. 13 (digital edition) | Nafent Magazine","isPartOf":{"@id":"https:\/\/nafentmagazine.com\/#website"},"primaryImageOfPage":{"@id":"https:\/\/nafentmagazine.com\/ca\/product\/nafent-magazine-vol-13-digital-edition\/#primaryimage"},"image":{"@id":"https:\/\/nafentmagazine.com\/ca\/product\/nafent-magazine-vol-13-digital-edition\/#primaryimage"},"thumbnailUrl":"https:\/\/nafentmagazine.com\/wp-content\/uploads\/2025\/02\/Nafent13_MockupCoverWBackground-min-scaled.png","datePublished":"2025-02-05T14:38:04+00:00","dateModified":"2025-05-08T15:40:54+00:00","description":"Volum 13 de la revista Nafent \u00e9s una edici\u00f3 plena d\u2019entrevistes. Parlem amb algunes de les figures m\u00e9s destacades de l\u2019escena ciclista catalana, aix\u00ed que podem dir amb seguretat que aquesta edici\u00f3 \u00e9s un \u201cespecial entrevistes\u201d.","breadcrumb":{"@id":"https:\/\/nafentmagazine.com\/ca\/product\/nafent-magazine-vol-13-digital-edition\/#breadcrumb"},"inLanguage":"ca","potentialAction":[{"@type":"ReadAction","target":["https:\/\/nafentmagazine.com\/ca\/product\/nafent-magazine-vol-13-digital-edition\/"]}]},{"@type":"ImageObject","inLanguage":"ca","@id":"https:\/\/nafentmagazine.com\/ca\/product\/nafent-magazine-vol-13-digital-edition\/#primaryimage","url":"https:\/\/nafentmagazine.com\/wp-content\/uploads\/2025\/02\/Nafent13_MockupCoverWBackground-min-scaled.png","contentUrl":"https:\/\/nafentmagazine.com\/wp-content\/uploads\/2025\/02\/Nafent13_MockupCoverWBackground-min-scaled.png","width":2560,"height":1920,"caption":"Nafent Magazine volum 13"},{"@type":"BreadcrumbList","@id":"https:\/\/nafentmagazine.com\/ca\/product\/nafent-magazine-vol-13-digital-edition\/#breadcrumb","itemListElement":[{"@type":"ListItem","position":1,"name":"Home","item":"https:\/\/nafentmagazine.com\/"},{"@type":"ListItem","position":2,"name":"Shop","item":"https:\/\/nafentmagazine.com\/ca\/shop\/"},{"@type":"ListItem","position":3,"name":"Nafent Magazine vol. 13 (digital edition)"}]},{"@type":"WebSite","@id":"https:\/\/nafentmagazine.com\/#website","url":"https:\/\/nafentmagazine.com\/","name":"Nafent Magazine","description":"The Catalan cycling magazine","publisher":{"@id":"https:\/\/nafentmagazine.com\/#organization"},"alternateName":"Revista Nafent","potentialAction":[{"@type":"SearchAction","target":{"@type":"EntryPoint","urlTemplate":"https:\/\/nafentmagazine.com\/?s={search_term_string}"},"query-input":{"@type":"PropertyValueSpecification","valueRequired":true,"valueName":"search_term_string"}}],"inLanguage":"ca"},{"@type":"Organization","@id":"https:\/\/nafentmagazine.com\/#organization","name":"Nafent Magazine","url":"https:\/\/nafentmagazine.com\/","logo":{"@type":"ImageObject","inLanguage":"ca","@id":"https:\/\/nafentmagazine.com\/#\/schema\/logo\/image\/","url":"https:\/\/nafentmagazine.com\/wp-content\/uploads\/2021\/12\/cropped-cropped-logo-full.png","contentUrl":"https:\/\/nafentmagazine.com\/wp-content\/uploads\/2021\/12\/cropped-cropped-logo-full.png","width":900,"height":327,"caption":"Nafent Magazine"},"image":{"@id":"https:\/\/nafentmagazine.com\/#\/schema\/logo\/image\/"},"sameAs":["https:\/\/www.facebook.com\/Nafentmagazine","https:\/\/www.instagram.com\/nafentmagazine\/","https:\/\/www.linkedin.com\/company\/77097325\/"]}]}},"jetpack_sharing_enabled":true,"_links":{"self":[{"href":"https:\/\/nafentmagazine.com\/ca\/wp-json\/wp\/v2\/product\/9596","targetHints":{"allow":["GET"]}}],"collection":[{"href":"https:\/\/nafentmagazine.com\/ca\/wp-json\/wp\/v2\/product"}],"about":[{"href":"https:\/\/nafentmagazine.com\/ca\/wp-json\/wp\/v2\/types\/product"}],"wp:featuredmedia":[{"embeddable":true,"href":"https:\/\/nafentmagazine.com\/ca\/wp-json\/wp\/v2\/media\/9213"}],"wp:attachment":[{"href":"https:\/\/nafentmagazine.com\/ca\/wp-json\/wp\/v2\/media?parent=9596"}],"wp:term":[{"taxonomy":"product_brand","embeddable":true,"href":"https:\/\/nafentmagazine.com\/ca\/wp-json\/wp\/v2\/product_brand?post=9596"},{"taxonomy":"product_cat","embeddable":true,"href":"https:\/\/nafentmagazine.com\/ca\/wp-json\/wp\/v2\/product_cat?post=9596"},{"taxonomy":"product_tag","embeddable":true,"href":"https:\/\/nafentmagazine.com\/ca\/wp-json\/wp\/v2\/product_tag?post=9596"}],"curies":[{"name":"wp","href":"https:\/\/api.w.org\/{rel}","templated":true}]}}