{"id":8970,"date":"2026-01-01T09:20:40","date_gmt":"2026-01-01T08:20:40","guid":{"rendered":"https:\/\/nafentmagazine.com\/product\/subscropcio-nafent-magazine-2025-edicio-impresa\/"},"modified":"2026-01-16T14:54:14","modified_gmt":"2026-01-16T13:54:14","slug":"subscropcio-nafent-magazine-2025-edicio-impresa","status":"publish","type":"product","link":"https:\/\/nafentmagazine.com\/ca\/product\/subscropcio-nafent-magazine-2025-edicio-impresa\/","title":{"rendered":"Subscripci\u00f3 Nafent Magazine 2025"},"content":{"rendered":"<p>Aconsegueix cada una de les edicions de la Nafent Magazine del 2025. Aquesta subscripci\u00f3 inclou les quatre edicions, us les enviarem per correu abans que ning\u00fa. La subscripci\u00f3 acaba autom\u00e0ticament a finals d&#8217;any. Les teves revistes s&#8217;enviaran en un termini de dos dies h\u00e0bils.<\/p>\n<p><strong>Dades de publicaci\u00f3 2025:<\/strong><\/p>\n<ul>\n<li>Revista Nafent volum 13: Primera setmana de febrer<\/li>\n<li>Revista Nafent volum 14: Primera setmana de maig<\/li>\n<li>Revista Nafent volum 15: Primera setmana d&#8217;agost<\/li>\n<li>Revista Nafent volum 16: Primera setmana de novembre<\/li>\n<\/ul>\n","protected":false},"excerpt":{"rendered":"<p>Aconsegueix cada una de les edicions de la Nafent Magazine del 2025. Aquesta subscripci\u00f3 inclou les quatre edicions, us les enviarem per correu abans que ning\u00fa. La subscripci\u00f3 acaba autom\u00e0ticament a finals d&#8217;any. Les teves revistes s&#8217;enviaran en un termini de dos dies h\u00e0bils.<\/p>\n<p><strong>Dades de publicaci\u00f3 2025:<\/strong><\/p>\n<ul>\n<li>Revista Nafent volum 13: Primera setmana de febrer<\/li>\n<li>Revista Nafent volum 14: Primera setmana de maig<\/li>\n<li>Revista Nafent volum 15: Primera setmana d&#8217;agost<\/li>\n<li>Revista Nafent volum 16: Primera setmana de novembre<\/li>\n<\/ul>\n","protected":false},"featured_media":9222,"template":"","meta":{"_ppp_document_settings_meta":"","site-sidebar-layout":"default","site-content-layout":"","ast-site-content-layout":"default","site-content-style":"default","site-sidebar-style":"default","ast-global-header-display":"","ast-banner-title-visibility":"","ast-main-header-display":"","ast-hfb-above-header-display":"","ast-hfb-below-header-display":"","ast-hfb-mobile-header-display":"","site-post-title":"","ast-breadcrumbs-content":"","ast-featured-img":"","footer-sml-layout":"","ast-disable-related-posts":"","theme-transparent-header-meta":"default","adv-header-id-meta":"","stick-header-meta":"","header-above-stick-meta":"","header-main-stick-meta":"","header-below-stick-meta":"","astra-migrate-meta-layouts":"default","ast-page-background-enabled":"default","ast-page-background-meta":{"desktop":{"background-color":"","background-image":"","background-repeat":"repeat","background-position":"center center","background-size":"auto","background-attachment":"scroll","background-type":"","background-media":"","overlay-type":"","overlay-color":"","overlay-opacity":"","overlay-gradient":""},"tablet":{"background-color":"","background-image":"","background-repeat":"repeat","background-position":"center center","background-size":"auto","background-attachment":"scroll","background-type":"","background-media":"","overlay-type":"","overlay-color":"","overlay-opacity":"","overlay-gradient":""},"mobile":{"background-color":"","background-image":"","background-repeat":"repeat","background-position":"center center","background-size":"auto","background-attachment":"scroll","background-type":"","background-media":"","overlay-type":"","overlay-color":"","overlay-opacity":"","overlay-gradient":""}},"ast-content-background-meta":{"desktop":{"background-color":"var(--ast-global-color-5)","background-image":"","background-repeat":"repeat","background-position":"center center","background-size":"auto","background-attachment":"scroll","background-type":"","background-media":"","overlay-type":"","overlay-color":"","overlay-opacity":"","overlay-gradient":""},"tablet":{"background-color":"var(--ast-global-color-5)","background-image":"","background-repeat":"repeat","background-position":"center center","background-size":"auto","background-attachment":"scroll","background-type":"","background-media":"","overlay-type":"","overlay-color":"","overlay-opacity":"","overlay-gradient":""},"mobile":{"background-color":"var(--ast-global-color-5)","background-image":"","background-repeat":"repeat","background-position":"center center","background-size":"auto","background-attachment":"scroll","background-type":"","background-media":"","overlay-type":"","overlay-color":"","overlay-opacity":"","overlay-gradient":""}}},"product_brand":[],"product_cat":[71,72,360],"product_tag":[82],"class_list":{"0":"post-8970","1":"product","2":"type-product","3":"status-publish","4":"has-post-thumbnail","6":"product_cat-revistes-digitals","7":"product_cat-revistes-impreses","8":"product_cat-subscriptions","9":"product_tag-subscripcio","10":"product_shipping_class-subscripcio","11":"desktop-align-left","12":"tablet-align-left","13":"mobile-align-left","15":"first","16":"instock","17":"sale","18":"featured","19":"taxable","20":"shipping-taxable","21":"purchasable","22":"product-type-variable"},"yoast_head":"<!-- This site is optimized with the Yoast SEO plugin v27.4 - https:\/\/yoast.com\/product\/yoast-seo-wordpress\/ -->\n<title>Subscripci\u00f3 Nafent Magazine 2025 | Nafent Magazine<\/title>\n<meta name=\"description\" content=\"Aconsegueix cada una de les edicions de la Nafent Magazine del 2025. Aquesta subscripci\u00f3 inclou les quatre edicions que publicar\u00e0 Nafent. La subscripci\u00f3 acaba autom\u00e0ticament.\" \/>\n<meta name=\"robots\" content=\"index, follow, max-snippet:-1, max-image-preview:large, max-video-preview:-1\" \/>\n<link rel=\"canonical\" href=\"https:\/\/nafentmagazine.com\/ca\/product\/subscropcio-nafent-magazine-2025-edicio-impresa\/\" \/>\n<meta property=\"og:locale\" content=\"ca_ES\" \/>\n<meta property=\"og:type\" content=\"article\" \/>\n<meta property=\"og:title\" content=\"Subscripci\u00f3 Nafent Magazine 2025 | Nafent Magazine\" \/>\n<meta property=\"og:description\" content=\"Aconsegueix cada una de les edicions de la Nafent Magazine del 2025. Aquesta subscripci\u00f3 inclou les quatre edicions que publicar\u00e0 Nafent. La subscripci\u00f3 acaba autom\u00e0ticament.\" \/>\n<meta property=\"og:url\" content=\"https:\/\/nafentmagazine.com\/ca\/product\/subscropcio-nafent-magazine-2025-edicio-impresa\/\" \/>\n<meta property=\"og:site_name\" content=\"Nafent Magazine\" \/>\n<meta property=\"article:publisher\" content=\"https:\/\/www.facebook.com\/Nafentmagazine\" \/>\n<meta property=\"article:modified_time\" content=\"2026-01-16T13:54:14+00:00\" \/>\n<meta property=\"og:image\" content=\"https:\/\/nafentmagazine.com\/wp-content\/uploads\/2024\/11\/Covers10_11_12_13_Square-min-scaled.png\" \/>\n\t<meta property=\"og:image:width\" content=\"2560\" \/>\n\t<meta property=\"og:image:height\" content=\"2560\" \/>\n\t<meta property=\"og:image:type\" content=\"image\/png\" \/>\n<meta name=\"twitter:card\" content=\"summary_large_image\" \/>\n<script type=\"application\/ld+json\" class=\"yoast-schema-graph\">{\"@context\":\"https:\\\/\\\/schema.org\",\"@graph\":[{\"@type\":\"WebPage\",\"@id\":\"https:\\\/\\\/nafentmagazine.com\\\/ca\\\/product\\\/subscropcio-nafent-magazine-2025-edicio-impresa\\\/\",\"url\":\"https:\\\/\\\/nafentmagazine.com\\\/ca\\\/product\\\/subscropcio-nafent-magazine-2025-edicio-impresa\\\/\",\"name\":\"Subscripci\u00f3 Nafent Magazine 2025 | Nafent Magazine\",\"isPartOf\":{\"@id\":\"https:\\\/\\\/nafentmagazine.com\\\/#website\"},\"primaryImageOfPage\":{\"@id\":\"https:\\\/\\\/nafentmagazine.com\\\/ca\\\/product\\\/subscropcio-nafent-magazine-2025-edicio-impresa\\\/#primaryimage\"},\"image\":{\"@id\":\"https:\\\/\\\/nafentmagazine.com\\\/ca\\\/product\\\/subscropcio-nafent-magazine-2025-edicio-impresa\\\/#primaryimage\"},\"thumbnailUrl\":\"https:\\\/\\\/nafentmagazine.com\\\/wp-content\\\/uploads\\\/2024\\\/11\\\/Covers10_11_12_13_Square-min-scaled.png\",\"datePublished\":\"2026-01-01T08:20:40+00:00\",\"dateModified\":\"2026-01-16T13:54:14+00:00\",\"description\":\"Aconsegueix cada una de les edicions de la Nafent Magazine del 2025. Aquesta subscripci\u00f3 inclou les quatre edicions que publicar\u00e0 Nafent. La subscripci\u00f3 acaba autom\u00e0ticament.\",\"breadcrumb\":{\"@id\":\"https:\\\/\\\/nafentmagazine.com\\\/ca\\\/product\\\/subscropcio-nafent-magazine-2025-edicio-impresa\\\/#breadcrumb\"},\"inLanguage\":\"ca\",\"potentialAction\":[{\"@type\":\"ReadAction\",\"target\":[\"https:\\\/\\\/nafentmagazine.com\\\/ca\\\/product\\\/subscropcio-nafent-magazine-2025-edicio-impresa\\\/\"]}]},{\"@type\":\"ImageObject\",\"inLanguage\":\"ca\",\"@id\":\"https:\\\/\\\/nafentmagazine.com\\\/ca\\\/product\\\/subscropcio-nafent-magazine-2025-edicio-impresa\\\/#primaryimage\",\"url\":\"https:\\\/\\\/nafentmagazine.com\\\/wp-content\\\/uploads\\\/2024\\\/11\\\/Covers10_11_12_13_Square-min-scaled.png\",\"contentUrl\":\"https:\\\/\\\/nafentmagazine.com\\\/wp-content\\\/uploads\\\/2024\\\/11\\\/Covers10_11_12_13_Square-min-scaled.png\",\"width\":2560,\"height\":2560},{\"@type\":\"BreadcrumbList\",\"@id\":\"https:\\\/\\\/nafentmagazine.com\\\/ca\\\/product\\\/subscropcio-nafent-magazine-2025-edicio-impresa\\\/#breadcrumb\",\"itemListElement\":[{\"@type\":\"ListItem\",\"position\":1,\"name\":\"Home\",\"item\":\"https:\\\/\\\/nafentmagazine.com\\\/\"},{\"@type\":\"ListItem\",\"position\":2,\"name\":\"Shop\",\"item\":\"https:\\\/\\\/nafentmagazine.com\\\/ca\\\/shop\\\/\"},{\"@type\":\"ListItem\",\"position\":3,\"name\":\"Subscripci\u00f3 Nafent Magazine 2025\"}]},{\"@type\":\"WebSite\",\"@id\":\"https:\\\/\\\/nafentmagazine.com\\\/#website\",\"url\":\"https:\\\/\\\/nafentmagazine.com\\\/\",\"name\":\"Nafent Magazine\",\"description\":\"The Catalan cycling magazine\",\"publisher\":{\"@id\":\"https:\\\/\\\/nafentmagazine.com\\\/#organization\"},\"alternateName\":\"Revista Nafent\",\"potentialAction\":[{\"@type\":\"SearchAction\",\"target\":{\"@type\":\"EntryPoint\",\"urlTemplate\":\"https:\\\/\\\/nafentmagazine.com\\\/?s={search_term_string}\"},\"query-input\":{\"@type\":\"PropertyValueSpecification\",\"valueRequired\":true,\"valueName\":\"search_term_string\"}}],\"inLanguage\":\"ca\"},{\"@type\":\"Organization\",\"@id\":\"https:\\\/\\\/nafentmagazine.com\\\/#organization\",\"name\":\"Nafent Magazine\",\"url\":\"https:\\\/\\\/nafentmagazine.com\\\/\",\"logo\":{\"@type\":\"ImageObject\",\"inLanguage\":\"ca\",\"@id\":\"https:\\\/\\\/nafentmagazine.com\\\/#\\\/schema\\\/logo\\\/image\\\/\",\"url\":\"https:\\\/\\\/nafentmagazine.com\\\/wp-content\\\/uploads\\\/2021\\\/12\\\/cropped-cropped-logo-full.png\",\"contentUrl\":\"https:\\\/\\\/nafentmagazine.com\\\/wp-content\\\/uploads\\\/2021\\\/12\\\/cropped-cropped-logo-full.png\",\"width\":900,\"height\":327,\"caption\":\"Nafent Magazine\"},\"image\":{\"@id\":\"https:\\\/\\\/nafentmagazine.com\\\/#\\\/schema\\\/logo\\\/image\\\/\"},\"sameAs\":[\"https:\\\/\\\/www.facebook.com\\\/Nafentmagazine\",\"https:\\\/\\\/www.instagram.com\\\/nafentmagazine\\\/\",\"https:\\\/\\\/www.linkedin.com\\\/company\\\/77097325\\\/\"]}]}<\/script>\n<!-- \/ Yoast SEO plugin. -->","yoast_head_json":{"title":"Subscripci\u00f3 Nafent Magazine 2025 | Nafent Magazine","description":"Aconsegueix cada una de les edicions de la Nafent Magazine del 2025. Aquesta subscripci\u00f3 inclou les quatre edicions que publicar\u00e0 Nafent. La subscripci\u00f3 acaba autom\u00e0ticament.","robots":{"index":"index","follow":"follow","max-snippet":"max-snippet:-1","max-image-preview":"max-image-preview:large","max-video-preview":"max-video-preview:-1"},"canonical":"https:\/\/nafentmagazine.com\/ca\/product\/subscropcio-nafent-magazine-2025-edicio-impresa\/","og_locale":"ca_ES","og_type":"article","og_title":"Subscripci\u00f3 Nafent Magazine 2025 | Nafent Magazine","og_description":"Aconsegueix cada una de les edicions de la Nafent Magazine del 2025. Aquesta subscripci\u00f3 inclou les quatre edicions que publicar\u00e0 Nafent. La subscripci\u00f3 acaba autom\u00e0ticament.","og_url":"https:\/\/nafentmagazine.com\/ca\/product\/subscropcio-nafent-magazine-2025-edicio-impresa\/","og_site_name":"Nafent Magazine","article_publisher":"https:\/\/www.facebook.com\/Nafentmagazine","article_modified_time":"2026-01-16T13:54:14+00:00","og_image":[{"width":2560,"height":2560,"url":"https:\/\/nafentmagazine.com\/wp-content\/uploads\/2024\/11\/Covers10_11_12_13_Square-min-scaled.png","type":"image\/png"}],"twitter_card":"summary_large_image","schema":{"@context":"https:\/\/schema.org","@graph":[{"@type":"WebPage","@id":"https:\/\/nafentmagazine.com\/ca\/product\/subscropcio-nafent-magazine-2025-edicio-impresa\/","url":"https:\/\/nafentmagazine.com\/ca\/product\/subscropcio-nafent-magazine-2025-edicio-impresa\/","name":"Subscripci\u00f3 Nafent Magazine 2025 | Nafent Magazine","isPartOf":{"@id":"https:\/\/nafentmagazine.com\/#website"},"primaryImageOfPage":{"@id":"https:\/\/nafentmagazine.com\/ca\/product\/subscropcio-nafent-magazine-2025-edicio-impresa\/#primaryimage"},"image":{"@id":"https:\/\/nafentmagazine.com\/ca\/product\/subscropcio-nafent-magazine-2025-edicio-impresa\/#primaryimage"},"thumbnailUrl":"https:\/\/nafentmagazine.com\/wp-content\/uploads\/2024\/11\/Covers10_11_12_13_Square-min-scaled.png","datePublished":"2026-01-01T08:20:40+00:00","dateModified":"2026-01-16T13:54:14+00:00","description":"Aconsegueix cada una de les edicions de la Nafent Magazine del 2025. Aquesta subscripci\u00f3 inclou les quatre edicions que publicar\u00e0 Nafent. La subscripci\u00f3 acaba autom\u00e0ticament.","breadcrumb":{"@id":"https:\/\/nafentmagazine.com\/ca\/product\/subscropcio-nafent-magazine-2025-edicio-impresa\/#breadcrumb"},"inLanguage":"ca","potentialAction":[{"@type":"ReadAction","target":["https:\/\/nafentmagazine.com\/ca\/product\/subscropcio-nafent-magazine-2025-edicio-impresa\/"]}]},{"@type":"ImageObject","inLanguage":"ca","@id":"https:\/\/nafentmagazine.com\/ca\/product\/subscropcio-nafent-magazine-2025-edicio-impresa\/#primaryimage","url":"https:\/\/nafentmagazine.com\/wp-content\/uploads\/2024\/11\/Covers10_11_12_13_Square-min-scaled.png","contentUrl":"https:\/\/nafentmagazine.com\/wp-content\/uploads\/2024\/11\/Covers10_11_12_13_Square-min-scaled.png","width":2560,"height":2560},{"@type":"BreadcrumbList","@id":"https:\/\/nafentmagazine.com\/ca\/product\/subscropcio-nafent-magazine-2025-edicio-impresa\/#breadcrumb","itemListElement":[{"@type":"ListItem","position":1,"name":"Home","item":"https:\/\/nafentmagazine.com\/"},{"@type":"ListItem","position":2,"name":"Shop","item":"https:\/\/nafentmagazine.com\/ca\/shop\/"},{"@type":"ListItem","position":3,"name":"Subscripci\u00f3 Nafent Magazine 2025"}]},{"@type":"WebSite","@id":"https:\/\/nafentmagazine.com\/#website","url":"https:\/\/nafentmagazine.com\/","name":"Nafent Magazine","description":"The Catalan cycling magazine","publisher":{"@id":"https:\/\/nafentmagazine.com\/#organization"},"alternateName":"Revista Nafent","potentialAction":[{"@type":"SearchAction","target":{"@type":"EntryPoint","urlTemplate":"https:\/\/nafentmagazine.com\/?s={search_term_string}"},"query-input":{"@type":"PropertyValueSpecification","valueRequired":true,"valueName":"search_term_string"}}],"inLanguage":"ca"},{"@type":"Organization","@id":"https:\/\/nafentmagazine.com\/#organization","name":"Nafent Magazine","url":"https:\/\/nafentmagazine.com\/","logo":{"@type":"ImageObject","inLanguage":"ca","@id":"https:\/\/nafentmagazine.com\/#\/schema\/logo\/image\/","url":"https:\/\/nafentmagazine.com\/wp-content\/uploads\/2021\/12\/cropped-cropped-logo-full.png","contentUrl":"https:\/\/nafentmagazine.com\/wp-content\/uploads\/2021\/12\/cropped-cropped-logo-full.png","width":900,"height":327,"caption":"Nafent Magazine"},"image":{"@id":"https:\/\/nafentmagazine.com\/#\/schema\/logo\/image\/"},"sameAs":["https:\/\/www.facebook.com\/Nafentmagazine","https:\/\/www.instagram.com\/nafentmagazine\/","https:\/\/www.linkedin.com\/company\/77097325\/"]}]}},"jetpack_sharing_enabled":true,"_links":{"self":[{"href":"https:\/\/nafentmagazine.com\/ca\/wp-json\/wp\/v2\/product\/8970","targetHints":{"allow":["GET"]}}],"collection":[{"href":"https:\/\/nafentmagazine.com\/ca\/wp-json\/wp\/v2\/product"}],"about":[{"href":"https:\/\/nafentmagazine.com\/ca\/wp-json\/wp\/v2\/types\/product"}],"wp:featuredmedia":[{"embeddable":true,"href":"https:\/\/nafentmagazine.com\/ca\/wp-json\/wp\/v2\/media\/9222"}],"wp:attachment":[{"href":"https:\/\/nafentmagazine.com\/ca\/wp-json\/wp\/v2\/media?parent=8970"}],"wp:term":[{"taxonomy":"product_brand","embeddable":true,"href":"https:\/\/nafentmagazine.com\/ca\/wp-json\/wp\/v2\/product_brand?post=8970"},{"taxonomy":"product_cat","embeddable":true,"href":"https:\/\/nafentmagazine.com\/ca\/wp-json\/wp\/v2\/product_cat?post=8970"},{"taxonomy":"product_tag","embeddable":true,"href":"https:\/\/nafentmagazine.com\/ca\/wp-json\/wp\/v2\/product_tag?post=8970"}],"curies":[{"name":"wp","href":"https:\/\/api.w.org\/{rel}","templated":true}]}}