{"id":8960,"date":"2024-12-25T12:03:46","date_gmt":"2024-12-25T11:03:46","guid":{"rendered":"https:\/\/nafentmagazine.com\/product\/nafent-girona-ciclisme-poster\/"},"modified":"2026-01-16T17:24:58","modified_gmt":"2026-01-16T16:24:58","slug":"nafent-girona-ciclisme-poster","status":"publish","type":"product","link":"https:\/\/nafentmagazine.com\/ca\/product\/nafent-girona-ciclisme-poster\/","title":{"rendered":"P\u00f2sters de Nafent Magazine"},"content":{"rendered":"<p>Els p\u00f2sters de Nafent Magazine solen tenir un estil lleugerament vintage i s\u2019esgoten r\u00e0pidament. Impresos en paper mat d\u2019alta qualitat, en mida A2, s\u00f3n el record perfecte per conservar la teva experi\u00e8ncia ciclista. <\/p>\n<p>Aquest producte s\u2019envia en un tub de paper rod\u00f3 per garantir un enviament segur i en perfectes condicions.<\/p>\n","protected":false},"excerpt":{"rendered":"<p>Els p\u00f2sters d\u2019edici\u00f3 limitada Nafent Magazine Girona Cycling i Andorra Cycling estan dissenyats amb un estil lleugerament vintage. Impresos en paper mat d\u2019alta qualitat, en mida A2, s\u00f3n el record perfecte per conservar la teva experi\u00e8ncia ciclista. <\/p>\n<p>Aquest producte s\u2019envia en un tub de paper rod\u00f3 per garantir un enviament segur i en perfectes condicions.<\/p>\n","protected":false},"featured_media":8959,"template":"","meta":{"_ppp_document_settings_meta":"","site-sidebar-layout":"default","site-content-layout":"","ast-site-content-layout":"default","site-content-style":"default","site-sidebar-style":"default","ast-global-header-display":"","ast-banner-title-visibility":"","ast-main-header-display":"","ast-hfb-above-header-display":"","ast-hfb-below-header-display":"","ast-hfb-mobile-header-display":"","site-post-title":"","ast-breadcrumbs-content":"","ast-featured-img":"","footer-sml-layout":"","ast-disable-related-posts":"","theme-transparent-header-meta":"default","adv-header-id-meta":"","stick-header-meta":"","header-above-stick-meta":"","header-main-stick-meta":"","header-below-stick-meta":"","astra-migrate-meta-layouts":"default","ast-page-background-enabled":"default","ast-page-background-meta":{"desktop":{"background-color":"","background-image":"","background-repeat":"repeat","background-position":"center center","background-size":"auto","background-attachment":"scroll","background-type":"","background-media":"","overlay-type":"","overlay-color":"","overlay-opacity":"","overlay-gradient":""},"tablet":{"background-color":"","background-image":"","background-repeat":"repeat","background-position":"center center","background-size":"auto","background-attachment":"scroll","background-type":"","background-media":"","overlay-type":"","overlay-color":"","overlay-opacity":"","overlay-gradient":""},"mobile":{"background-color":"","background-image":"","background-repeat":"repeat","background-position":"center center","background-size":"auto","background-attachment":"scroll","background-type":"","background-media":"","overlay-type":"","overlay-color":"","overlay-opacity":"","overlay-gradient":""}},"ast-content-background-meta":{"desktop":{"background-color":"var(--ast-global-color-5)","background-image":"","background-repeat":"repeat","background-position":"center center","background-size":"auto","background-attachment":"scroll","background-type":"","background-media":"","overlay-type":"","overlay-color":"","overlay-opacity":"","overlay-gradient":""},"tablet":{"background-color":"var(--ast-global-color-5)","background-image":"","background-repeat":"repeat","background-position":"center center","background-size":"auto","background-attachment":"scroll","background-type":"","background-media":"","overlay-type":"","overlay-color":"","overlay-opacity":"","overlay-gradient":""},"mobile":{"background-color":"var(--ast-global-color-5)","background-image":"","background-repeat":"repeat","background-position":"center center","background-size":"auto","background-attachment":"scroll","background-type":"","background-media":"","overlay-type":"","overlay-color":"","overlay-opacity":"","overlay-gradient":""}}},"product_brand":[],"product_cat":[362],"product_tag":[276],"class_list":{"0":"post-8960","1":"product","2":"type-product","3":"status-publish","4":"has-post-thumbnail","6":"product_cat-posters","7":"product_tag-poster-ca","8":"product_shipping_class-subscripcio","9":"desktop-align-left","10":"tablet-align-left","11":"mobile-align-left","13":"first","14":"instock","15":"taxable","16":"shipping-taxable","17":"purchasable","18":"product-type-variable"},"yoast_head":"<!-- This site is optimized with the Yoast SEO plugin v27.3 - https:\/\/yoast.com\/product\/yoast-seo-wordpress\/ -->\n<title>P\u00f2sters de Nafent Magazine | Nafent Magazine<\/title>\n<meta name=\"description\" content=\"Aquest p\u00f2ster de ciclisme de l&#039;edici\u00f3 limitada de Nafent Magazine Girona presenta un ciclista travessant el pont vermell ic\u00f2nic de Girona, dissenyat en un estil lleugerament vintage: el record perfecte per preservar la teva experi\u00e8ncia de ciclisme a Girona.\" \/>\n<meta name=\"robots\" content=\"index, follow, max-snippet:-1, max-image-preview:large, max-video-preview:-1\" \/>\n<link rel=\"canonical\" href=\"https:\/\/nafentmagazine.com\/ca\/product\/nafent-girona-ciclisme-poster\/\" \/>\n<meta property=\"og:locale\" content=\"ca_ES\" \/>\n<meta property=\"og:type\" content=\"article\" \/>\n<meta property=\"og:title\" content=\"P\u00f2sters de Nafent Magazine | Nafent Magazine\" \/>\n<meta property=\"og:description\" content=\"Aquest p\u00f2ster de ciclisme de l&#039;edici\u00f3 limitada de Nafent Magazine Girona presenta un ciclista travessant el pont vermell ic\u00f2nic de Girona, dissenyat en un estil lleugerament vintage: el record perfecte per preservar la teva experi\u00e8ncia de ciclisme a Girona.\" \/>\n<meta property=\"og:url\" content=\"https:\/\/nafentmagazine.com\/ca\/product\/nafent-girona-ciclisme-poster\/\" \/>\n<meta property=\"og:site_name\" content=\"Nafent Magazine\" \/>\n<meta property=\"article:publisher\" content=\"https:\/\/www.facebook.com\/Nafentmagazine\" \/>\n<meta property=\"article:modified_time\" content=\"2026-01-16T16:24:58+00:00\" \/>\n<meta property=\"og:image\" content=\"https:\/\/nafentmagazine.com\/wp-content\/uploads\/2024\/12\/Nafent30sPoster_A2Size_OutlineHR-scaled.jpg\" \/>\n\t<meta property=\"og:image:width\" content=\"1828\" \/>\n\t<meta property=\"og:image:height\" content=\"2560\" \/>\n\t<meta property=\"og:image:type\" content=\"image\/jpeg\" \/>\n<meta name=\"twitter:card\" content=\"summary_large_image\" \/>\n<script type=\"application\/ld+json\" class=\"yoast-schema-graph\">{\"@context\":\"https:\\\/\\\/schema.org\",\"@graph\":[{\"@type\":\"WebPage\",\"@id\":\"https:\\\/\\\/nafentmagazine.com\\\/ca\\\/product\\\/nafent-girona-ciclisme-poster\\\/\",\"url\":\"https:\\\/\\\/nafentmagazine.com\\\/ca\\\/product\\\/nafent-girona-ciclisme-poster\\\/\",\"name\":\"P\u00f2sters de Nafent Magazine | Nafent Magazine\",\"isPartOf\":{\"@id\":\"https:\\\/\\\/nafentmagazine.com\\\/#website\"},\"primaryImageOfPage\":{\"@id\":\"https:\\\/\\\/nafentmagazine.com\\\/ca\\\/product\\\/nafent-girona-ciclisme-poster\\\/#primaryimage\"},\"image\":{\"@id\":\"https:\\\/\\\/nafentmagazine.com\\\/ca\\\/product\\\/nafent-girona-ciclisme-poster\\\/#primaryimage\"},\"thumbnailUrl\":\"https:\\\/\\\/nafentmagazine.com\\\/wp-content\\\/uploads\\\/2024\\\/12\\\/Nafent30sPoster_A2Size_OutlineHR-scaled.jpg\",\"datePublished\":\"2024-12-25T11:03:46+00:00\",\"dateModified\":\"2026-01-16T16:24:58+00:00\",\"description\":\"Aquest p\u00f2ster de ciclisme de l'edici\u00f3 limitada de Nafent Magazine Girona presenta un ciclista travessant el pont vermell ic\u00f2nic de Girona, dissenyat en un estil lleugerament vintage: el record perfecte per preservar la teva experi\u00e8ncia de ciclisme a Girona.\",\"breadcrumb\":{\"@id\":\"https:\\\/\\\/nafentmagazine.com\\\/ca\\\/product\\\/nafent-girona-ciclisme-poster\\\/#breadcrumb\"},\"inLanguage\":\"ca\",\"potentialAction\":[{\"@type\":\"ReadAction\",\"target\":[\"https:\\\/\\\/nafentmagazine.com\\\/ca\\\/product\\\/nafent-girona-ciclisme-poster\\\/\"]}]},{\"@type\":\"ImageObject\",\"inLanguage\":\"ca\",\"@id\":\"https:\\\/\\\/nafentmagazine.com\\\/ca\\\/product\\\/nafent-girona-ciclisme-poster\\\/#primaryimage\",\"url\":\"https:\\\/\\\/nafentmagazine.com\\\/wp-content\\\/uploads\\\/2024\\\/12\\\/Nafent30sPoster_A2Size_OutlineHR-scaled.jpg\",\"contentUrl\":\"https:\\\/\\\/nafentmagazine.com\\\/wp-content\\\/uploads\\\/2024\\\/12\\\/Nafent30sPoster_A2Size_OutlineHR-scaled.jpg\",\"width\":1828,\"height\":2560,\"caption\":\"Nafent Girona Ciclisme Poster\"},{\"@type\":\"BreadcrumbList\",\"@id\":\"https:\\\/\\\/nafentmagazine.com\\\/ca\\\/product\\\/nafent-girona-ciclisme-poster\\\/#breadcrumb\",\"itemListElement\":[{\"@type\":\"ListItem\",\"position\":1,\"name\":\"Home\",\"item\":\"https:\\\/\\\/nafentmagazine.com\\\/\"},{\"@type\":\"ListItem\",\"position\":2,\"name\":\"Shop\",\"item\":\"https:\\\/\\\/nafentmagazine.com\\\/ca\\\/shop\\\/\"},{\"@type\":\"ListItem\",\"position\":3,\"name\":\"P\u00f2sters de Nafent Magazine\"}]},{\"@type\":\"WebSite\",\"@id\":\"https:\\\/\\\/nafentmagazine.com\\\/#website\",\"url\":\"https:\\\/\\\/nafentmagazine.com\\\/\",\"name\":\"Nafent Magazine\",\"description\":\"The Catalan cycling magazine\",\"publisher\":{\"@id\":\"https:\\\/\\\/nafentmagazine.com\\\/#organization\"},\"alternateName\":\"Revista Nafent\",\"potentialAction\":[{\"@type\":\"SearchAction\",\"target\":{\"@type\":\"EntryPoint\",\"urlTemplate\":\"https:\\\/\\\/nafentmagazine.com\\\/?s={search_term_string}\"},\"query-input\":{\"@type\":\"PropertyValueSpecification\",\"valueRequired\":true,\"valueName\":\"search_term_string\"}}],\"inLanguage\":\"ca\"},{\"@type\":\"Organization\",\"@id\":\"https:\\\/\\\/nafentmagazine.com\\\/#organization\",\"name\":\"Nafent Magazine\",\"url\":\"https:\\\/\\\/nafentmagazine.com\\\/\",\"logo\":{\"@type\":\"ImageObject\",\"inLanguage\":\"ca\",\"@id\":\"https:\\\/\\\/nafentmagazine.com\\\/#\\\/schema\\\/logo\\\/image\\\/\",\"url\":\"https:\\\/\\\/nafentmagazine.com\\\/wp-content\\\/uploads\\\/2021\\\/12\\\/cropped-cropped-logo-full.png\",\"contentUrl\":\"https:\\\/\\\/nafentmagazine.com\\\/wp-content\\\/uploads\\\/2021\\\/12\\\/cropped-cropped-logo-full.png\",\"width\":900,\"height\":327,\"caption\":\"Nafent Magazine\"},\"image\":{\"@id\":\"https:\\\/\\\/nafentmagazine.com\\\/#\\\/schema\\\/logo\\\/image\\\/\"},\"sameAs\":[\"https:\\\/\\\/www.facebook.com\\\/Nafentmagazine\",\"https:\\\/\\\/www.instagram.com\\\/nafentmagazine\\\/\",\"https:\\\/\\\/www.linkedin.com\\\/company\\\/77097325\\\/\"]}]}<\/script>\n<!-- \/ Yoast SEO plugin. -->","yoast_head_json":{"title":"P\u00f2sters de Nafent Magazine | Nafent Magazine","description":"Aquest p\u00f2ster de ciclisme de l'edici\u00f3 limitada de Nafent Magazine Girona presenta un ciclista travessant el pont vermell ic\u00f2nic de Girona, dissenyat en un estil lleugerament vintage: el record perfecte per preservar la teva experi\u00e8ncia de ciclisme a Girona.","robots":{"index":"index","follow":"follow","max-snippet":"max-snippet:-1","max-image-preview":"max-image-preview:large","max-video-preview":"max-video-preview:-1"},"canonical":"https:\/\/nafentmagazine.com\/ca\/product\/nafent-girona-ciclisme-poster\/","og_locale":"ca_ES","og_type":"article","og_title":"P\u00f2sters de Nafent Magazine | Nafent Magazine","og_description":"Aquest p\u00f2ster de ciclisme de l'edici\u00f3 limitada de Nafent Magazine Girona presenta un ciclista travessant el pont vermell ic\u00f2nic de Girona, dissenyat en un estil lleugerament vintage: el record perfecte per preservar la teva experi\u00e8ncia de ciclisme a Girona.","og_url":"https:\/\/nafentmagazine.com\/ca\/product\/nafent-girona-ciclisme-poster\/","og_site_name":"Nafent Magazine","article_publisher":"https:\/\/www.facebook.com\/Nafentmagazine","article_modified_time":"2026-01-16T16:24:58+00:00","og_image":[{"width":1828,"height":2560,"url":"https:\/\/nafentmagazine.com\/wp-content\/uploads\/2024\/12\/Nafent30sPoster_A2Size_OutlineHR-scaled.jpg","type":"image\/jpeg"}],"twitter_card":"summary_large_image","schema":{"@context":"https:\/\/schema.org","@graph":[{"@type":"WebPage","@id":"https:\/\/nafentmagazine.com\/ca\/product\/nafent-girona-ciclisme-poster\/","url":"https:\/\/nafentmagazine.com\/ca\/product\/nafent-girona-ciclisme-poster\/","name":"P\u00f2sters de Nafent Magazine | Nafent Magazine","isPartOf":{"@id":"https:\/\/nafentmagazine.com\/#website"},"primaryImageOfPage":{"@id":"https:\/\/nafentmagazine.com\/ca\/product\/nafent-girona-ciclisme-poster\/#primaryimage"},"image":{"@id":"https:\/\/nafentmagazine.com\/ca\/product\/nafent-girona-ciclisme-poster\/#primaryimage"},"thumbnailUrl":"https:\/\/nafentmagazine.com\/wp-content\/uploads\/2024\/12\/Nafent30sPoster_A2Size_OutlineHR-scaled.jpg","datePublished":"2024-12-25T11:03:46+00:00","dateModified":"2026-01-16T16:24:58+00:00","description":"Aquest p\u00f2ster de ciclisme de l'edici\u00f3 limitada de Nafent Magazine Girona presenta un ciclista travessant el pont vermell ic\u00f2nic de Girona, dissenyat en un estil lleugerament vintage: el record perfecte per preservar la teva experi\u00e8ncia de ciclisme a Girona.","breadcrumb":{"@id":"https:\/\/nafentmagazine.com\/ca\/product\/nafent-girona-ciclisme-poster\/#breadcrumb"},"inLanguage":"ca","potentialAction":[{"@type":"ReadAction","target":["https:\/\/nafentmagazine.com\/ca\/product\/nafent-girona-ciclisme-poster\/"]}]},{"@type":"ImageObject","inLanguage":"ca","@id":"https:\/\/nafentmagazine.com\/ca\/product\/nafent-girona-ciclisme-poster\/#primaryimage","url":"https:\/\/nafentmagazine.com\/wp-content\/uploads\/2024\/12\/Nafent30sPoster_A2Size_OutlineHR-scaled.jpg","contentUrl":"https:\/\/nafentmagazine.com\/wp-content\/uploads\/2024\/12\/Nafent30sPoster_A2Size_OutlineHR-scaled.jpg","width":1828,"height":2560,"caption":"Nafent Girona Ciclisme Poster"},{"@type":"BreadcrumbList","@id":"https:\/\/nafentmagazine.com\/ca\/product\/nafent-girona-ciclisme-poster\/#breadcrumb","itemListElement":[{"@type":"ListItem","position":1,"name":"Home","item":"https:\/\/nafentmagazine.com\/"},{"@type":"ListItem","position":2,"name":"Shop","item":"https:\/\/nafentmagazine.com\/ca\/shop\/"},{"@type":"ListItem","position":3,"name":"P\u00f2sters de Nafent Magazine"}]},{"@type":"WebSite","@id":"https:\/\/nafentmagazine.com\/#website","url":"https:\/\/nafentmagazine.com\/","name":"Nafent Magazine","description":"The Catalan cycling magazine","publisher":{"@id":"https:\/\/nafentmagazine.com\/#organization"},"alternateName":"Revista Nafent","potentialAction":[{"@type":"SearchAction","target":{"@type":"EntryPoint","urlTemplate":"https:\/\/nafentmagazine.com\/?s={search_term_string}"},"query-input":{"@type":"PropertyValueSpecification","valueRequired":true,"valueName":"search_term_string"}}],"inLanguage":"ca"},{"@type":"Organization","@id":"https:\/\/nafentmagazine.com\/#organization","name":"Nafent Magazine","url":"https:\/\/nafentmagazine.com\/","logo":{"@type":"ImageObject","inLanguage":"ca","@id":"https:\/\/nafentmagazine.com\/#\/schema\/logo\/image\/","url":"https:\/\/nafentmagazine.com\/wp-content\/uploads\/2021\/12\/cropped-cropped-logo-full.png","contentUrl":"https:\/\/nafentmagazine.com\/wp-content\/uploads\/2021\/12\/cropped-cropped-logo-full.png","width":900,"height":327,"caption":"Nafent Magazine"},"image":{"@id":"https:\/\/nafentmagazine.com\/#\/schema\/logo\/image\/"},"sameAs":["https:\/\/www.facebook.com\/Nafentmagazine","https:\/\/www.instagram.com\/nafentmagazine\/","https:\/\/www.linkedin.com\/company\/77097325\/"]}]}},"jetpack_sharing_enabled":true,"_links":{"self":[{"href":"https:\/\/nafentmagazine.com\/ca\/wp-json\/wp\/v2\/product\/8960","targetHints":{"allow":["GET"]}}],"collection":[{"href":"https:\/\/nafentmagazine.com\/ca\/wp-json\/wp\/v2\/product"}],"about":[{"href":"https:\/\/nafentmagazine.com\/ca\/wp-json\/wp\/v2\/types\/product"}],"wp:featuredmedia":[{"embeddable":true,"href":"https:\/\/nafentmagazine.com\/ca\/wp-json\/wp\/v2\/media\/8959"}],"wp:attachment":[{"href":"https:\/\/nafentmagazine.com\/ca\/wp-json\/wp\/v2\/media?parent=8960"}],"wp:term":[{"taxonomy":"product_brand","embeddable":true,"href":"https:\/\/nafentmagazine.com\/ca\/wp-json\/wp\/v2\/product_brand?post=8960"},{"taxonomy":"product_cat","embeddable":true,"href":"https:\/\/nafentmagazine.com\/ca\/wp-json\/wp\/v2\/product_cat?post=8960"},{"taxonomy":"product_tag","embeddable":true,"href":"https:\/\/nafentmagazine.com\/ca\/wp-json\/wp\/v2\/product_tag?post=8960"}],"curies":[{"name":"wp","href":"https:\/\/api.w.org\/{rel}","templated":true}]}}