{"id":7191,"date":"2024-06-06T12:05:54","date_gmt":"2024-06-06T10:05:54","guid":{"rendered":"https:\/\/nafentmagazine.com\/product\/the-free-nafent-magazine-girona-special\/"},"modified":"2026-01-16T17:19:49","modified_gmt":"2026-01-16T16:19:49","slug":"the-free-nafent-magazine-girona-special","status":"publish","type":"product","link":"https:\/\/nafentmagazine.com\/ca\/product\/the-free-nafent-magazine-girona-special\/","title":{"rendered":"La Guia de Ciclisme de Girona de Nafent Magazine (gratu\u00efta)"},"content":{"rendered":"<p><strong>Nafent ha publicat recentment una actualitzaci\u00f3 de la Guia Ciclista de Girona. Pots trobar la nova <a href=\"https:\/\/nafentmagazine.com\/ca\/product-category\/revistes-gratuites\/\">Girona Special aqu\u00ed.<\/a> <\/strong><\/p>\n<p>Et presentem la guia gratu\u00efta de ciclisme de Girona m\u00e9s actualitzada, plena de recomanacions que potser no coneixes de Girona per visitar amb bicicleta o sense. Celebra la fita de les deu edicions de la revista Nafent descarregant aquest especial de Girona de manera gratu\u00efta.<\/p>\n<p><span style=\"font-size: 16px;\">La <\/span> <em>desc\u00e0rrega estar\u00e0 disponible autom\u00e0ticament despr\u00e9s de la compra.<\/em><\/p>\n","protected":false},"excerpt":{"rendered":"<p><strong>Nafent ha publicat recentment una actualitzaci\u00f3 de la Guia Ciclista de Girona. Pots trobar la nova <a href=\"https:\/\/nafentmagazine.com\/ca\/product-category\/revistes-gratuites\/\">Girona Special aqu\u00ed.<\/a> <\/strong><\/p>\n<p>Aquesta guia de ciclisme a Girona de Nafent Magazine pensa fora de la caixa, amb destinacions locals pensades per a ciclistes i hist\u00f2ries que encara no has sentit a parlar. La Nafent innova en relaci\u00f3 amb les destinacions i caf\u00e8s &#8220;t\u00edpics&#8221; i &#8220;comuns&#8221; que ja coneixes, proposant-te alternatives que t&#8217;entusiasmaran tant com el ciclisme. Tant si ets nou a Girona, si busques la guia ciclista definitiva de la zona o si ja fa temps que est\u00e0s aqu\u00ed, descarrega l\u2019Especial de Girona i deixa\u2019t inspirar.<\/p>\n","protected":false},"featured_media":7155,"template":"","meta":{"_ppp_document_settings_meta":"","site-sidebar-layout":"default","site-content-layout":"default","ast-site-content-layout":"default","site-content-style":"default","site-sidebar-style":"default","ast-global-header-display":"","ast-banner-title-visibility":"","ast-main-header-display":"","ast-hfb-above-header-display":"","ast-hfb-below-header-display":"","ast-hfb-mobile-header-display":"","site-post-title":"","ast-breadcrumbs-content":"","ast-featured-img":"","footer-sml-layout":"","ast-disable-related-posts":"","theme-transparent-header-meta":"default","adv-header-id-meta":"","stick-header-meta":"","header-above-stick-meta":"","header-main-stick-meta":"","header-below-stick-meta":"","astra-migrate-meta-layouts":"default","ast-page-background-enabled":"default","ast-page-background-meta":{"desktop":{"background-color":"","background-image":"","background-repeat":"repeat","background-position":"center center","background-size":"auto","background-attachment":"scroll","background-type":"","background-media":"","overlay-type":"","overlay-color":"","overlay-opacity":"","overlay-gradient":""},"tablet":{"background-color":"","background-image":"","background-repeat":"repeat","background-position":"center center","background-size":"auto","background-attachment":"scroll","background-type":"","background-media":"","overlay-type":"","overlay-color":"","overlay-opacity":"","overlay-gradient":""},"mobile":{"background-color":"","background-image":"","background-repeat":"repeat","background-position":"center center","background-size":"auto","background-attachment":"scroll","background-type":"","background-media":"","overlay-type":"","overlay-color":"","overlay-opacity":"","overlay-gradient":""}},"ast-content-background-meta":{"desktop":{"background-color":"var(--ast-global-color-5)","background-image":"","background-repeat":"repeat","background-position":"center center","background-size":"auto","background-attachment":"scroll","background-type":"","background-media":"","overlay-type":"","overlay-color":"","overlay-opacity":"","overlay-gradient":""},"tablet":{"background-color":"var(--ast-global-color-5)","background-image":"","background-repeat":"repeat","background-position":"center center","background-size":"auto","background-attachment":"scroll","background-type":"","background-media":"","overlay-type":"","overlay-color":"","overlay-opacity":"","overlay-gradient":""},"mobile":{"background-color":"var(--ast-global-color-5)","background-image":"","background-repeat":"repeat","background-position":"center center","background-size":"auto","background-attachment":"scroll","background-type":"","background-media":"","overlay-type":"","overlay-color":"","overlay-opacity":"","overlay-gradient":""}}},"product_brand":[],"product_cat":[71,274],"product_tag":[],"class_list":{"0":"post-7191","1":"product","2":"type-product","3":"status-publish","4":"has-post-thumbnail","6":"product_cat-revistes-digitals","7":"product_cat-revistes-gratuites","8":"desktop-align-left","9":"tablet-align-left","10":"mobile-align-left","12":"first","13":"outofstock","14":"downloadable","15":"virtual","16":"taxable","17":"purchasable","18":"product-type-simple"},"yoast_head":"<!-- This site is optimized with the Yoast SEO plugin v27.5 - https:\/\/yoast.com\/product\/yoast-seo-wordpress\/ -->\n<title>La Guia de Ciclisme de Girona de Nafent Magazine (gratu\u00efta)<\/title>\n<meta name=\"description\" content=\"Et presentem la guia gratu\u00efta de ciclisme de Girona m\u00e9s actualitzada, plena de recomanacions que potser no coneixes de Girona per visitar amb bicicleta o sense. Celebra la fita de les deu edicions de la revista Nafent descarregant aquest especial de Girona de manera gratu\u00efta.\" \/>\n<meta name=\"robots\" content=\"index, follow, max-snippet:-1, max-image-preview:large, max-video-preview:-1\" \/>\n<link rel=\"canonical\" href=\"https:\/\/nafentmagazine.com\/ca\/product\/the-free-nafent-magazine-girona-special\/\" \/>\n<meta property=\"og:locale\" content=\"ca_ES\" \/>\n<meta property=\"og:type\" content=\"article\" \/>\n<meta property=\"og:title\" content=\"La Guia de Ciclisme de Girona de Nafent Magazine (gratu\u00efta)\" \/>\n<meta property=\"og:description\" content=\"Et presentem la guia gratu\u00efta de ciclisme de Girona m\u00e9s actualitzada, plena de recomanacions que potser no coneixes de Girona per visitar amb bicicleta o sense. Celebra la fita de les deu edicions de la revista Nafent descarregant aquest especial de Girona de manera gratu\u00efta.\" \/>\n<meta property=\"og:url\" content=\"https:\/\/nafentmagazine.com\/ca\/product\/the-free-nafent-magazine-girona-special\/\" \/>\n<meta property=\"og:site_name\" content=\"Nafent Magazine\" \/>\n<meta property=\"article:publisher\" content=\"https:\/\/www.facebook.com\/Nafentmagazine\" \/>\n<meta property=\"article:modified_time\" content=\"2026-01-16T16:19:49+00:00\" \/>\n<meta property=\"og:image\" content=\"https:\/\/nafentmagazine.com\/wp-content\/uploads\/2024\/06\/Screenshot-2024-06-06-at-11.57.44.jpeg\" \/>\n\t<meta property=\"og:image:width\" content=\"2100\" \/>\n\t<meta property=\"og:image:height\" content=\"2100\" \/>\n\t<meta property=\"og:image:type\" content=\"image\/jpeg\" \/>\n<meta name=\"twitter:card\" content=\"summary_large_image\" \/>\n<script type=\"application\/ld+json\" class=\"yoast-schema-graph\">{\"@context\":\"https:\\\/\\\/schema.org\",\"@graph\":[{\"@type\":\"WebPage\",\"@id\":\"https:\\\/\\\/nafentmagazine.com\\\/ca\\\/product\\\/the-free-nafent-magazine-girona-special\\\/\",\"url\":\"https:\\\/\\\/nafentmagazine.com\\\/ca\\\/product\\\/the-free-nafent-magazine-girona-special\\\/\",\"name\":\"La Guia de Ciclisme de Girona de Nafent Magazine (gratu\u00efta)\",\"isPartOf\":{\"@id\":\"https:\\\/\\\/nafentmagazine.com\\\/#website\"},\"primaryImageOfPage\":{\"@id\":\"https:\\\/\\\/nafentmagazine.com\\\/ca\\\/product\\\/the-free-nafent-magazine-girona-special\\\/#primaryimage\"},\"image\":{\"@id\":\"https:\\\/\\\/nafentmagazine.com\\\/ca\\\/product\\\/the-free-nafent-magazine-girona-special\\\/#primaryimage\"},\"thumbnailUrl\":\"https:\\\/\\\/nafentmagazine.com\\\/wp-content\\\/uploads\\\/2024\\\/06\\\/Screenshot-2024-06-06-at-11.57.44.jpeg\",\"datePublished\":\"2024-06-06T10:05:54+00:00\",\"dateModified\":\"2026-01-16T16:19:49+00:00\",\"description\":\"Et presentem la guia gratu\u00efta de ciclisme de Girona m\u00e9s actualitzada, plena de recomanacions que potser no coneixes de Girona per visitar amb bicicleta o sense. Celebra la fita de les deu edicions de la revista Nafent descarregant aquest especial de Girona de manera gratu\u00efta.\",\"breadcrumb\":{\"@id\":\"https:\\\/\\\/nafentmagazine.com\\\/ca\\\/product\\\/the-free-nafent-magazine-girona-special\\\/#breadcrumb\"},\"inLanguage\":\"ca\",\"potentialAction\":[{\"@type\":\"ReadAction\",\"target\":[\"https:\\\/\\\/nafentmagazine.com\\\/ca\\\/product\\\/the-free-nafent-magazine-girona-special\\\/\"]}]},{\"@type\":\"ImageObject\",\"inLanguage\":\"ca\",\"@id\":\"https:\\\/\\\/nafentmagazine.com\\\/ca\\\/product\\\/the-free-nafent-magazine-girona-special\\\/#primaryimage\",\"url\":\"https:\\\/\\\/nafentmagazine.com\\\/wp-content\\\/uploads\\\/2024\\\/06\\\/Screenshot-2024-06-06-at-11.57.44.jpeg\",\"contentUrl\":\"https:\\\/\\\/nafentmagazine.com\\\/wp-content\\\/uploads\\\/2024\\\/06\\\/Screenshot-2024-06-06-at-11.57.44.jpeg\",\"width\":2100,\"height\":2100,\"caption\":\"Nafent Magazine Girona Special - una guia definitiva de ciclisme a Girona\"},{\"@type\":\"BreadcrumbList\",\"@id\":\"https:\\\/\\\/nafentmagazine.com\\\/ca\\\/product\\\/the-free-nafent-magazine-girona-special\\\/#breadcrumb\",\"itemListElement\":[{\"@type\":\"ListItem\",\"position\":1,\"name\":\"Home\",\"item\":\"https:\\\/\\\/nafentmagazine.com\\\/\"},{\"@type\":\"ListItem\",\"position\":2,\"name\":\"Shop\",\"item\":\"https:\\\/\\\/nafentmagazine.com\\\/ca\\\/shop\\\/\"},{\"@type\":\"ListItem\",\"position\":3,\"name\":\"La Guia de Ciclisme de Girona de Nafent Magazine (gratu\u00efta)\"}]},{\"@type\":\"WebSite\",\"@id\":\"https:\\\/\\\/nafentmagazine.com\\\/#website\",\"url\":\"https:\\\/\\\/nafentmagazine.com\\\/\",\"name\":\"Nafent Magazine\",\"description\":\"The Catalan cycling magazine\",\"publisher\":{\"@id\":\"https:\\\/\\\/nafentmagazine.com\\\/#organization\"},\"alternateName\":\"Revista Nafent\",\"potentialAction\":[{\"@type\":\"SearchAction\",\"target\":{\"@type\":\"EntryPoint\",\"urlTemplate\":\"https:\\\/\\\/nafentmagazine.com\\\/?s={search_term_string}\"},\"query-input\":{\"@type\":\"PropertyValueSpecification\",\"valueRequired\":true,\"valueName\":\"search_term_string\"}}],\"inLanguage\":\"ca\"},{\"@type\":\"Organization\",\"@id\":\"https:\\\/\\\/nafentmagazine.com\\\/#organization\",\"name\":\"Nafent Magazine\",\"url\":\"https:\\\/\\\/nafentmagazine.com\\\/\",\"logo\":{\"@type\":\"ImageObject\",\"inLanguage\":\"ca\",\"@id\":\"https:\\\/\\\/nafentmagazine.com\\\/#\\\/schema\\\/logo\\\/image\\\/\",\"url\":\"https:\\\/\\\/nafentmagazine.com\\\/wp-content\\\/uploads\\\/2021\\\/12\\\/cropped-cropped-logo-full.png\",\"contentUrl\":\"https:\\\/\\\/nafentmagazine.com\\\/wp-content\\\/uploads\\\/2021\\\/12\\\/cropped-cropped-logo-full.png\",\"width\":900,\"height\":327,\"caption\":\"Nafent Magazine\"},\"image\":{\"@id\":\"https:\\\/\\\/nafentmagazine.com\\\/#\\\/schema\\\/logo\\\/image\\\/\"},\"sameAs\":[\"https:\\\/\\\/www.facebook.com\\\/Nafentmagazine\",\"https:\\\/\\\/www.instagram.com\\\/nafentmagazine\\\/\",\"https:\\\/\\\/www.linkedin.com\\\/company\\\/77097325\\\/\"]}]}<\/script>\n<!-- \/ Yoast SEO plugin. -->","yoast_head_json":{"title":"La Guia de Ciclisme de Girona de Nafent Magazine (gratu\u00efta)","description":"Et presentem la guia gratu\u00efta de ciclisme de Girona m\u00e9s actualitzada, plena de recomanacions que potser no coneixes de Girona per visitar amb bicicleta o sense. Celebra la fita de les deu edicions de la revista Nafent descarregant aquest especial de Girona de manera gratu\u00efta.","robots":{"index":"index","follow":"follow","max-snippet":"max-snippet:-1","max-image-preview":"max-image-preview:large","max-video-preview":"max-video-preview:-1"},"canonical":"https:\/\/nafentmagazine.com\/ca\/product\/the-free-nafent-magazine-girona-special\/","og_locale":"ca_ES","og_type":"article","og_title":"La Guia de Ciclisme de Girona de Nafent Magazine (gratu\u00efta)","og_description":"Et presentem la guia gratu\u00efta de ciclisme de Girona m\u00e9s actualitzada, plena de recomanacions que potser no coneixes de Girona per visitar amb bicicleta o sense. Celebra la fita de les deu edicions de la revista Nafent descarregant aquest especial de Girona de manera gratu\u00efta.","og_url":"https:\/\/nafentmagazine.com\/ca\/product\/the-free-nafent-magazine-girona-special\/","og_site_name":"Nafent Magazine","article_publisher":"https:\/\/www.facebook.com\/Nafentmagazine","article_modified_time":"2026-01-16T16:19:49+00:00","og_image":[{"width":2100,"height":2100,"url":"https:\/\/nafentmagazine.com\/wp-content\/uploads\/2024\/06\/Screenshot-2024-06-06-at-11.57.44.jpeg","type":"image\/jpeg"}],"twitter_card":"summary_large_image","schema":{"@context":"https:\/\/schema.org","@graph":[{"@type":"WebPage","@id":"https:\/\/nafentmagazine.com\/ca\/product\/the-free-nafent-magazine-girona-special\/","url":"https:\/\/nafentmagazine.com\/ca\/product\/the-free-nafent-magazine-girona-special\/","name":"La Guia de Ciclisme de Girona de Nafent Magazine (gratu\u00efta)","isPartOf":{"@id":"https:\/\/nafentmagazine.com\/#website"},"primaryImageOfPage":{"@id":"https:\/\/nafentmagazine.com\/ca\/product\/the-free-nafent-magazine-girona-special\/#primaryimage"},"image":{"@id":"https:\/\/nafentmagazine.com\/ca\/product\/the-free-nafent-magazine-girona-special\/#primaryimage"},"thumbnailUrl":"https:\/\/nafentmagazine.com\/wp-content\/uploads\/2024\/06\/Screenshot-2024-06-06-at-11.57.44.jpeg","datePublished":"2024-06-06T10:05:54+00:00","dateModified":"2026-01-16T16:19:49+00:00","description":"Et presentem la guia gratu\u00efta de ciclisme de Girona m\u00e9s actualitzada, plena de recomanacions que potser no coneixes de Girona per visitar amb bicicleta o sense. Celebra la fita de les deu edicions de la revista Nafent descarregant aquest especial de Girona de manera gratu\u00efta.","breadcrumb":{"@id":"https:\/\/nafentmagazine.com\/ca\/product\/the-free-nafent-magazine-girona-special\/#breadcrumb"},"inLanguage":"ca","potentialAction":[{"@type":"ReadAction","target":["https:\/\/nafentmagazine.com\/ca\/product\/the-free-nafent-magazine-girona-special\/"]}]},{"@type":"ImageObject","inLanguage":"ca","@id":"https:\/\/nafentmagazine.com\/ca\/product\/the-free-nafent-magazine-girona-special\/#primaryimage","url":"https:\/\/nafentmagazine.com\/wp-content\/uploads\/2024\/06\/Screenshot-2024-06-06-at-11.57.44.jpeg","contentUrl":"https:\/\/nafentmagazine.com\/wp-content\/uploads\/2024\/06\/Screenshot-2024-06-06-at-11.57.44.jpeg","width":2100,"height":2100,"caption":"Nafent Magazine Girona Special - una guia definitiva de ciclisme a Girona"},{"@type":"BreadcrumbList","@id":"https:\/\/nafentmagazine.com\/ca\/product\/the-free-nafent-magazine-girona-special\/#breadcrumb","itemListElement":[{"@type":"ListItem","position":1,"name":"Home","item":"https:\/\/nafentmagazine.com\/"},{"@type":"ListItem","position":2,"name":"Shop","item":"https:\/\/nafentmagazine.com\/ca\/shop\/"},{"@type":"ListItem","position":3,"name":"La Guia de Ciclisme de Girona de Nafent Magazine (gratu\u00efta)"}]},{"@type":"WebSite","@id":"https:\/\/nafentmagazine.com\/#website","url":"https:\/\/nafentmagazine.com\/","name":"Nafent Magazine","description":"The Catalan cycling magazine","publisher":{"@id":"https:\/\/nafentmagazine.com\/#organization"},"alternateName":"Revista Nafent","potentialAction":[{"@type":"SearchAction","target":{"@type":"EntryPoint","urlTemplate":"https:\/\/nafentmagazine.com\/?s={search_term_string}"},"query-input":{"@type":"PropertyValueSpecification","valueRequired":true,"valueName":"search_term_string"}}],"inLanguage":"ca"},{"@type":"Organization","@id":"https:\/\/nafentmagazine.com\/#organization","name":"Nafent Magazine","url":"https:\/\/nafentmagazine.com\/","logo":{"@type":"ImageObject","inLanguage":"ca","@id":"https:\/\/nafentmagazine.com\/#\/schema\/logo\/image\/","url":"https:\/\/nafentmagazine.com\/wp-content\/uploads\/2021\/12\/cropped-cropped-logo-full.png","contentUrl":"https:\/\/nafentmagazine.com\/wp-content\/uploads\/2021\/12\/cropped-cropped-logo-full.png","width":900,"height":327,"caption":"Nafent Magazine"},"image":{"@id":"https:\/\/nafentmagazine.com\/#\/schema\/logo\/image\/"},"sameAs":["https:\/\/www.facebook.com\/Nafentmagazine","https:\/\/www.instagram.com\/nafentmagazine\/","https:\/\/www.linkedin.com\/company\/77097325\/"]}]}},"jetpack_sharing_enabled":true,"_links":{"self":[{"href":"https:\/\/nafentmagazine.com\/ca\/wp-json\/wp\/v2\/product\/7191","targetHints":{"allow":["GET"]}}],"collection":[{"href":"https:\/\/nafentmagazine.com\/ca\/wp-json\/wp\/v2\/product"}],"about":[{"href":"https:\/\/nafentmagazine.com\/ca\/wp-json\/wp\/v2\/types\/product"}],"wp:featuredmedia":[{"embeddable":true,"href":"https:\/\/nafentmagazine.com\/ca\/wp-json\/wp\/v2\/media\/7155"}],"wp:attachment":[{"href":"https:\/\/nafentmagazine.com\/ca\/wp-json\/wp\/v2\/media?parent=7191"}],"wp:term":[{"taxonomy":"product_brand","embeddable":true,"href":"https:\/\/nafentmagazine.com\/ca\/wp-json\/wp\/v2\/product_brand?post=7191"},{"taxonomy":"product_cat","embeddable":true,"href":"https:\/\/nafentmagazine.com\/ca\/wp-json\/wp\/v2\/product_cat?post=7191"},{"taxonomy":"product_tag","embeddable":true,"href":"https:\/\/nafentmagazine.com\/ca\/wp-json\/wp\/v2\/product_tag?post=7191"}],"curies":[{"name":"wp","href":"https:\/\/api.w.org\/{rel}","templated":true}]}}