{"id":5370,"date":"2023-08-04T16:54:18","date_gmt":"2023-08-04T14:54:18","guid":{"rendered":"https:\/\/nafentmagazine.com\/?post_type=product&#038;p=5370"},"modified":"2026-01-15T21:22:44","modified_gmt":"2026-01-15T20:22:44","slug":"nafent-magazine-volum-7","status":"publish","type":"product","link":"https:\/\/nafentmagazine.com\/ca\/product\/nafent-magazine-volum-7\/","title":{"rendered":"Nafent Magazine volum 7"},"content":{"rendered":"<div class=\"flex flex-grow flex-col max-w-full\">\n<div class=\"min-h-[20px] text-message flex flex-col items-start whitespace-pre-wrap break-words [.text-message+&amp;]:mt-5 juice:w-full juice:items-end overflow-x-auto gap-2\" dir=\"auto\" data-message-author-role=\"assistant\" data-message-id=\"ac9a8065-7f7c-41d2-94a0-2285150f8738\">\n<div class=\"flex w-full flex-col gap-1 juice:empty:hidden juice:first:pt-[3px]\">\n<div class=\"markdown prose w-full break-words dark:prose-invert dark\">\n<p data-l-s=\"3456\">En el volum 7 de Nafent Magazine, la tercera edici\u00f3 del 2023, celebrem l&#8217;obertura de Syra Coffee a Girona, gaudim de sis rutes de caf\u00e8 fant\u00e0stiques des de Girona i explorem Andorra com a destinaci\u00f3 ciclista. La teva revista estar\u00e0 disponible immediatament al link de desc\u00e0rrega despr\u00e9s de la compra.<\/p>\n<\/div>\n<\/div>\n<\/div>\n<\/div>\n","protected":false},"excerpt":{"rendered":"<p>En el volum 7 de Nafent Magazine, la tercera edici\u00f3 del 2023, celebrem l&#8217;obertura de Syra Coffee a Girona, gaudim de sis rutes de caf\u00e8 fant\u00e0stiques des de Girona i explorem Andorra com a destinaci\u00f3 ciclista. La teva revista estar\u00e0 disponible immediatament al link de desc\u00e0rrega despr\u00e9s de la compra.<\/p>\n","protected":false},"featured_media":5372,"template":"","meta":{"_ppp_document_settings_meta":"","site-sidebar-layout":"default","site-content-layout":"default","ast-site-content-layout":"default","site-content-style":"default","site-sidebar-style":"default","ast-global-header-display":"","ast-banner-title-visibility":"","ast-main-header-display":"","ast-hfb-above-header-display":"","ast-hfb-below-header-display":"","ast-hfb-mobile-header-display":"","site-post-title":"","ast-breadcrumbs-content":"","ast-featured-img":"","footer-sml-layout":"","ast-disable-related-posts":"","theme-transparent-header-meta":"default","adv-header-id-meta":"","stick-header-meta":"","header-above-stick-meta":"","header-main-stick-meta":"","header-below-stick-meta":"","astra-migrate-meta-layouts":"set","ast-page-background-enabled":"default","ast-page-background-meta":{"desktop":{"background-color":"","background-image":"","background-repeat":"repeat","background-position":"center center","background-size":"auto","background-attachment":"scroll","background-type":"","background-media":"","overlay-type":"","overlay-color":"","overlay-opacity":"","overlay-gradient":""},"tablet":{"background-color":"","background-image":"","background-repeat":"repeat","background-position":"center center","background-size":"auto","background-attachment":"scroll","background-type":"","background-media":"","overlay-type":"","overlay-color":"","overlay-opacity":"","overlay-gradient":""},"mobile":{"background-color":"","background-image":"","background-repeat":"repeat","background-position":"center center","background-size":"auto","background-attachment":"scroll","background-type":"","background-media":"","overlay-type":"","overlay-color":"","overlay-opacity":"","overlay-gradient":""}},"ast-content-background-meta":{"desktop":{"background-color":"var(--ast-global-color-5)","background-image":"","background-repeat":"repeat","background-position":"center center","background-size":"auto","background-attachment":"scroll","background-type":"","background-media":"","overlay-type":"","overlay-color":"","overlay-opacity":"","overlay-gradient":""},"tablet":{"background-color":"var(--ast-global-color-5)","background-image":"","background-repeat":"repeat","background-position":"center center","background-size":"auto","background-attachment":"scroll","background-type":"","background-media":"","overlay-type":"","overlay-color":"","overlay-opacity":"","overlay-gradient":""},"mobile":{"background-color":"var(--ast-global-color-5)","background-image":"","background-repeat":"repeat","background-position":"center center","background-size":"auto","background-attachment":"scroll","background-type":"","background-media":"","overlay-type":"","overlay-color":"","overlay-opacity":"","overlay-gradient":""}}},"product_brand":[],"product_cat":[72],"product_tag":[],"class_list":{"0":"post-5370","1":"product","2":"type-product","3":"status-publish","4":"has-post-thumbnail","6":"product_cat-revistes-impreses","7":"desktop-align-left","8":"tablet-align-left","9":"mobile-align-left","11":"first","12":"instock","13":"taxable","14":"shipping-taxable","15":"purchasable","16":"product-type-variable"},"yoast_head":"<!-- This site is optimized with the Yoast SEO plugin v27.3 - https:\/\/yoast.com\/product\/yoast-seo-wordpress\/ -->\n<title>Nafent Magazine volum 7 | Nafent Magazine<\/title>\n<meta name=\"description\" content=\"En el volum 7 de Nafent Magazine, la tercera edici\u00f3 del 2023, celebrem l&#039;obertura de Syra Coffee a Girona, gaudim de sis rutes de caf\u00e8 fant\u00e0stiques des de Girona i explorem Andorra com a destinaci\u00f3 ciclista. La teva revista estar\u00e0 disponible immediatament al link de desc\u00e0rrega despr\u00e9s de la compra.\" \/>\n<meta name=\"robots\" content=\"index, follow, max-snippet:-1, max-image-preview:large, max-video-preview:-1\" \/>\n<link rel=\"canonical\" href=\"https:\/\/nafentmagazine.com\/ca\/product\/nafent-magazine-volum-7\/\" \/>\n<meta property=\"og:locale\" content=\"ca_ES\" \/>\n<meta property=\"og:type\" content=\"article\" \/>\n<meta property=\"og:title\" content=\"Nafent Magazine volum 7 | Nafent Magazine\" \/>\n<meta property=\"og:description\" content=\"En el volum 7 de Nafent Magazine, la tercera edici\u00f3 del 2023, celebrem l&#039;obertura de Syra Coffee a Girona, gaudim de sis rutes de caf\u00e8 fant\u00e0stiques des de Girona i explorem Andorra com a destinaci\u00f3 ciclista. La teva revista estar\u00e0 disponible immediatament al link de desc\u00e0rrega despr\u00e9s de la compra.\" \/>\n<meta property=\"og:url\" content=\"https:\/\/nafentmagazine.com\/ca\/product\/nafent-magazine-volum-7\/\" \/>\n<meta property=\"og:site_name\" content=\"Nafent Magazine\" \/>\n<meta property=\"article:publisher\" content=\"https:\/\/www.facebook.com\/Nafentmagazine\" \/>\n<meta property=\"article:modified_time\" content=\"2026-01-15T20:22:44+00:00\" \/>\n<meta property=\"og:image\" content=\"https:\/\/nafentmagazine.com\/wp-content\/uploads\/2023\/08\/volum7.png\" \/>\n\t<meta property=\"og:image:width\" content=\"800\" \/>\n\t<meta property=\"og:image:height\" content=\"706\" \/>\n\t<meta property=\"og:image:type\" content=\"image\/png\" \/>\n<meta name=\"twitter:card\" content=\"summary_large_image\" \/>\n<meta name=\"twitter:label1\" content=\"Temps estimat de lectura\" \/>\n\t<meta name=\"twitter:data1\" content=\"1 minut\" \/>\n<script type=\"application\/ld+json\" class=\"yoast-schema-graph\">{\"@context\":\"https:\\\/\\\/schema.org\",\"@graph\":[{\"@type\":\"WebPage\",\"@id\":\"https:\\\/\\\/nafentmagazine.com\\\/ca\\\/product\\\/nafent-magazine-volum-7\\\/\",\"url\":\"https:\\\/\\\/nafentmagazine.com\\\/ca\\\/product\\\/nafent-magazine-volum-7\\\/\",\"name\":\"Nafent Magazine volum 7 | Nafent Magazine\",\"isPartOf\":{\"@id\":\"https:\\\/\\\/nafentmagazine.com\\\/#website\"},\"primaryImageOfPage\":{\"@id\":\"https:\\\/\\\/nafentmagazine.com\\\/ca\\\/product\\\/nafent-magazine-volum-7\\\/#primaryimage\"},\"image\":{\"@id\":\"https:\\\/\\\/nafentmagazine.com\\\/ca\\\/product\\\/nafent-magazine-volum-7\\\/#primaryimage\"},\"thumbnailUrl\":\"https:\\\/\\\/nafentmagazine.com\\\/wp-content\\\/uploads\\\/2023\\\/08\\\/volum7.png\",\"datePublished\":\"2023-08-04T14:54:18+00:00\",\"dateModified\":\"2026-01-15T20:22:44+00:00\",\"description\":\"En el volum 7 de Nafent Magazine, la tercera edici\u00f3 del 2023, celebrem l'obertura de Syra Coffee a Girona, gaudim de sis rutes de caf\u00e8 fant\u00e0stiques des de Girona i explorem Andorra com a destinaci\u00f3 ciclista. La teva revista estar\u00e0 disponible immediatament al link de desc\u00e0rrega despr\u00e9s de la compra.\",\"breadcrumb\":{\"@id\":\"https:\\\/\\\/nafentmagazine.com\\\/ca\\\/product\\\/nafent-magazine-volum-7\\\/#breadcrumb\"},\"inLanguage\":\"ca\",\"potentialAction\":[{\"@type\":\"ReadAction\",\"target\":[\"https:\\\/\\\/nafentmagazine.com\\\/ca\\\/product\\\/nafent-magazine-volum-7\\\/\"]}]},{\"@type\":\"ImageObject\",\"inLanguage\":\"ca\",\"@id\":\"https:\\\/\\\/nafentmagazine.com\\\/ca\\\/product\\\/nafent-magazine-volum-7\\\/#primaryimage\",\"url\":\"https:\\\/\\\/nafentmagazine.com\\\/wp-content\\\/uploads\\\/2023\\\/08\\\/volum7.png\",\"contentUrl\":\"https:\\\/\\\/nafentmagazine.com\\\/wp-content\\\/uploads\\\/2023\\\/08\\\/volum7.png\",\"width\":800,\"height\":706},{\"@type\":\"BreadcrumbList\",\"@id\":\"https:\\\/\\\/nafentmagazine.com\\\/ca\\\/product\\\/nafent-magazine-volum-7\\\/#breadcrumb\",\"itemListElement\":[{\"@type\":\"ListItem\",\"position\":1,\"name\":\"Home\",\"item\":\"https:\\\/\\\/nafentmagazine.com\\\/\"},{\"@type\":\"ListItem\",\"position\":2,\"name\":\"Shop\",\"item\":\"https:\\\/\\\/nafentmagazine.com\\\/ca\\\/shop\\\/\"},{\"@type\":\"ListItem\",\"position\":3,\"name\":\"Nafent Magazine volum 7\"}]},{\"@type\":\"WebSite\",\"@id\":\"https:\\\/\\\/nafentmagazine.com\\\/#website\",\"url\":\"https:\\\/\\\/nafentmagazine.com\\\/\",\"name\":\"Nafent Magazine\",\"description\":\"The Catalan cycling magazine\",\"publisher\":{\"@id\":\"https:\\\/\\\/nafentmagazine.com\\\/#organization\"},\"alternateName\":\"Revista Nafent\",\"potentialAction\":[{\"@type\":\"SearchAction\",\"target\":{\"@type\":\"EntryPoint\",\"urlTemplate\":\"https:\\\/\\\/nafentmagazine.com\\\/?s={search_term_string}\"},\"query-input\":{\"@type\":\"PropertyValueSpecification\",\"valueRequired\":true,\"valueName\":\"search_term_string\"}}],\"inLanguage\":\"ca\"},{\"@type\":\"Organization\",\"@id\":\"https:\\\/\\\/nafentmagazine.com\\\/#organization\",\"name\":\"Nafent Magazine\",\"url\":\"https:\\\/\\\/nafentmagazine.com\\\/\",\"logo\":{\"@type\":\"ImageObject\",\"inLanguage\":\"ca\",\"@id\":\"https:\\\/\\\/nafentmagazine.com\\\/#\\\/schema\\\/logo\\\/image\\\/\",\"url\":\"https:\\\/\\\/nafentmagazine.com\\\/wp-content\\\/uploads\\\/2021\\\/12\\\/cropped-cropped-logo-full.png\",\"contentUrl\":\"https:\\\/\\\/nafentmagazine.com\\\/wp-content\\\/uploads\\\/2021\\\/12\\\/cropped-cropped-logo-full.png\",\"width\":900,\"height\":327,\"caption\":\"Nafent Magazine\"},\"image\":{\"@id\":\"https:\\\/\\\/nafentmagazine.com\\\/#\\\/schema\\\/logo\\\/image\\\/\"},\"sameAs\":[\"https:\\\/\\\/www.facebook.com\\\/Nafentmagazine\",\"https:\\\/\\\/www.instagram.com\\\/nafentmagazine\\\/\",\"https:\\\/\\\/www.linkedin.com\\\/company\\\/77097325\\\/\"]}]}<\/script>\n<!-- \/ Yoast SEO plugin. -->","yoast_head_json":{"title":"Nafent Magazine volum 7 | Nafent Magazine","description":"En el volum 7 de Nafent Magazine, la tercera edici\u00f3 del 2023, celebrem l'obertura de Syra Coffee a Girona, gaudim de sis rutes de caf\u00e8 fant\u00e0stiques des de Girona i explorem Andorra com a destinaci\u00f3 ciclista. La teva revista estar\u00e0 disponible immediatament al link de desc\u00e0rrega despr\u00e9s de la compra.","robots":{"index":"index","follow":"follow","max-snippet":"max-snippet:-1","max-image-preview":"max-image-preview:large","max-video-preview":"max-video-preview:-1"},"canonical":"https:\/\/nafentmagazine.com\/ca\/product\/nafent-magazine-volum-7\/","og_locale":"ca_ES","og_type":"article","og_title":"Nafent Magazine volum 7 | Nafent Magazine","og_description":"En el volum 7 de Nafent Magazine, la tercera edici\u00f3 del 2023, celebrem l'obertura de Syra Coffee a Girona, gaudim de sis rutes de caf\u00e8 fant\u00e0stiques des de Girona i explorem Andorra com a destinaci\u00f3 ciclista. La teva revista estar\u00e0 disponible immediatament al link de desc\u00e0rrega despr\u00e9s de la compra.","og_url":"https:\/\/nafentmagazine.com\/ca\/product\/nafent-magazine-volum-7\/","og_site_name":"Nafent Magazine","article_publisher":"https:\/\/www.facebook.com\/Nafentmagazine","article_modified_time":"2026-01-15T20:22:44+00:00","og_image":[{"width":800,"height":706,"url":"https:\/\/nafentmagazine.com\/wp-content\/uploads\/2023\/08\/volum7.png","type":"image\/png"}],"twitter_card":"summary_large_image","twitter_misc":{"Temps estimat de lectura":"1 minut"},"schema":{"@context":"https:\/\/schema.org","@graph":[{"@type":"WebPage","@id":"https:\/\/nafentmagazine.com\/ca\/product\/nafent-magazine-volum-7\/","url":"https:\/\/nafentmagazine.com\/ca\/product\/nafent-magazine-volum-7\/","name":"Nafent Magazine volum 7 | Nafent Magazine","isPartOf":{"@id":"https:\/\/nafentmagazine.com\/#website"},"primaryImageOfPage":{"@id":"https:\/\/nafentmagazine.com\/ca\/product\/nafent-magazine-volum-7\/#primaryimage"},"image":{"@id":"https:\/\/nafentmagazine.com\/ca\/product\/nafent-magazine-volum-7\/#primaryimage"},"thumbnailUrl":"https:\/\/nafentmagazine.com\/wp-content\/uploads\/2023\/08\/volum7.png","datePublished":"2023-08-04T14:54:18+00:00","dateModified":"2026-01-15T20:22:44+00:00","description":"En el volum 7 de Nafent Magazine, la tercera edici\u00f3 del 2023, celebrem l'obertura de Syra Coffee a Girona, gaudim de sis rutes de caf\u00e8 fant\u00e0stiques des de Girona i explorem Andorra com a destinaci\u00f3 ciclista. La teva revista estar\u00e0 disponible immediatament al link de desc\u00e0rrega despr\u00e9s de la compra.","breadcrumb":{"@id":"https:\/\/nafentmagazine.com\/ca\/product\/nafent-magazine-volum-7\/#breadcrumb"},"inLanguage":"ca","potentialAction":[{"@type":"ReadAction","target":["https:\/\/nafentmagazine.com\/ca\/product\/nafent-magazine-volum-7\/"]}]},{"@type":"ImageObject","inLanguage":"ca","@id":"https:\/\/nafentmagazine.com\/ca\/product\/nafent-magazine-volum-7\/#primaryimage","url":"https:\/\/nafentmagazine.com\/wp-content\/uploads\/2023\/08\/volum7.png","contentUrl":"https:\/\/nafentmagazine.com\/wp-content\/uploads\/2023\/08\/volum7.png","width":800,"height":706},{"@type":"BreadcrumbList","@id":"https:\/\/nafentmagazine.com\/ca\/product\/nafent-magazine-volum-7\/#breadcrumb","itemListElement":[{"@type":"ListItem","position":1,"name":"Home","item":"https:\/\/nafentmagazine.com\/"},{"@type":"ListItem","position":2,"name":"Shop","item":"https:\/\/nafentmagazine.com\/ca\/shop\/"},{"@type":"ListItem","position":3,"name":"Nafent Magazine volum 7"}]},{"@type":"WebSite","@id":"https:\/\/nafentmagazine.com\/#website","url":"https:\/\/nafentmagazine.com\/","name":"Nafent Magazine","description":"The Catalan cycling magazine","publisher":{"@id":"https:\/\/nafentmagazine.com\/#organization"},"alternateName":"Revista Nafent","potentialAction":[{"@type":"SearchAction","target":{"@type":"EntryPoint","urlTemplate":"https:\/\/nafentmagazine.com\/?s={search_term_string}"},"query-input":{"@type":"PropertyValueSpecification","valueRequired":true,"valueName":"search_term_string"}}],"inLanguage":"ca"},{"@type":"Organization","@id":"https:\/\/nafentmagazine.com\/#organization","name":"Nafent Magazine","url":"https:\/\/nafentmagazine.com\/","logo":{"@type":"ImageObject","inLanguage":"ca","@id":"https:\/\/nafentmagazine.com\/#\/schema\/logo\/image\/","url":"https:\/\/nafentmagazine.com\/wp-content\/uploads\/2021\/12\/cropped-cropped-logo-full.png","contentUrl":"https:\/\/nafentmagazine.com\/wp-content\/uploads\/2021\/12\/cropped-cropped-logo-full.png","width":900,"height":327,"caption":"Nafent Magazine"},"image":{"@id":"https:\/\/nafentmagazine.com\/#\/schema\/logo\/image\/"},"sameAs":["https:\/\/www.facebook.com\/Nafentmagazine","https:\/\/www.instagram.com\/nafentmagazine\/","https:\/\/www.linkedin.com\/company\/77097325\/"]}]}},"jetpack_sharing_enabled":true,"_links":{"self":[{"href":"https:\/\/nafentmagazine.com\/ca\/wp-json\/wp\/v2\/product\/5370","targetHints":{"allow":["GET"]}}],"collection":[{"href":"https:\/\/nafentmagazine.com\/ca\/wp-json\/wp\/v2\/product"}],"about":[{"href":"https:\/\/nafentmagazine.com\/ca\/wp-json\/wp\/v2\/types\/product"}],"wp:featuredmedia":[{"embeddable":true,"href":"https:\/\/nafentmagazine.com\/ca\/wp-json\/wp\/v2\/media\/5372"}],"wp:attachment":[{"href":"https:\/\/nafentmagazine.com\/ca\/wp-json\/wp\/v2\/media?parent=5370"}],"wp:term":[{"taxonomy":"product_brand","embeddable":true,"href":"https:\/\/nafentmagazine.com\/ca\/wp-json\/wp\/v2\/product_brand?post=5370"},{"taxonomy":"product_cat","embeddable":true,"href":"https:\/\/nafentmagazine.com\/ca\/wp-json\/wp\/v2\/product_cat?post=5370"},{"taxonomy":"product_tag","embeddable":true,"href":"https:\/\/nafentmagazine.com\/ca\/wp-json\/wp\/v2\/product_tag?post=5370"}],"curies":[{"name":"wp","href":"https:\/\/api.w.org\/{rel}","templated":true}]}}