{"id":12628,"date":"2026-04-01T11:58:59","date_gmt":"2026-04-01T09:58:59","guid":{"rendered":"https:\/\/nafentmagazine.com\/product\/nafent-running-magazine-launch-party-gratuita-lohodi-homes\/"},"modified":"2026-04-01T12:12:03","modified_gmt":"2026-04-01T10:12:03","slug":"nafent-running-magazine-launch-party-gratuita-lohodi-homes","status":"publish","type":"product","link":"https:\/\/nafentmagazine.com\/ca\/product\/nafent-running-magazine-launch-party-gratuita-lohodi-homes\/","title":{"rendered":"Nafent Running Magazine Launch Party (gratu\u00efta) | Lohodi Homes"},"content":{"rendered":"<div class=\"flex flex-col text-sm pb-25\">\n<section class=\"text-token-text-primary w-full focus:outline-none [--shadow-height:45px] has-data-writing-block:pointer-events-none has-data-writing-block:-mt-(--shadow-height) has-data-writing-block:pt-(--shadow-height) [&amp;:has([data-writing-block])&gt;*]:pointer-events-auto scroll-mt-[calc(var(--header-height)+min(200px,max(70px,20svh)))]\" dir=\"auto\" data-turn-id=\"request-WEB:7e319ed5-f486-456c-8a08-1623660d818f-1\" data-testid=\"conversation-turn-4\" data-scroll-anchor=\"true\" data-turn=\"assistant\">\n<div class=\"text-base my-auto mx-auto pb-10 [--thread-content-margin:var(--thread-content-margin-xs,calc(var(--spacing)*4))] @w-sm\/main:[--thread-content-margin:var(--thread-content-margin-sm,calc(var(--spacing)*6))] @w-lg\/main:[--thread-content-margin:var(--thread-content-margin-lg,calc(var(--spacing)*16))] px-(--thread-content-margin)\">\n<div class=\"[--thread-content-max-width:40rem] @w-lg\/main:[--thread-content-max-width:48rem] mx-auto max-w-(--thread-content-max-width) flex-1 group\/turn-messages focus-visible:outline-hidden relative flex w-full min-w-0 flex-col agent-turn\">\n<div class=\"flex max-w-full flex-col gap-4 grow\">\n<div class=\"min-h-8 text-message relative flex w-full flex-col items-end gap-2 text-start break-words whitespace-normal outline-none keyboard-focused:focus-ring [.text-message+&amp;]:mt-1\" dir=\"auto\" tabindex=\"0\" data-message-author-role=\"assistant\" data-message-id=\"a4290b9e-60c5-4c58-98e4-26595fcc0b47\" data-message-model-slug=\"gpt-5-3\" data-turn-start-message=\"true\">\n<div class=\"flex w-full flex-col gap-1 empty:hidden\">\n<div class=\"markdown prose dark:prose-invert w-full wrap-break-word dark markdown-new-styling\">\n<p data-start=\"0\" data-end=\"45\" data-is-last-node=\"\" data-is-only-node=\"\" data-l-s=\"12503\">Arriba NAFENT RUNNING MAGAZINE \u2014 ISSUE 01 \ud83d\udda4<\/p>\n<p data-start=\"0\" data-end=\"45\" data-is-last-node=\"\" data-is-only-node=\"\" data-l-s=\"12503\">Uneix-te a la festa de llan\u00e7ament gratis!<\/p>\n<\/div>\n<\/div>\n<\/div>\n<\/div>\n<\/div>\n<\/div>\n<\/section>\n<\/div>\n","protected":false},"excerpt":{"rendered":"<p data-start=\"0\" data-end=\"193\">Fa anys que estem darrere de la revista de ciclisme de Nafent, i ara fem el pas cap al running amb aquest primer n\u00famero, en format biling\u00fce i amb la mateixa ess\u00e8ncia: comunitat, esport i estil de vida.<\/p>\n<p data-start=\"195\" data-end=\"233\">Un mat\u00ed per moure\u2019ns, connectar i compartir.<\/p>\n<p data-start=\"235\" data-end=\"489\">\ud83d\udccd Programa: <br data-start=\"248\" data-end=\"251\">10:30 h \u2014 Trobada a LOHODI Homes <br data-start=\"279\" data-end=\"282\">11:00\u201312:00 h \u2014 Social run guiat per la Judit i la M\u00f2nica (amb sortida i tornada a LOHODI Homes) <br data-start=\"371\" data-end=\"374\">12:00 h \u2014 Classe de funcional (for\u00e7a i respiraci\u00f3) <br data-start=\"434\" data-end=\"437\" data-is-only-node=\"\">12:30 h \u2014 Llan\u00e7ament de la revista + brunch <br data-start=\"469\" data-end=\"472\">14:00 h \u2014 Tancament<\/p>\n<p data-start=\"491\" data-end=\"590\">El recorregut ser\u00e0 per la zona de LOHODI Homes, envoltats de natura i camins de l\u2019Empord\u00e0.<\/p>\n<p data-start=\"592\" data-end=\"712\">\u2615\ufe0f Caf\u00e8 d\u2019especialitat de la m\u00e0 de La Maglia Coffee <br data-start=\"631\" data-end=\"634\">\ud83e\udd50 Brunch per tancar el mat\u00ed <br data-start=\"666\" data-end=\"669\">\ud83c\udfc3\u200d\u2640\ufe0f Running, comunitat i bona energia<\/p>\n<p data-start=\"714\" data-end=\"740\" data-is-last-node=\"\" data-is-only-node=\"\" data-l-s=\"92092\">Us hi esperem \u2728<\/p>\n","protected":false},"featured_media":12625,"template":"","meta":{"_ppp_document_settings_meta":"","site-sidebar-layout":"default","site-content-layout":"","ast-site-content-layout":"default","site-content-style":"default","site-sidebar-style":"default","ast-global-header-display":"","ast-banner-title-visibility":"","ast-main-header-display":"","ast-hfb-above-header-display":"","ast-hfb-below-header-display":"","ast-hfb-mobile-header-display":"","site-post-title":"","ast-breadcrumbs-content":"","ast-featured-img":"","footer-sml-layout":"","ast-disable-related-posts":"","theme-transparent-header-meta":"default","adv-header-id-meta":"","stick-header-meta":"","header-above-stick-meta":"","header-main-stick-meta":"","header-below-stick-meta":"","astra-migrate-meta-layouts":"default","ast-page-background-enabled":"default","ast-page-background-meta":{"desktop":{"background-color":"","background-image":"","background-repeat":"repeat","background-position":"center center","background-size":"auto","background-attachment":"scroll","background-type":"","background-media":"","overlay-type":"","overlay-color":"","overlay-opacity":"","overlay-gradient":""},"tablet":{"background-color":"","background-image":"","background-repeat":"repeat","background-position":"center center","background-size":"auto","background-attachment":"scroll","background-type":"","background-media":"","overlay-type":"","overlay-color":"","overlay-opacity":"","overlay-gradient":""},"mobile":{"background-color":"","background-image":"","background-repeat":"repeat","background-position":"center center","background-size":"auto","background-attachment":"scroll","background-type":"","background-media":"","overlay-type":"","overlay-color":"","overlay-opacity":"","overlay-gradient":""}},"ast-content-background-meta":{"desktop":{"background-color":"var(--ast-global-color-5)","background-image":"","background-repeat":"repeat","background-position":"center center","background-size":"auto","background-attachment":"scroll","background-type":"","background-media":"","overlay-type":"","overlay-color":"","overlay-opacity":"","overlay-gradient":""},"tablet":{"background-color":"var(--ast-global-color-5)","background-image":"","background-repeat":"repeat","background-position":"center center","background-size":"auto","background-attachment":"scroll","background-type":"","background-media":"","overlay-type":"","overlay-color":"","overlay-opacity":"","overlay-gradient":""},"mobile":{"background-color":"var(--ast-global-color-5)","background-image":"","background-repeat":"repeat","background-position":"center center","background-size":"auto","background-attachment":"scroll","background-type":"","background-media":"","overlay-type":"","overlay-color":"","overlay-opacity":"","overlay-gradient":""}}},"product_brand":[],"product_cat":[291],"product_tag":[292,293],"class_list":{"0":"post-12628","1":"product","2":"type-product","3":"status-publish","4":"has-post-thumbnail","6":"product_cat-nafent-social-club","7":"product_tag-nafent-social-club","8":"product_tag-nafent-social-run","9":"desktop-align-left","10":"tablet-align-left","11":"mobile-align-left","13":"first","14":"instock","15":"sold-individually","16":"taxable","17":"shipping-taxable","18":"purchasable","19":"product-type-variable"},"yoast_head":"<!-- This site is optimized with the Yoast SEO plugin v27.5 - https:\/\/yoast.com\/product\/yoast-seo-wordpress\/ -->\n<title>Nafent Running Magazine Launch Party (gratu\u00efta) | Lohodi Homes | Nafent Magazine<\/title>\n<meta name=\"description\" content=\"Fa anys que estem darrere de la revista de ciclisme de Nafent, i ara fem el pas cap al running amb aquest primer n\u00famero, en format biling\u00fce i amb la mateixa ess\u00e8ncia: comunitat, esport i estil de vida.\" \/>\n<meta name=\"robots\" content=\"index, follow, max-snippet:-1, max-image-preview:large, max-video-preview:-1\" \/>\n<link rel=\"canonical\" href=\"https:\/\/nafentmagazine.com\/ca\/product\/nafent-running-magazine-launch-party-gratuita-lohodi-homes\/\" \/>\n<meta property=\"og:locale\" content=\"ca_ES\" \/>\n<meta property=\"og:type\" content=\"article\" \/>\n<meta property=\"og:title\" content=\"Nafent Running Magazine Launch Party (gratu\u00efta) | Lohodi Homes | Nafent Magazine\" \/>\n<meta property=\"og:description\" content=\"Fa anys que estem darrere de la revista de ciclisme de Nafent, i ara fem el pas cap al running amb aquest primer n\u00famero, en format biling\u00fce i amb la mateixa ess\u00e8ncia: comunitat, esport i estil de vida.\" \/>\n<meta property=\"og:url\" content=\"https:\/\/nafentmagazine.com\/ca\/product\/nafent-running-magazine-launch-party-gratuita-lohodi-homes\/\" \/>\n<meta property=\"og:site_name\" content=\"Nafent Magazine\" \/>\n<meta property=\"article:publisher\" content=\"https:\/\/www.facebook.com\/Nafentmagazine\" \/>\n<meta property=\"article:modified_time\" content=\"2026-04-01T10:12:03+00:00\" \/>\n<meta property=\"og:image\" content=\"https:\/\/nafentmagazine.com\/wp-content\/uploads\/2026\/04\/WhatsApp-Image-2026-04-01-at-11.webp\" \/>\n\t<meta property=\"og:image:width\" content=\"1080\" \/>\n\t<meta property=\"og:image:height\" content=\"1350\" \/>\n\t<meta property=\"og:image:type\" content=\"image\/webp\" \/>\n<meta name=\"twitter:card\" content=\"summary_large_image\" \/>\n<script type=\"application\/ld+json\" class=\"yoast-schema-graph\">{\"@context\":\"https:\\\/\\\/schema.org\",\"@graph\":[{\"@type\":\"WebPage\",\"@id\":\"https:\\\/\\\/nafentmagazine.com\\\/ca\\\/product\\\/nafent-running-magazine-launch-party-gratuita-lohodi-homes\\\/\",\"url\":\"https:\\\/\\\/nafentmagazine.com\\\/ca\\\/product\\\/nafent-running-magazine-launch-party-gratuita-lohodi-homes\\\/\",\"name\":\"Nafent Running Magazine Launch Party (gratu\u00efta) | Lohodi Homes | Nafent Magazine\",\"isPartOf\":{\"@id\":\"https:\\\/\\\/nafentmagazine.com\\\/#website\"},\"primaryImageOfPage\":{\"@id\":\"https:\\\/\\\/nafentmagazine.com\\\/ca\\\/product\\\/nafent-running-magazine-launch-party-gratuita-lohodi-homes\\\/#primaryimage\"},\"image\":{\"@id\":\"https:\\\/\\\/nafentmagazine.com\\\/ca\\\/product\\\/nafent-running-magazine-launch-party-gratuita-lohodi-homes\\\/#primaryimage\"},\"thumbnailUrl\":\"https:\\\/\\\/nafentmagazine.com\\\/wp-content\\\/uploads\\\/2026\\\/04\\\/WhatsApp-Image-2026-04-01-at-11.webp\",\"datePublished\":\"2026-04-01T09:58:59+00:00\",\"dateModified\":\"2026-04-01T10:12:03+00:00\",\"description\":\"Fa anys que estem darrere de la revista de ciclisme de Nafent, i ara fem el pas cap al running amb aquest primer n\u00famero, en format biling\u00fce i amb la mateixa ess\u00e8ncia: comunitat, esport i estil de vida.\",\"breadcrumb\":{\"@id\":\"https:\\\/\\\/nafentmagazine.com\\\/ca\\\/product\\\/nafent-running-magazine-launch-party-gratuita-lohodi-homes\\\/#breadcrumb\"},\"inLanguage\":\"ca\",\"potentialAction\":[{\"@type\":\"ReadAction\",\"target\":[\"https:\\\/\\\/nafentmagazine.com\\\/ca\\\/product\\\/nafent-running-magazine-launch-party-gratuita-lohodi-homes\\\/\"]}]},{\"@type\":\"ImageObject\",\"inLanguage\":\"ca\",\"@id\":\"https:\\\/\\\/nafentmagazine.com\\\/ca\\\/product\\\/nafent-running-magazine-launch-party-gratuita-lohodi-homes\\\/#primaryimage\",\"url\":\"https:\\\/\\\/nafentmagazine.com\\\/wp-content\\\/uploads\\\/2026\\\/04\\\/WhatsApp-Image-2026-04-01-at-11.webp\",\"contentUrl\":\"https:\\\/\\\/nafentmagazine.com\\\/wp-content\\\/uploads\\\/2026\\\/04\\\/WhatsApp-Image-2026-04-01-at-11.webp\",\"width\":1080,\"height\":1350,\"caption\":\"Nafent Running\"},{\"@type\":\"BreadcrumbList\",\"@id\":\"https:\\\/\\\/nafentmagazine.com\\\/ca\\\/product\\\/nafent-running-magazine-launch-party-gratuita-lohodi-homes\\\/#breadcrumb\",\"itemListElement\":[{\"@type\":\"ListItem\",\"position\":1,\"name\":\"Home\",\"item\":\"https:\\\/\\\/nafentmagazine.com\\\/\"},{\"@type\":\"ListItem\",\"position\":2,\"name\":\"Shop\",\"item\":\"https:\\\/\\\/nafentmagazine.com\\\/ca\\\/shop\\\/\"},{\"@type\":\"ListItem\",\"position\":3,\"name\":\"Nafent Running Magazine Launch Party (gratu\u00efta) | Lohodi Homes\"}]},{\"@type\":\"WebSite\",\"@id\":\"https:\\\/\\\/nafentmagazine.com\\\/#website\",\"url\":\"https:\\\/\\\/nafentmagazine.com\\\/\",\"name\":\"Nafent Magazine\",\"description\":\"The Catalan cycling magazine\",\"publisher\":{\"@id\":\"https:\\\/\\\/nafentmagazine.com\\\/#organization\"},\"alternateName\":\"Revista Nafent\",\"potentialAction\":[{\"@type\":\"SearchAction\",\"target\":{\"@type\":\"EntryPoint\",\"urlTemplate\":\"https:\\\/\\\/nafentmagazine.com\\\/?s={search_term_string}\"},\"query-input\":{\"@type\":\"PropertyValueSpecification\",\"valueRequired\":true,\"valueName\":\"search_term_string\"}}],\"inLanguage\":\"ca\"},{\"@type\":\"Organization\",\"@id\":\"https:\\\/\\\/nafentmagazine.com\\\/#organization\",\"name\":\"Nafent Magazine\",\"url\":\"https:\\\/\\\/nafentmagazine.com\\\/\",\"logo\":{\"@type\":\"ImageObject\",\"inLanguage\":\"ca\",\"@id\":\"https:\\\/\\\/nafentmagazine.com\\\/#\\\/schema\\\/logo\\\/image\\\/\",\"url\":\"https:\\\/\\\/nafentmagazine.com\\\/wp-content\\\/uploads\\\/2021\\\/12\\\/cropped-cropped-logo-full.png\",\"contentUrl\":\"https:\\\/\\\/nafentmagazine.com\\\/wp-content\\\/uploads\\\/2021\\\/12\\\/cropped-cropped-logo-full.png\",\"width\":900,\"height\":327,\"caption\":\"Nafent Magazine\"},\"image\":{\"@id\":\"https:\\\/\\\/nafentmagazine.com\\\/#\\\/schema\\\/logo\\\/image\\\/\"},\"sameAs\":[\"https:\\\/\\\/www.facebook.com\\\/Nafentmagazine\",\"https:\\\/\\\/www.instagram.com\\\/nafentmagazine\\\/\",\"https:\\\/\\\/www.linkedin.com\\\/company\\\/77097325\\\/\"]}]}<\/script>\n<!-- \/ Yoast SEO plugin. -->","yoast_head_json":{"title":"Nafent Running Magazine Launch Party (gratu\u00efta) | Lohodi Homes | Nafent Magazine","description":"Fa anys que estem darrere de la revista de ciclisme de Nafent, i ara fem el pas cap al running amb aquest primer n\u00famero, en format biling\u00fce i amb la mateixa ess\u00e8ncia: comunitat, esport i estil de vida.","robots":{"index":"index","follow":"follow","max-snippet":"max-snippet:-1","max-image-preview":"max-image-preview:large","max-video-preview":"max-video-preview:-1"},"canonical":"https:\/\/nafentmagazine.com\/ca\/product\/nafent-running-magazine-launch-party-gratuita-lohodi-homes\/","og_locale":"ca_ES","og_type":"article","og_title":"Nafent Running Magazine Launch Party (gratu\u00efta) | Lohodi Homes | Nafent Magazine","og_description":"Fa anys que estem darrere de la revista de ciclisme de Nafent, i ara fem el pas cap al running amb aquest primer n\u00famero, en format biling\u00fce i amb la mateixa ess\u00e8ncia: comunitat, esport i estil de vida.","og_url":"https:\/\/nafentmagazine.com\/ca\/product\/nafent-running-magazine-launch-party-gratuita-lohodi-homes\/","og_site_name":"Nafent Magazine","article_publisher":"https:\/\/www.facebook.com\/Nafentmagazine","article_modified_time":"2026-04-01T10:12:03+00:00","og_image":[{"width":1080,"height":1350,"url":"https:\/\/nafentmagazine.com\/wp-content\/uploads\/2026\/04\/WhatsApp-Image-2026-04-01-at-11.webp","type":"image\/webp"}],"twitter_card":"summary_large_image","schema":{"@context":"https:\/\/schema.org","@graph":[{"@type":"WebPage","@id":"https:\/\/nafentmagazine.com\/ca\/product\/nafent-running-magazine-launch-party-gratuita-lohodi-homes\/","url":"https:\/\/nafentmagazine.com\/ca\/product\/nafent-running-magazine-launch-party-gratuita-lohodi-homes\/","name":"Nafent Running Magazine Launch Party (gratu\u00efta) | Lohodi Homes | Nafent Magazine","isPartOf":{"@id":"https:\/\/nafentmagazine.com\/#website"},"primaryImageOfPage":{"@id":"https:\/\/nafentmagazine.com\/ca\/product\/nafent-running-magazine-launch-party-gratuita-lohodi-homes\/#primaryimage"},"image":{"@id":"https:\/\/nafentmagazine.com\/ca\/product\/nafent-running-magazine-launch-party-gratuita-lohodi-homes\/#primaryimage"},"thumbnailUrl":"https:\/\/nafentmagazine.com\/wp-content\/uploads\/2026\/04\/WhatsApp-Image-2026-04-01-at-11.webp","datePublished":"2026-04-01T09:58:59+00:00","dateModified":"2026-04-01T10:12:03+00:00","description":"Fa anys que estem darrere de la revista de ciclisme de Nafent, i ara fem el pas cap al running amb aquest primer n\u00famero, en format biling\u00fce i amb la mateixa ess\u00e8ncia: comunitat, esport i estil de vida.","breadcrumb":{"@id":"https:\/\/nafentmagazine.com\/ca\/product\/nafent-running-magazine-launch-party-gratuita-lohodi-homes\/#breadcrumb"},"inLanguage":"ca","potentialAction":[{"@type":"ReadAction","target":["https:\/\/nafentmagazine.com\/ca\/product\/nafent-running-magazine-launch-party-gratuita-lohodi-homes\/"]}]},{"@type":"ImageObject","inLanguage":"ca","@id":"https:\/\/nafentmagazine.com\/ca\/product\/nafent-running-magazine-launch-party-gratuita-lohodi-homes\/#primaryimage","url":"https:\/\/nafentmagazine.com\/wp-content\/uploads\/2026\/04\/WhatsApp-Image-2026-04-01-at-11.webp","contentUrl":"https:\/\/nafentmagazine.com\/wp-content\/uploads\/2026\/04\/WhatsApp-Image-2026-04-01-at-11.webp","width":1080,"height":1350,"caption":"Nafent Running"},{"@type":"BreadcrumbList","@id":"https:\/\/nafentmagazine.com\/ca\/product\/nafent-running-magazine-launch-party-gratuita-lohodi-homes\/#breadcrumb","itemListElement":[{"@type":"ListItem","position":1,"name":"Home","item":"https:\/\/nafentmagazine.com\/"},{"@type":"ListItem","position":2,"name":"Shop","item":"https:\/\/nafentmagazine.com\/ca\/shop\/"},{"@type":"ListItem","position":3,"name":"Nafent Running Magazine Launch Party (gratu\u00efta) | Lohodi Homes"}]},{"@type":"WebSite","@id":"https:\/\/nafentmagazine.com\/#website","url":"https:\/\/nafentmagazine.com\/","name":"Nafent Magazine","description":"The Catalan cycling magazine","publisher":{"@id":"https:\/\/nafentmagazine.com\/#organization"},"alternateName":"Revista Nafent","potentialAction":[{"@type":"SearchAction","target":{"@type":"EntryPoint","urlTemplate":"https:\/\/nafentmagazine.com\/?s={search_term_string}"},"query-input":{"@type":"PropertyValueSpecification","valueRequired":true,"valueName":"search_term_string"}}],"inLanguage":"ca"},{"@type":"Organization","@id":"https:\/\/nafentmagazine.com\/#organization","name":"Nafent Magazine","url":"https:\/\/nafentmagazine.com\/","logo":{"@type":"ImageObject","inLanguage":"ca","@id":"https:\/\/nafentmagazine.com\/#\/schema\/logo\/image\/","url":"https:\/\/nafentmagazine.com\/wp-content\/uploads\/2021\/12\/cropped-cropped-logo-full.png","contentUrl":"https:\/\/nafentmagazine.com\/wp-content\/uploads\/2021\/12\/cropped-cropped-logo-full.png","width":900,"height":327,"caption":"Nafent Magazine"},"image":{"@id":"https:\/\/nafentmagazine.com\/#\/schema\/logo\/image\/"},"sameAs":["https:\/\/www.facebook.com\/Nafentmagazine","https:\/\/www.instagram.com\/nafentmagazine\/","https:\/\/www.linkedin.com\/company\/77097325\/"]}]}},"jetpack_sharing_enabled":true,"_links":{"self":[{"href":"https:\/\/nafentmagazine.com\/ca\/wp-json\/wp\/v2\/product\/12628","targetHints":{"allow":["GET"]}}],"collection":[{"href":"https:\/\/nafentmagazine.com\/ca\/wp-json\/wp\/v2\/product"}],"about":[{"href":"https:\/\/nafentmagazine.com\/ca\/wp-json\/wp\/v2\/types\/product"}],"wp:featuredmedia":[{"embeddable":true,"href":"https:\/\/nafentmagazine.com\/ca\/wp-json\/wp\/v2\/media\/12625"}],"wp:attachment":[{"href":"https:\/\/nafentmagazine.com\/ca\/wp-json\/wp\/v2\/media?parent=12628"}],"wp:term":[{"taxonomy":"product_brand","embeddable":true,"href":"https:\/\/nafentmagazine.com\/ca\/wp-json\/wp\/v2\/product_brand?post=12628"},{"taxonomy":"product_cat","embeddable":true,"href":"https:\/\/nafentmagazine.com\/ca\/wp-json\/wp\/v2\/product_cat?post=12628"},{"taxonomy":"product_tag","embeddable":true,"href":"https:\/\/nafentmagazine.com\/ca\/wp-json\/wp\/v2\/product_tag?post=12628"}],"curies":[{"name":"wp","href":"https:\/\/api.w.org\/{rel}","templated":true}]}}