{"id":12499,"date":"2026-03-24T15:58:50","date_gmt":"2026-03-24T14:58:50","guid":{"rendered":"https:\/\/nafentmagazine.com\/?post_type=product&#038;p=12499"},"modified":"2026-03-24T22:32:30","modified_gmt":"2026-03-24T21:32:30","slug":"runbacoa-a-nafent-x-humor-amarillo-experience-18-dabril","status":"publish","type":"product","link":"https:\/\/nafentmagazine.com\/ca\/product\/runbacoa-a-nafent-x-humor-amarillo-experience-18-dabril\/","title":{"rendered":"RUNBACOA \u2013 a Nafent X Humor Amarillo Experience (18 D\u2019ABRIL)"},"content":{"rendered":"<p>\ud83d\udccdUbicacio:<br \/>\nHUMOR AMARILLO PARK.<br \/>\nCtra de Sant Marti d&#8217;Emp\u00faries, SANT PERE PESCADOR.<\/p>\n","protected":false},"excerpt":{"rendered":"<p>Prepara\u2019t per viure un dia \u00e8pic on l\u2019esport, la diversi\u00f3 i el bon rotllo es fusionen en una experi\u00e8ncia \u00fanica \ud83d\ude80<\/p>\n<p>No \u00e9s nom\u00e9s un Social run\u2026 \u00e9s LA RUNBACOA \ud83d\ude0f<\/p>\n<p>Comencem amb un Coffee Meetup a les 10:30h per activar motors (caf\u00e8 + esmorzar)<\/p>\n<p>\ud83c\udfc3\u200d\u2642\ufe0f A les 11h arrenca la RUN de 6km (ritme social) o WALK (tu tries caminar o corre)<\/p>\n<p>\u26a1\ufe0fDe 12h a 13:30h\u2026 arriba el moment m\u00e9s esperat: HUMOR AMARILLO!<\/p>\n<p>\ud83d\udebf GET READY (vestidors i dutxes) per posar-te guap@ de 13:30h a 14h<\/p>\n<p>\ud83c\udf78 Obrim gana amb un vermut + pica-pica<\/p>\n<p>\ud83d\udd25 I a les 14:30h\u2026 BARBACOA + 3 consumisions (cerveza \u2022 vi \u2022 aigua) per recuperar forces com cal<\/p>\n<p>\ud83c\udf81 A la tarda, SORTEJOS amb premis molt TOP<br \/>\n\ud83c\udf89 I acabem amb un TARDEO brutal fins que s\u2019amagui el sol<br \/>\n\u26a0\ufe0f Qualsevol dubte ens podeu escriure 681155224 o 691 05 32 45<br \/>\n\ud83d\udc49 Compra la teva entrada ara i assegura\u2019t un dia que recordar\u00e0s<\/p>\n<p>\ud83d\udccdUbicacio:<br \/>\nHUMOR AMARILLO PARK.<br \/>\nCtra de Sant Marti d\u2019Emp\u00faries, SANT PERE PESCADOR.<\/p>\n","protected":false},"featured_media":12500,"template":"","meta":{"_ppp_document_settings_meta":"","site-sidebar-layout":"default","site-content-layout":"","ast-site-content-layout":"default","site-content-style":"default","site-sidebar-style":"default","ast-global-header-display":"","ast-banner-title-visibility":"","ast-main-header-display":"","ast-hfb-above-header-display":"","ast-hfb-below-header-display":"","ast-hfb-mobile-header-display":"","site-post-title":"","ast-breadcrumbs-content":"","ast-featured-img":"","footer-sml-layout":"","ast-disable-related-posts":"","theme-transparent-header-meta":"default","adv-header-id-meta":"","stick-header-meta":"","header-above-stick-meta":"","header-main-stick-meta":"","header-below-stick-meta":"","astra-migrate-meta-layouts":"set","ast-page-background-enabled":"default","ast-page-background-meta":{"desktop":{"background-color":"","background-image":"","background-repeat":"repeat","background-position":"center center","background-size":"auto","background-attachment":"scroll","background-type":"","background-media":"","overlay-type":"","overlay-color":"","overlay-opacity":"","overlay-gradient":""},"tablet":{"background-color":"","background-image":"","background-repeat":"repeat","background-position":"center center","background-size":"auto","background-attachment":"scroll","background-type":"","background-media":"","overlay-type":"","overlay-color":"","overlay-opacity":"","overlay-gradient":""},"mobile":{"background-color":"","background-image":"","background-repeat":"repeat","background-position":"center center","background-size":"auto","background-attachment":"scroll","background-type":"","background-media":"","overlay-type":"","overlay-color":"","overlay-opacity":"","overlay-gradient":""}},"ast-content-background-meta":{"desktop":{"background-color":"var(--ast-global-color-5)","background-image":"","background-repeat":"repeat","background-position":"center center","background-size":"auto","background-attachment":"scroll","background-type":"","background-media":"","overlay-type":"","overlay-color":"","overlay-opacity":"","overlay-gradient":""},"tablet":{"background-color":"var(--ast-global-color-5)","background-image":"","background-repeat":"repeat","background-position":"center center","background-size":"auto","background-attachment":"scroll","background-type":"","background-media":"","overlay-type":"","overlay-color":"","overlay-opacity":"","overlay-gradient":""},"mobile":{"background-color":"var(--ast-global-color-5)","background-image":"","background-repeat":"repeat","background-position":"center center","background-size":"auto","background-attachment":"scroll","background-type":"","background-media":"","overlay-type":"","overlay-color":"","overlay-opacity":"","overlay-gradient":""}}},"product_brand":[],"product_cat":[287],"product_tag":[288],"class_list":{"0":"post-12499","1":"product","2":"type-product","3":"status-publish","4":"has-post-thumbnail","6":"product_cat-nafent-social-club","7":"product_tag-nafent-social-club","8":"desktop-align-left","9":"tablet-align-left","10":"mobile-align-left","12":"first","13":"instock","14":"virtual","15":"sold-individually","16":"taxable","17":"purchasable","18":"product-type-simple"},"yoast_head":"<!-- This site is optimized with the Yoast SEO plugin v27.3 - https:\/\/yoast.com\/product\/yoast-seo-wordpress\/ -->\n<title>RUNBACOA \u2013 a Nafent X Humor Amarillo Experience (18 D\u2019ABRIL) | Nafent Magazine<\/title>\n<meta name=\"description\" content=\"Prepara\u2019t per viure un dia \u00e8pic on l\u2019esport, la diversi\u00f3 i el bon rotllo es fusionen en una experi\u00e8ncia \u00fanica \ud83d\ude80No \u00e9s nom\u00e9s un Social run\u2026 \u00e9s LA RUNBACOA \ud83d\ude0f\" \/>\n<meta name=\"robots\" content=\"index, follow, max-snippet:-1, max-image-preview:large, max-video-preview:-1\" \/>\n<link rel=\"canonical\" href=\"https:\/\/nafentmagazine.com\/product\/runbacoa-a-nafent-x-humor-amarillo-experience-18-dabril\/\" \/>\n<meta property=\"og:locale\" content=\"ca_ES\" \/>\n<meta property=\"og:type\" content=\"article\" \/>\n<meta property=\"og:title\" content=\"RUNBACOA \u2013 a Nafent X Humor Amarillo Experience (18 D\u2019ABRIL) | Nafent Magazine\" \/>\n<meta property=\"og:description\" content=\"Prepara\u2019t per viure un dia \u00e8pic on l\u2019esport, la diversi\u00f3 i el bon rotllo es fusionen en una experi\u00e8ncia \u00fanica \ud83d\ude80No \u00e9s nom\u00e9s un Social run\u2026 \u00e9s LA RUNBACOA \ud83d\ude0f\" \/>\n<meta property=\"og:url\" content=\"https:\/\/nafentmagazine.com\/product\/runbacoa-a-nafent-x-humor-amarillo-experience-18-dabril\/\" \/>\n<meta property=\"og:site_name\" content=\"Nafent Magazine\" \/>\n<meta property=\"article:publisher\" content=\"https:\/\/www.facebook.com\/Nafentmagazine\" \/>\n<meta property=\"article:modified_time\" content=\"2026-03-24T21:32:30+00:00\" \/>\n<meta property=\"og:image\" content=\"https:\/\/nafentmagazine.com\/wp-content\/uploads\/2026\/03\/WhatsApp-Image-2026-03-24-at-14.31.31.jpeg\" \/>\n\t<meta property=\"og:image:width\" content=\"1080\" \/>\n\t<meta property=\"og:image:height\" content=\"1350\" \/>\n\t<meta property=\"og:image:type\" content=\"image\/jpeg\" \/>\n<meta name=\"twitter:card\" content=\"summary_large_image\" \/>\n<meta name=\"twitter:label1\" content=\"Temps estimat de lectura\" \/>\n\t<meta name=\"twitter:data1\" content=\"1 minut\" \/>\n<script type=\"application\/ld+json\" class=\"yoast-schema-graph\">{\"@context\":\"https:\\\/\\\/schema.org\",\"@graph\":[{\"@type\":\"WebPage\",\"@id\":\"https:\\\/\\\/nafentmagazine.com\\\/product\\\/runbacoa-a-nafent-x-humor-amarillo-experience-18-dabril\\\/\",\"url\":\"https:\\\/\\\/nafentmagazine.com\\\/product\\\/runbacoa-a-nafent-x-humor-amarillo-experience-18-dabril\\\/\",\"name\":\"RUNBACOA \u2013 a Nafent X Humor Amarillo Experience (18 D\u2019ABRIL) | Nafent Magazine\",\"isPartOf\":{\"@id\":\"https:\\\/\\\/nafentmagazine.com\\\/#website\"},\"primaryImageOfPage\":{\"@id\":\"https:\\\/\\\/nafentmagazine.com\\\/product\\\/runbacoa-a-nafent-x-humor-amarillo-experience-18-dabril\\\/#primaryimage\"},\"image\":{\"@id\":\"https:\\\/\\\/nafentmagazine.com\\\/product\\\/runbacoa-a-nafent-x-humor-amarillo-experience-18-dabril\\\/#primaryimage\"},\"thumbnailUrl\":\"https:\\\/\\\/nafentmagazine.com\\\/wp-content\\\/uploads\\\/2026\\\/03\\\/WhatsApp-Image-2026-03-24-at-14.31.31.jpeg\",\"datePublished\":\"2026-03-24T14:58:50+00:00\",\"dateModified\":\"2026-03-24T21:32:30+00:00\",\"description\":\"Prepara\u2019t per viure un dia \u00e8pic on l\u2019esport, la diversi\u00f3 i el bon rotllo es fusionen en una experi\u00e8ncia \u00fanica \ud83d\ude80No \u00e9s nom\u00e9s un Social run\u2026 \u00e9s LA RUNBACOA \ud83d\ude0f\",\"breadcrumb\":{\"@id\":\"https:\\\/\\\/nafentmagazine.com\\\/product\\\/runbacoa-a-nafent-x-humor-amarillo-experience-18-dabril\\\/#breadcrumb\"},\"inLanguage\":\"ca\",\"potentialAction\":[{\"@type\":\"ReadAction\",\"target\":[\"https:\\\/\\\/nafentmagazine.com\\\/product\\\/runbacoa-a-nafent-x-humor-amarillo-experience-18-dabril\\\/\"]}]},{\"@type\":\"ImageObject\",\"inLanguage\":\"ca\",\"@id\":\"https:\\\/\\\/nafentmagazine.com\\\/product\\\/runbacoa-a-nafent-x-humor-amarillo-experience-18-dabril\\\/#primaryimage\",\"url\":\"https:\\\/\\\/nafentmagazine.com\\\/wp-content\\\/uploads\\\/2026\\\/03\\\/WhatsApp-Image-2026-03-24-at-14.31.31.jpeg\",\"contentUrl\":\"https:\\\/\\\/nafentmagazine.com\\\/wp-content\\\/uploads\\\/2026\\\/03\\\/WhatsApp-Image-2026-03-24-at-14.31.31.jpeg\",\"width\":1080,\"height\":1350,\"caption\":\"Runbacoa\"},{\"@type\":\"BreadcrumbList\",\"@id\":\"https:\\\/\\\/nafentmagazine.com\\\/product\\\/runbacoa-a-nafent-x-humor-amarillo-experience-18-dabril\\\/#breadcrumb\",\"itemListElement\":[{\"@type\":\"ListItem\",\"position\":1,\"name\":\"Home\",\"item\":\"https:\\\/\\\/nafentmagazine.com\\\/\"},{\"@type\":\"ListItem\",\"position\":2,\"name\":\"Shop\",\"item\":\"https:\\\/\\\/nafentmagazine.com\\\/ca\\\/shop\\\/\"},{\"@type\":\"ListItem\",\"position\":3,\"name\":\"RUNBACOA \u2013 a Nafent X Humor Amarillo Experience (18 D\u2019ABRIL)\"}]},{\"@type\":\"WebSite\",\"@id\":\"https:\\\/\\\/nafentmagazine.com\\\/#website\",\"url\":\"https:\\\/\\\/nafentmagazine.com\\\/\",\"name\":\"Nafent Magazine\",\"description\":\"The Catalan cycling magazine\",\"publisher\":{\"@id\":\"https:\\\/\\\/nafentmagazine.com\\\/#organization\"},\"alternateName\":\"Revista Nafent\",\"potentialAction\":[{\"@type\":\"SearchAction\",\"target\":{\"@type\":\"EntryPoint\",\"urlTemplate\":\"https:\\\/\\\/nafentmagazine.com\\\/?s={search_term_string}\"},\"query-input\":{\"@type\":\"PropertyValueSpecification\",\"valueRequired\":true,\"valueName\":\"search_term_string\"}}],\"inLanguage\":\"ca\"},{\"@type\":\"Organization\",\"@id\":\"https:\\\/\\\/nafentmagazine.com\\\/#organization\",\"name\":\"Nafent Magazine\",\"url\":\"https:\\\/\\\/nafentmagazine.com\\\/\",\"logo\":{\"@type\":\"ImageObject\",\"inLanguage\":\"ca\",\"@id\":\"https:\\\/\\\/nafentmagazine.com\\\/#\\\/schema\\\/logo\\\/image\\\/\",\"url\":\"https:\\\/\\\/nafentmagazine.com\\\/wp-content\\\/uploads\\\/2021\\\/12\\\/cropped-cropped-logo-full.png\",\"contentUrl\":\"https:\\\/\\\/nafentmagazine.com\\\/wp-content\\\/uploads\\\/2021\\\/12\\\/cropped-cropped-logo-full.png\",\"width\":900,\"height\":327,\"caption\":\"Nafent Magazine\"},\"image\":{\"@id\":\"https:\\\/\\\/nafentmagazine.com\\\/#\\\/schema\\\/logo\\\/image\\\/\"},\"sameAs\":[\"https:\\\/\\\/www.facebook.com\\\/Nafentmagazine\",\"https:\\\/\\\/www.instagram.com\\\/nafentmagazine\\\/\",\"https:\\\/\\\/www.linkedin.com\\\/company\\\/77097325\\\/\"]}]}<\/script>\n<!-- \/ Yoast SEO plugin. -->","yoast_head_json":{"title":"RUNBACOA \u2013 a Nafent X Humor Amarillo Experience (18 D\u2019ABRIL) | Nafent Magazine","description":"Prepara\u2019t per viure un dia \u00e8pic on l\u2019esport, la diversi\u00f3 i el bon rotllo es fusionen en una experi\u00e8ncia \u00fanica \ud83d\ude80No \u00e9s nom\u00e9s un Social run\u2026 \u00e9s LA RUNBACOA \ud83d\ude0f","robots":{"index":"index","follow":"follow","max-snippet":"max-snippet:-1","max-image-preview":"max-image-preview:large","max-video-preview":"max-video-preview:-1"},"canonical":"https:\/\/nafentmagazine.com\/product\/runbacoa-a-nafent-x-humor-amarillo-experience-18-dabril\/","og_locale":"ca_ES","og_type":"article","og_title":"RUNBACOA \u2013 a Nafent X Humor Amarillo Experience (18 D\u2019ABRIL) | Nafent Magazine","og_description":"Prepara\u2019t per viure un dia \u00e8pic on l\u2019esport, la diversi\u00f3 i el bon rotllo es fusionen en una experi\u00e8ncia \u00fanica \ud83d\ude80No \u00e9s nom\u00e9s un Social run\u2026 \u00e9s LA RUNBACOA \ud83d\ude0f","og_url":"https:\/\/nafentmagazine.com\/product\/runbacoa-a-nafent-x-humor-amarillo-experience-18-dabril\/","og_site_name":"Nafent Magazine","article_publisher":"https:\/\/www.facebook.com\/Nafentmagazine","article_modified_time":"2026-03-24T21:32:30+00:00","og_image":[{"width":1080,"height":1350,"url":"https:\/\/nafentmagazine.com\/wp-content\/uploads\/2026\/03\/WhatsApp-Image-2026-03-24-at-14.31.31.jpeg","type":"image\/jpeg"}],"twitter_card":"summary_large_image","twitter_misc":{"Temps estimat de lectura":"1 minut"},"schema":{"@context":"https:\/\/schema.org","@graph":[{"@type":"WebPage","@id":"https:\/\/nafentmagazine.com\/product\/runbacoa-a-nafent-x-humor-amarillo-experience-18-dabril\/","url":"https:\/\/nafentmagazine.com\/product\/runbacoa-a-nafent-x-humor-amarillo-experience-18-dabril\/","name":"RUNBACOA \u2013 a Nafent X Humor Amarillo Experience (18 D\u2019ABRIL) | Nafent Magazine","isPartOf":{"@id":"https:\/\/nafentmagazine.com\/#website"},"primaryImageOfPage":{"@id":"https:\/\/nafentmagazine.com\/product\/runbacoa-a-nafent-x-humor-amarillo-experience-18-dabril\/#primaryimage"},"image":{"@id":"https:\/\/nafentmagazine.com\/product\/runbacoa-a-nafent-x-humor-amarillo-experience-18-dabril\/#primaryimage"},"thumbnailUrl":"https:\/\/nafentmagazine.com\/wp-content\/uploads\/2026\/03\/WhatsApp-Image-2026-03-24-at-14.31.31.jpeg","datePublished":"2026-03-24T14:58:50+00:00","dateModified":"2026-03-24T21:32:30+00:00","description":"Prepara\u2019t per viure un dia \u00e8pic on l\u2019esport, la diversi\u00f3 i el bon rotllo es fusionen en una experi\u00e8ncia \u00fanica \ud83d\ude80No \u00e9s nom\u00e9s un Social run\u2026 \u00e9s LA RUNBACOA \ud83d\ude0f","breadcrumb":{"@id":"https:\/\/nafentmagazine.com\/product\/runbacoa-a-nafent-x-humor-amarillo-experience-18-dabril\/#breadcrumb"},"inLanguage":"ca","potentialAction":[{"@type":"ReadAction","target":["https:\/\/nafentmagazine.com\/product\/runbacoa-a-nafent-x-humor-amarillo-experience-18-dabril\/"]}]},{"@type":"ImageObject","inLanguage":"ca","@id":"https:\/\/nafentmagazine.com\/product\/runbacoa-a-nafent-x-humor-amarillo-experience-18-dabril\/#primaryimage","url":"https:\/\/nafentmagazine.com\/wp-content\/uploads\/2026\/03\/WhatsApp-Image-2026-03-24-at-14.31.31.jpeg","contentUrl":"https:\/\/nafentmagazine.com\/wp-content\/uploads\/2026\/03\/WhatsApp-Image-2026-03-24-at-14.31.31.jpeg","width":1080,"height":1350,"caption":"Runbacoa"},{"@type":"BreadcrumbList","@id":"https:\/\/nafentmagazine.com\/product\/runbacoa-a-nafent-x-humor-amarillo-experience-18-dabril\/#breadcrumb","itemListElement":[{"@type":"ListItem","position":1,"name":"Home","item":"https:\/\/nafentmagazine.com\/"},{"@type":"ListItem","position":2,"name":"Shop","item":"https:\/\/nafentmagazine.com\/ca\/shop\/"},{"@type":"ListItem","position":3,"name":"RUNBACOA \u2013 a Nafent X Humor Amarillo Experience (18 D\u2019ABRIL)"}]},{"@type":"WebSite","@id":"https:\/\/nafentmagazine.com\/#website","url":"https:\/\/nafentmagazine.com\/","name":"Nafent Magazine","description":"The Catalan cycling magazine","publisher":{"@id":"https:\/\/nafentmagazine.com\/#organization"},"alternateName":"Revista Nafent","potentialAction":[{"@type":"SearchAction","target":{"@type":"EntryPoint","urlTemplate":"https:\/\/nafentmagazine.com\/?s={search_term_string}"},"query-input":{"@type":"PropertyValueSpecification","valueRequired":true,"valueName":"search_term_string"}}],"inLanguage":"ca"},{"@type":"Organization","@id":"https:\/\/nafentmagazine.com\/#organization","name":"Nafent Magazine","url":"https:\/\/nafentmagazine.com\/","logo":{"@type":"ImageObject","inLanguage":"ca","@id":"https:\/\/nafentmagazine.com\/#\/schema\/logo\/image\/","url":"https:\/\/nafentmagazine.com\/wp-content\/uploads\/2021\/12\/cropped-cropped-logo-full.png","contentUrl":"https:\/\/nafentmagazine.com\/wp-content\/uploads\/2021\/12\/cropped-cropped-logo-full.png","width":900,"height":327,"caption":"Nafent Magazine"},"image":{"@id":"https:\/\/nafentmagazine.com\/#\/schema\/logo\/image\/"},"sameAs":["https:\/\/www.facebook.com\/Nafentmagazine","https:\/\/www.instagram.com\/nafentmagazine\/","https:\/\/www.linkedin.com\/company\/77097325\/"]}]}},"jetpack_sharing_enabled":true,"_links":{"self":[{"href":"https:\/\/nafentmagazine.com\/ca\/wp-json\/wp\/v2\/product\/12499","targetHints":{"allow":["GET"]}}],"collection":[{"href":"https:\/\/nafentmagazine.com\/ca\/wp-json\/wp\/v2\/product"}],"about":[{"href":"https:\/\/nafentmagazine.com\/ca\/wp-json\/wp\/v2\/types\/product"}],"wp:featuredmedia":[{"embeddable":true,"href":"https:\/\/nafentmagazine.com\/ca\/wp-json\/wp\/v2\/media\/12500"}],"wp:attachment":[{"href":"https:\/\/nafentmagazine.com\/ca\/wp-json\/wp\/v2\/media?parent=12499"}],"wp:term":[{"taxonomy":"product_brand","embeddable":true,"href":"https:\/\/nafentmagazine.com\/ca\/wp-json\/wp\/v2\/product_brand?post=12499"},{"taxonomy":"product_cat","embeddable":true,"href":"https:\/\/nafentmagazine.com\/ca\/wp-json\/wp\/v2\/product_cat?post=12499"},{"taxonomy":"product_tag","embeddable":true,"href":"https:\/\/nafentmagazine.com\/ca\/wp-json\/wp\/v2\/product_tag?post=12499"}],"curies":[{"name":"wp","href":"https:\/\/api.w.org\/{rel}","templated":true}]}}