{"id":12407,"date":"2026-03-29T21:41:53","date_gmt":"2026-03-29T19:41:53","guid":{"rendered":"https:\/\/nafentmagazine.com\/product\/nafent-running-volume-1\/"},"modified":"2026-03-07T22:05:49","modified_gmt":"2026-03-07T21:05:49","slug":"nafent-running-volume-1","status":"publish","type":"product","link":"https:\/\/nafentmagazine.com\/ca\/product\/nafent-running-volume-1\/","title":{"rendered":"Nafent Running volume 1"},"content":{"rendered":"<p>Nafent Running llan\u00e7a la seva primera edici\u00f3: Hist\u00f2ries, entrevistes i els millors clubs de running<\/p>\n","protected":false},"excerpt":{"rendered":"<p data-start=\"87\" data-end=\"183\">Nafent Running llan\u00e7a la seva primera edici\u00f3: Hist\u00f2ries, entrevistes i els millors clubs de running<\/p>\n<p data-start=\"185\" data-end=\"627\">La primera edici\u00f3 de Nafent Running ja \u00e9s aqu\u00ed, apropant el m\u00f3n de la carrera com mai abans. En aquest n\u00famero inaugural, explorem hist\u00f2ries inspiradores de corredors professionals i amateurs, amb entrevistes en profunditat que revelen les seves motivacions, experi\u00e8ncies i traject\u00f2ries personals. Entre els protagonistes hi ha les llegendes de l\u2019endurance Dan i Jess Martin, l\u2019ultracorredora Laura Frigola, l\u2019apassionada del trail Savina Paul i l\u2019ascendent Genis Grau.  <\/p>\n<p data-start=\"629\" data-end=\"986\">Els lectors hi trobaran perfils detallats, consells d\u2019entrenament i an\u00e8cdotes personals, convertint aquesta edici\u00f3 en una lectura imprescindible per a tots els apassionats de la cursa. M\u00e9s enll\u00e0 de les hist\u00f2ries individuals, celebrem la comunitat destacant els millors clubs de running dels territoris de parla catalana, oferint orientaci\u00f3 als corredors que busquen unir-se a grups din\u00e0mics i de suport. <\/p>\n<p data-start=\"988\" data-end=\"1335\">Ja siguis un corredor principiant buscant inspiraci\u00f3 o un atleta experimentat a la recerca de nous reptes, Nafent Running combina consells experts, entrevistes personals i la cultura local de la cursa en una publicaci\u00f3 \u00fanica i captivadora. No et perdis aquesta primera edici\u00f3, plena d\u2019hist\u00f2ries que motiven, informen i connecten la comunitat corredora catalana. <\/p>\n","protected":false},"featured_media":12580,"template":"","meta":{"_ppp_document_settings_meta":"","site-sidebar-layout":"default","site-content-layout":"","ast-site-content-layout":"default","site-content-style":"default","site-sidebar-style":"default","ast-global-header-display":"","ast-banner-title-visibility":"","ast-main-header-display":"","ast-hfb-above-header-display":"","ast-hfb-below-header-display":"","ast-hfb-mobile-header-display":"","site-post-title":"","ast-breadcrumbs-content":"","ast-featured-img":"","footer-sml-layout":"","ast-disable-related-posts":"","theme-transparent-header-meta":"default","adv-header-id-meta":"","stick-header-meta":"","header-above-stick-meta":"","header-main-stick-meta":"","header-below-stick-meta":"","astra-migrate-meta-layouts":"default","ast-page-background-enabled":"default","ast-page-background-meta":{"desktop":{"background-color":"","background-image":"","background-repeat":"repeat","background-position":"center center","background-size":"auto","background-attachment":"scroll","background-type":"","background-media":"","overlay-type":"","overlay-color":"","overlay-opacity":"","overlay-gradient":""},"tablet":{"background-color":"","background-image":"","background-repeat":"repeat","background-position":"center center","background-size":"auto","background-attachment":"scroll","background-type":"","background-media":"","overlay-type":"","overlay-color":"","overlay-opacity":"","overlay-gradient":""},"mobile":{"background-color":"","background-image":"","background-repeat":"repeat","background-position":"center center","background-size":"auto","background-attachment":"scroll","background-type":"","background-media":"","overlay-type":"","overlay-color":"","overlay-opacity":"","overlay-gradient":""}},"ast-content-background-meta":{"desktop":{"background-color":"var(--ast-global-color-5)","background-image":"","background-repeat":"repeat","background-position":"center center","background-size":"auto","background-attachment":"scroll","background-type":"","background-media":"","overlay-type":"","overlay-color":"","overlay-opacity":"","overlay-gradient":""},"tablet":{"background-color":"var(--ast-global-color-5)","background-image":"","background-repeat":"repeat","background-position":"center center","background-size":"auto","background-attachment":"scroll","background-type":"","background-media":"","overlay-type":"","overlay-color":"","overlay-opacity":"","overlay-gradient":""},"mobile":{"background-color":"var(--ast-global-color-5)","background-image":"","background-repeat":"repeat","background-position":"center center","background-size":"auto","background-attachment":"scroll","background-type":"","background-media":"","overlay-type":"","overlay-color":"","overlay-opacity":"","overlay-gradient":""}}},"product_brand":[],"product_cat":[361,71,72],"product_tag":[312],"class_list":{"0":"post-12407","1":"product","2":"type-product","3":"status-publish","4":"has-post-thumbnail","6":"product_cat-revistes","7":"product_cat-revistes-digitals","8":"product_cat-revistes-impreses","9":"product_tag-nafent-magazine","10":"desktop-align-left","11":"tablet-align-left","12":"mobile-align-left","14":"first","15":"instock","16":"sale","17":"taxable","18":"shipping-taxable","19":"purchasable","20":"product-type-variable"},"yoast_head":"<!-- This site is optimized with the Yoast SEO plugin v27.4 - https:\/\/yoast.com\/product\/yoast-seo-wordpress\/ -->\n<title>Nafent Running volume 1 | Nafent Magazine<\/title>\n<meta name=\"description\" content=\"Com sempre, Nafent Magazine \u00e9s biling\u00fce, publicat en angl\u00e8s i catal\u00e0, amb una aposta clara per l\u2019estil narratiu i la qualitat visual. El volum 1 \u00e9s una edici\u00f3 plena per a corredors, apassionats i qualsevol persona interessada en cap a on es dirigeix el m\u00f3n de la cursa. Demana la teva c\u00f2pia ara i descobreix les hist\u00f2ries que estan marcant l\u2019escena del running catal\u00e0.\" \/>\n<meta name=\"robots\" content=\"index, follow, max-snippet:-1, max-image-preview:large, max-video-preview:-1\" \/>\n<link rel=\"canonical\" href=\"https:\/\/nafentmagazine.com\/ca\/product\/nafent-running-volume-1\/\" \/>\n<meta property=\"og:locale\" content=\"ca_ES\" \/>\n<meta property=\"og:type\" content=\"article\" \/>\n<meta property=\"og:title\" content=\"Nafent Running volume 1 | Nafent Magazine\" \/>\n<meta property=\"og:description\" content=\"Com sempre, Nafent Magazine \u00e9s biling\u00fce, publicat en angl\u00e8s i catal\u00e0, amb una aposta clara per l\u2019estil narratiu i la qualitat visual. El volum 1 \u00e9s una edici\u00f3 plena per a corredors, apassionats i qualsevol persona interessada en cap a on es dirigeix el m\u00f3n de la cursa. Demana la teva c\u00f2pia ara i descobreix les hist\u00f2ries que estan marcant l\u2019escena del running catal\u00e0.\" \/>\n<meta property=\"og:url\" content=\"https:\/\/nafentmagazine.com\/ca\/product\/nafent-running-volume-1\/\" \/>\n<meta property=\"og:site_name\" content=\"Nafent Magazine\" \/>\n<meta property=\"article:publisher\" content=\"https:\/\/www.facebook.com\/Nafentmagazine\" \/>\n<meta property=\"og:image\" content=\"https:\/\/nafentmagazine.com\/wp-content\/uploads\/2026\/03\/Nafent-Running-vol.-1-1024x683.png\" \/>\n\t<meta property=\"og:image:width\" content=\"1024\" \/>\n\t<meta property=\"og:image:height\" content=\"683\" \/>\n\t<meta property=\"og:image:type\" content=\"image\/png\" \/>\n<meta name=\"twitter:card\" content=\"summary_large_image\" \/>\n<script type=\"application\/ld+json\" class=\"yoast-schema-graph\">{\"@context\":\"https:\\\/\\\/schema.org\",\"@graph\":[{\"@type\":\"WebPage\",\"@id\":\"https:\\\/\\\/nafentmagazine.com\\\/ca\\\/product\\\/nafent-running-volume-1\\\/\",\"url\":\"https:\\\/\\\/nafentmagazine.com\\\/ca\\\/product\\\/nafent-running-volume-1\\\/\",\"name\":\"Nafent Running volume 1 | Nafent Magazine\",\"isPartOf\":{\"@id\":\"https:\\\/\\\/nafentmagazine.com\\\/#website\"},\"primaryImageOfPage\":{\"@id\":\"https:\\\/\\\/nafentmagazine.com\\\/ca\\\/product\\\/nafent-running-volume-1\\\/#primaryimage\"},\"image\":{\"@id\":\"https:\\\/\\\/nafentmagazine.com\\\/ca\\\/product\\\/nafent-running-volume-1\\\/#primaryimage\"},\"thumbnailUrl\":\"https:\\\/\\\/nafentmagazine.com\\\/wp-content\\\/uploads\\\/2026\\\/03\\\/WhatsApp-Image-2026-03-30-at-19.webp\",\"datePublished\":\"2026-03-29T19:41:53+00:00\",\"description\":\"Com sempre, Nafent Magazine \u00e9s biling\u00fce, publicat en angl\u00e8s i catal\u00e0, amb una aposta clara per l\u2019estil narratiu i la qualitat visual. El volum 1 \u00e9s una edici\u00f3 plena per a corredors, apassionats i qualsevol persona interessada en cap a on es dirigeix el m\u00f3n de la cursa. Demana la teva c\u00f2pia ara i descobreix les hist\u00f2ries que estan marcant l\u2019escena del running catal\u00e0.\",\"breadcrumb\":{\"@id\":\"https:\\\/\\\/nafentmagazine.com\\\/ca\\\/product\\\/nafent-running-volume-1\\\/#breadcrumb\"},\"inLanguage\":\"ca\",\"potentialAction\":[{\"@type\":\"ReadAction\",\"target\":[\"https:\\\/\\\/nafentmagazine.com\\\/ca\\\/product\\\/nafent-running-volume-1\\\/\"]}]},{\"@type\":\"ImageObject\",\"inLanguage\":\"ca\",\"@id\":\"https:\\\/\\\/nafentmagazine.com\\\/ca\\\/product\\\/nafent-running-volume-1\\\/#primaryimage\",\"url\":\"https:\\\/\\\/nafentmagazine.com\\\/wp-content\\\/uploads\\\/2026\\\/03\\\/WhatsApp-Image-2026-03-30-at-19.webp\",\"contentUrl\":\"https:\\\/\\\/nafentmagazine.com\\\/wp-content\\\/uploads\\\/2026\\\/03\\\/WhatsApp-Image-2026-03-30-at-19.webp\",\"width\":1600,\"height\":1067,\"caption\":\"Nafent Running vol. 1\"},{\"@type\":\"BreadcrumbList\",\"@id\":\"https:\\\/\\\/nafentmagazine.com\\\/ca\\\/product\\\/nafent-running-volume-1\\\/#breadcrumb\",\"itemListElement\":[{\"@type\":\"ListItem\",\"position\":1,\"name\":\"Home\",\"item\":\"https:\\\/\\\/nafentmagazine.com\\\/\"},{\"@type\":\"ListItem\",\"position\":2,\"name\":\"Shop\",\"item\":\"https:\\\/\\\/nafentmagazine.com\\\/ca\\\/shop\\\/\"},{\"@type\":\"ListItem\",\"position\":3,\"name\":\"Nafent Running volume 1\"}]},{\"@type\":\"WebSite\",\"@id\":\"https:\\\/\\\/nafentmagazine.com\\\/#website\",\"url\":\"https:\\\/\\\/nafentmagazine.com\\\/\",\"name\":\"Nafent Magazine\",\"description\":\"The Catalan cycling magazine\",\"publisher\":{\"@id\":\"https:\\\/\\\/nafentmagazine.com\\\/#organization\"},\"alternateName\":\"Revista Nafent\",\"potentialAction\":[{\"@type\":\"SearchAction\",\"target\":{\"@type\":\"EntryPoint\",\"urlTemplate\":\"https:\\\/\\\/nafentmagazine.com\\\/?s={search_term_string}\"},\"query-input\":{\"@type\":\"PropertyValueSpecification\",\"valueRequired\":true,\"valueName\":\"search_term_string\"}}],\"inLanguage\":\"ca\"},{\"@type\":\"Organization\",\"@id\":\"https:\\\/\\\/nafentmagazine.com\\\/#organization\",\"name\":\"Nafent Magazine\",\"url\":\"https:\\\/\\\/nafentmagazine.com\\\/\",\"logo\":{\"@type\":\"ImageObject\",\"inLanguage\":\"ca\",\"@id\":\"https:\\\/\\\/nafentmagazine.com\\\/#\\\/schema\\\/logo\\\/image\\\/\",\"url\":\"https:\\\/\\\/nafentmagazine.com\\\/wp-content\\\/uploads\\\/2021\\\/12\\\/cropped-cropped-logo-full.png\",\"contentUrl\":\"https:\\\/\\\/nafentmagazine.com\\\/wp-content\\\/uploads\\\/2021\\\/12\\\/cropped-cropped-logo-full.png\",\"width\":900,\"height\":327,\"caption\":\"Nafent Magazine\"},\"image\":{\"@id\":\"https:\\\/\\\/nafentmagazine.com\\\/#\\\/schema\\\/logo\\\/image\\\/\"},\"sameAs\":[\"https:\\\/\\\/www.facebook.com\\\/Nafentmagazine\",\"https:\\\/\\\/www.instagram.com\\\/nafentmagazine\\\/\",\"https:\\\/\\\/www.linkedin.com\\\/company\\\/77097325\\\/\"]}]}<\/script>\n<!-- \/ Yoast SEO plugin. -->","yoast_head_json":{"title":"Nafent Running volume 1 | Nafent Magazine","description":"Com sempre, Nafent Magazine \u00e9s biling\u00fce, publicat en angl\u00e8s i catal\u00e0, amb una aposta clara per l\u2019estil narratiu i la qualitat visual. El volum 1 \u00e9s una edici\u00f3 plena per a corredors, apassionats i qualsevol persona interessada en cap a on es dirigeix el m\u00f3n de la cursa. Demana la teva c\u00f2pia ara i descobreix les hist\u00f2ries que estan marcant l\u2019escena del running catal\u00e0.","robots":{"index":"index","follow":"follow","max-snippet":"max-snippet:-1","max-image-preview":"max-image-preview:large","max-video-preview":"max-video-preview:-1"},"canonical":"https:\/\/nafentmagazine.com\/ca\/product\/nafent-running-volume-1\/","og_locale":"ca_ES","og_type":"article","og_title":"Nafent Running volume 1 | Nafent Magazine","og_description":"Com sempre, Nafent Magazine \u00e9s biling\u00fce, publicat en angl\u00e8s i catal\u00e0, amb una aposta clara per l\u2019estil narratiu i la qualitat visual. El volum 1 \u00e9s una edici\u00f3 plena per a corredors, apassionats i qualsevol persona interessada en cap a on es dirigeix el m\u00f3n de la cursa. Demana la teva c\u00f2pia ara i descobreix les hist\u00f2ries que estan marcant l\u2019escena del running catal\u00e0.","og_url":"https:\/\/nafentmagazine.com\/ca\/product\/nafent-running-volume-1\/","og_site_name":"Nafent Magazine","article_publisher":"https:\/\/www.facebook.com\/Nafentmagazine","og_image":[{"width":1024,"height":683,"url":"https:\/\/nafentmagazine.com\/wp-content\/uploads\/2026\/03\/Nafent-Running-vol.-1-1024x683.png","type":"image\/png"}],"twitter_card":"summary_large_image","schema":{"@context":"https:\/\/schema.org","@graph":[{"@type":"WebPage","@id":"https:\/\/nafentmagazine.com\/ca\/product\/nafent-running-volume-1\/","url":"https:\/\/nafentmagazine.com\/ca\/product\/nafent-running-volume-1\/","name":"Nafent Running volume 1 | Nafent Magazine","isPartOf":{"@id":"https:\/\/nafentmagazine.com\/#website"},"primaryImageOfPage":{"@id":"https:\/\/nafentmagazine.com\/ca\/product\/nafent-running-volume-1\/#primaryimage"},"image":{"@id":"https:\/\/nafentmagazine.com\/ca\/product\/nafent-running-volume-1\/#primaryimage"},"thumbnailUrl":"https:\/\/nafentmagazine.com\/wp-content\/uploads\/2026\/03\/WhatsApp-Image-2026-03-30-at-19.webp","datePublished":"2026-03-29T19:41:53+00:00","description":"Com sempre, Nafent Magazine \u00e9s biling\u00fce, publicat en angl\u00e8s i catal\u00e0, amb una aposta clara per l\u2019estil narratiu i la qualitat visual. El volum 1 \u00e9s una edici\u00f3 plena per a corredors, apassionats i qualsevol persona interessada en cap a on es dirigeix el m\u00f3n de la cursa. Demana la teva c\u00f2pia ara i descobreix les hist\u00f2ries que estan marcant l\u2019escena del running catal\u00e0.","breadcrumb":{"@id":"https:\/\/nafentmagazine.com\/ca\/product\/nafent-running-volume-1\/#breadcrumb"},"inLanguage":"ca","potentialAction":[{"@type":"ReadAction","target":["https:\/\/nafentmagazine.com\/ca\/product\/nafent-running-volume-1\/"]}]},{"@type":"ImageObject","inLanguage":"ca","@id":"https:\/\/nafentmagazine.com\/ca\/product\/nafent-running-volume-1\/#primaryimage","url":"https:\/\/nafentmagazine.com\/wp-content\/uploads\/2026\/03\/WhatsApp-Image-2026-03-30-at-19.webp","contentUrl":"https:\/\/nafentmagazine.com\/wp-content\/uploads\/2026\/03\/WhatsApp-Image-2026-03-30-at-19.webp","width":1600,"height":1067,"caption":"Nafent Running vol. 1"},{"@type":"BreadcrumbList","@id":"https:\/\/nafentmagazine.com\/ca\/product\/nafent-running-volume-1\/#breadcrumb","itemListElement":[{"@type":"ListItem","position":1,"name":"Home","item":"https:\/\/nafentmagazine.com\/"},{"@type":"ListItem","position":2,"name":"Shop","item":"https:\/\/nafentmagazine.com\/ca\/shop\/"},{"@type":"ListItem","position":3,"name":"Nafent Running volume 1"}]},{"@type":"WebSite","@id":"https:\/\/nafentmagazine.com\/#website","url":"https:\/\/nafentmagazine.com\/","name":"Nafent Magazine","description":"The Catalan cycling magazine","publisher":{"@id":"https:\/\/nafentmagazine.com\/#organization"},"alternateName":"Revista Nafent","potentialAction":[{"@type":"SearchAction","target":{"@type":"EntryPoint","urlTemplate":"https:\/\/nafentmagazine.com\/?s={search_term_string}"},"query-input":{"@type":"PropertyValueSpecification","valueRequired":true,"valueName":"search_term_string"}}],"inLanguage":"ca"},{"@type":"Organization","@id":"https:\/\/nafentmagazine.com\/#organization","name":"Nafent Magazine","url":"https:\/\/nafentmagazine.com\/","logo":{"@type":"ImageObject","inLanguage":"ca","@id":"https:\/\/nafentmagazine.com\/#\/schema\/logo\/image\/","url":"https:\/\/nafentmagazine.com\/wp-content\/uploads\/2021\/12\/cropped-cropped-logo-full.png","contentUrl":"https:\/\/nafentmagazine.com\/wp-content\/uploads\/2021\/12\/cropped-cropped-logo-full.png","width":900,"height":327,"caption":"Nafent Magazine"},"image":{"@id":"https:\/\/nafentmagazine.com\/#\/schema\/logo\/image\/"},"sameAs":["https:\/\/www.facebook.com\/Nafentmagazine","https:\/\/www.instagram.com\/nafentmagazine\/","https:\/\/www.linkedin.com\/company\/77097325\/"]}]}},"jetpack_sharing_enabled":true,"_links":{"self":[{"href":"https:\/\/nafentmagazine.com\/ca\/wp-json\/wp\/v2\/product\/12407","targetHints":{"allow":["GET"]}}],"collection":[{"href":"https:\/\/nafentmagazine.com\/ca\/wp-json\/wp\/v2\/product"}],"about":[{"href":"https:\/\/nafentmagazine.com\/ca\/wp-json\/wp\/v2\/types\/product"}],"wp:featuredmedia":[{"embeddable":true,"href":"https:\/\/nafentmagazine.com\/ca\/wp-json\/wp\/v2\/media\/12580"}],"wp:attachment":[{"href":"https:\/\/nafentmagazine.com\/ca\/wp-json\/wp\/v2\/media?parent=12407"}],"wp:term":[{"taxonomy":"product_brand","embeddable":true,"href":"https:\/\/nafentmagazine.com\/ca\/wp-json\/wp\/v2\/product_brand?post=12407"},{"taxonomy":"product_cat","embeddable":true,"href":"https:\/\/nafentmagazine.com\/ca\/wp-json\/wp\/v2\/product_cat?post=12407"},{"taxonomy":"product_tag","embeddable":true,"href":"https:\/\/nafentmagazine.com\/ca\/wp-json\/wp\/v2\/product_tag?post=12407"}],"curies":[{"name":"wp","href":"https:\/\/api.w.org\/{rel}","templated":true}]}}