{"id":11391,"date":"2026-01-06T10:38:05","date_gmt":"2026-01-06T09:38:05","guid":{"rendered":"https:\/\/nafentmagazine.com\/product\/andorra-cycling-guide-rutes-de-carretera-i-gravel-bicicletes-cafe-i-molt-mes-de-nafent-magazine\/"},"modified":"2026-01-06T10:41:36","modified_gmt":"2026-01-06T09:41:36","slug":"andorra-cycling-guide-rutes-de-carretera-i-gravel-bicicletes-cafe-i-molt-mes-de-nafent-magazine","status":"publish","type":"product","link":"https:\/\/nafentmagazine.com\/ca\/product\/andorra-cycling-guide-rutes-de-carretera-i-gravel-bicicletes-cafe-i-molt-mes-de-nafent-magazine\/","title":{"rendered":"Andorra Cycling Guide (Rutes de carretera i gravel, bicicletes, caf\u00e8 i molt m\u00e9s) de Nafent Magazine"},"content":{"rendered":"<p data-start=\"113\" data-end=\"368\">L\u2019Especial Andorra de Nafent \u00e9s una guia digital de ciclisme gratu\u00efta dedicada \u00edntegrament a pedalar per Andorra. Creada per Nafent Magazine, se centra en el ciclisme de carretera i gravel, amb rutes seleccionades que recorren ports de muntanya, valls tranquil\u00b7les i carreteres poc conegudes. <\/p>\n<p data-start=\"370\" data-end=\"597\">La Guia Ciclisme en Andorra tamb\u00e9 posa en valor ciclistes locals, la cultura ciclista i les cafeteries que formen part de l\u2019escena ciclista andorrana. Pr\u00e0ctica, clara i inspiradora, \u00e9s ideal tant per planificar una sortida com per descobrir Andorra sobre dues rodes. <\/p>\n<p data-start=\"599\" data-end=\"649\" data-l-s=\"28036\">Disponible com a desc\u00e0rrega gratu\u00efta a la botiga online de Nafent. Descarrega la guia a l\u2019instant despr\u00e9s de completar el proc\u00e9s \u2014 no cal fer cap pagament. <\/p>\n","protected":false},"excerpt":{"rendered":"<p data-start=\"113\" data-end=\"368\">L\u2019Especial Andorra de Nafent \u00e9s una guia digital de ciclisme gratu\u00efta dedicada \u00edntegrament a pedalar per Andorra. Creada per Nafent Magazine, se centra en el ciclisme de carretera i gravel, amb rutes seleccionades que recorren ports de muntanya, valls tranquil\u00b7les i carreteres poc conegudes. <\/p>\n<p data-start=\"370\" data-end=\"597\">La Guia Ciclisme en Andorra tamb\u00e9 posa en valor ciclistes locals, la cultura ciclista i les cafeteries que formen part de l\u2019escena ciclista andorrana. Pr\u00e0ctica, clara i inspiradora, \u00e9s ideal tant per planificar una sortida com per descobrir Andorra sobre dues rodes. <\/p>\n<p data-start=\"599\" data-end=\"649\" data-l-s=\"28036\">Disponible com a desc\u00e0rrega gratu\u00efta a la botiga online de Nafent.<\/p>\n","protected":false},"featured_media":11382,"template":"","meta":{"_ppp_document_settings_meta":"","site-sidebar-layout":"default","site-content-layout":"","ast-site-content-layout":"default","site-content-style":"default","site-sidebar-style":"default","ast-global-header-display":"","ast-banner-title-visibility":"","ast-main-header-display":"","ast-hfb-above-header-display":"","ast-hfb-below-header-display":"","ast-hfb-mobile-header-display":"","site-post-title":"","ast-breadcrumbs-content":"","ast-featured-img":"","footer-sml-layout":"","ast-disable-related-posts":"","theme-transparent-header-meta":"default","adv-header-id-meta":"","stick-header-meta":"","header-above-stick-meta":"","header-main-stick-meta":"","header-below-stick-meta":"","astra-migrate-meta-layouts":"default","ast-page-background-enabled":"default","ast-page-background-meta":{"desktop":{"background-color":"","background-image":"","background-repeat":"repeat","background-position":"center center","background-size":"auto","background-attachment":"scroll","background-type":"","background-media":"","overlay-type":"","overlay-color":"","overlay-opacity":"","overlay-gradient":""},"tablet":{"background-color":"","background-image":"","background-repeat":"repeat","background-position":"center center","background-size":"auto","background-attachment":"scroll","background-type":"","background-media":"","overlay-type":"","overlay-color":"","overlay-opacity":"","overlay-gradient":""},"mobile":{"background-color":"","background-image":"","background-repeat":"repeat","background-position":"center center","background-size":"auto","background-attachment":"scroll","background-type":"","background-media":"","overlay-type":"","overlay-color":"","overlay-opacity":"","overlay-gradient":""}},"ast-content-background-meta":{"desktop":{"background-color":"var(--ast-global-color-5)","background-image":"","background-repeat":"repeat","background-position":"center center","background-size":"auto","background-attachment":"scroll","background-type":"","background-media":"","overlay-type":"","overlay-color":"","overlay-opacity":"","overlay-gradient":""},"tablet":{"background-color":"var(--ast-global-color-5)","background-image":"","background-repeat":"repeat","background-position":"center center","background-size":"auto","background-attachment":"scroll","background-type":"","background-media":"","overlay-type":"","overlay-color":"","overlay-opacity":"","overlay-gradient":""},"mobile":{"background-color":"var(--ast-global-color-5)","background-image":"","background-repeat":"repeat","background-position":"center center","background-size":"auto","background-attachment":"scroll","background-type":"","background-media":"","overlay-type":"","overlay-color":"","overlay-opacity":"","overlay-gradient":""}}},"product_brand":[],"product_cat":[71,274],"product_tag":[339,340,341],"class_list":{"0":"post-11391","1":"product","2":"type-product","3":"status-publish","4":"has-post-thumbnail","6":"product_cat-revistes-digitals","7":"product_cat-revistes-gratuites","8":"product_tag-andorra","9":"product_tag-andorra-cycling-guide","10":"product_tag-cycling-guide","11":"desktop-align-left","12":"tablet-align-left","13":"mobile-align-left","15":"first","16":"instock","17":"downloadable","18":"virtual","19":"taxable","20":"purchasable","21":"product-type-simple"},"yoast_head":"<!-- This site is optimized with the Yoast SEO plugin v27.3 - https:\/\/yoast.com\/product\/yoast-seo-wordpress\/ -->\n<title>Andorra Cycling Guide (Rutes de carretera i gravel, bicicletes, caf\u00e8 i molt m\u00e9s) de Nafent Magazine | Nafent Magazine<\/title>\n<meta name=\"description\" content=\"Guia digital gratu\u00efta de ciclisme a Andorra de Nafent Magazine. Rutes de carretera i gravel, ciclistes locals, cafeteries i cultura. Desc\u00e0rrega gratu\u00efta a trav\u00e9s del webshop.\" \/>\n<meta name=\"robots\" content=\"index, follow, max-snippet:-1, max-image-preview:large, max-video-preview:-1\" \/>\n<link rel=\"canonical\" href=\"https:\/\/nafentmagazine.com\/ca\/product\/andorra-cycling-guide-rutes-de-carretera-i-gravel-bicicletes-cafe-i-molt-mes-de-nafent-magazine\/\" \/>\n<meta property=\"og:locale\" content=\"ca_ES\" \/>\n<meta property=\"og:type\" content=\"article\" \/>\n<meta property=\"og:title\" content=\"Andorra Cycling Guide (Rutes de carretera i gravel, bicicletes, caf\u00e8 i molt m\u00e9s) de Nafent Magazine | Nafent Magazine\" \/>\n<meta property=\"og:description\" content=\"Guia digital gratu\u00efta de ciclisme a Andorra de Nafent Magazine. Rutes de carretera i gravel, ciclistes locals, cafeteries i cultura. Desc\u00e0rrega gratu\u00efta a trav\u00e9s del webshop.\" \/>\n<meta property=\"og:url\" content=\"https:\/\/nafentmagazine.com\/ca\/product\/andorra-cycling-guide-rutes-de-carretera-i-gravel-bicicletes-cafe-i-molt-mes-de-nafent-magazine\/\" \/>\n<meta property=\"og:site_name\" content=\"Nafent Magazine\" \/>\n<meta property=\"article:publisher\" content=\"https:\/\/www.facebook.com\/Nafentmagazine\" \/>\n<meta property=\"article:modified_time\" content=\"2026-01-06T09:41:36+00:00\" \/>\n<meta property=\"og:image\" content=\"https:\/\/nafentmagazine.com\/wp-content\/uploads\/2026\/01\/Nafent_Andorra_Cycling_Guide_Special_Web_Page_01.webp\" \/>\n\t<meta property=\"og:image:width\" content=\"1191\" \/>\n\t<meta property=\"og:image:height\" content=\"1191\" \/>\n\t<meta property=\"og:image:type\" content=\"image\/webp\" \/>\n<meta name=\"twitter:card\" content=\"summary_large_image\" \/>\n<meta name=\"twitter:label1\" content=\"Temps estimat de lectura\" \/>\n\t<meta name=\"twitter:data1\" content=\"1 minut\" \/>\n<script type=\"application\/ld+json\" class=\"yoast-schema-graph\">{\"@context\":\"https:\\\/\\\/schema.org\",\"@graph\":[{\"@type\":\"WebPage\",\"@id\":\"https:\\\/\\\/nafentmagazine.com\\\/ca\\\/product\\\/andorra-cycling-guide-rutes-de-carretera-i-gravel-bicicletes-cafe-i-molt-mes-de-nafent-magazine\\\/\",\"url\":\"https:\\\/\\\/nafentmagazine.com\\\/ca\\\/product\\\/andorra-cycling-guide-rutes-de-carretera-i-gravel-bicicletes-cafe-i-molt-mes-de-nafent-magazine\\\/\",\"name\":\"Andorra Cycling Guide (Rutes de carretera i gravel, bicicletes, caf\u00e8 i molt m\u00e9s) de Nafent Magazine | Nafent Magazine\",\"isPartOf\":{\"@id\":\"https:\\\/\\\/nafentmagazine.com\\\/#website\"},\"primaryImageOfPage\":{\"@id\":\"https:\\\/\\\/nafentmagazine.com\\\/ca\\\/product\\\/andorra-cycling-guide-rutes-de-carretera-i-gravel-bicicletes-cafe-i-molt-mes-de-nafent-magazine\\\/#primaryimage\"},\"image\":{\"@id\":\"https:\\\/\\\/nafentmagazine.com\\\/ca\\\/product\\\/andorra-cycling-guide-rutes-de-carretera-i-gravel-bicicletes-cafe-i-molt-mes-de-nafent-magazine\\\/#primaryimage\"},\"thumbnailUrl\":\"https:\\\/\\\/nafentmagazine.com\\\/wp-content\\\/uploads\\\/2026\\\/01\\\/Nafent_Andorra_Cycling_Guide_Special_Web_Page_01.webp\",\"datePublished\":\"2026-01-06T09:38:05+00:00\",\"dateModified\":\"2026-01-06T09:41:36+00:00\",\"description\":\"Guia digital gratu\u00efta de ciclisme a Andorra de Nafent Magazine. Rutes de carretera i gravel, ciclistes locals, cafeteries i cultura. Desc\u00e0rrega gratu\u00efta a trav\u00e9s del webshop.\",\"breadcrumb\":{\"@id\":\"https:\\\/\\\/nafentmagazine.com\\\/ca\\\/product\\\/andorra-cycling-guide-rutes-de-carretera-i-gravel-bicicletes-cafe-i-molt-mes-de-nafent-magazine\\\/#breadcrumb\"},\"inLanguage\":\"ca\",\"potentialAction\":[{\"@type\":\"ReadAction\",\"target\":[\"https:\\\/\\\/nafentmagazine.com\\\/ca\\\/product\\\/andorra-cycling-guide-rutes-de-carretera-i-gravel-bicicletes-cafe-i-molt-mes-de-nafent-magazine\\\/\"]}]},{\"@type\":\"ImageObject\",\"inLanguage\":\"ca\",\"@id\":\"https:\\\/\\\/nafentmagazine.com\\\/ca\\\/product\\\/andorra-cycling-guide-rutes-de-carretera-i-gravel-bicicletes-cafe-i-molt-mes-de-nafent-magazine\\\/#primaryimage\",\"url\":\"https:\\\/\\\/nafentmagazine.com\\\/wp-content\\\/uploads\\\/2026\\\/01\\\/Nafent_Andorra_Cycling_Guide_Special_Web_Page_01.webp\",\"contentUrl\":\"https:\\\/\\\/nafentmagazine.com\\\/wp-content\\\/uploads\\\/2026\\\/01\\\/Nafent_Andorra_Cycling_Guide_Special_Web_Page_01.webp\",\"width\":1191,\"height\":1191,\"caption\":\"Andorra Cycling Guide Nafent\"},{\"@type\":\"BreadcrumbList\",\"@id\":\"https:\\\/\\\/nafentmagazine.com\\\/ca\\\/product\\\/andorra-cycling-guide-rutes-de-carretera-i-gravel-bicicletes-cafe-i-molt-mes-de-nafent-magazine\\\/#breadcrumb\",\"itemListElement\":[{\"@type\":\"ListItem\",\"position\":1,\"name\":\"Home\",\"item\":\"https:\\\/\\\/nafentmagazine.com\\\/\"},{\"@type\":\"ListItem\",\"position\":2,\"name\":\"Shop\",\"item\":\"https:\\\/\\\/nafentmagazine.com\\\/ca\\\/shop\\\/\"},{\"@type\":\"ListItem\",\"position\":3,\"name\":\"Andorra Cycling Guide (Rutes de carretera i gravel, bicicletes, caf\u00e8 i molt m\u00e9s) de Nafent Magazine\"}]},{\"@type\":\"WebSite\",\"@id\":\"https:\\\/\\\/nafentmagazine.com\\\/#website\",\"url\":\"https:\\\/\\\/nafentmagazine.com\\\/\",\"name\":\"Nafent Magazine\",\"description\":\"The Catalan cycling magazine\",\"publisher\":{\"@id\":\"https:\\\/\\\/nafentmagazine.com\\\/#organization\"},\"alternateName\":\"Revista Nafent\",\"potentialAction\":[{\"@type\":\"SearchAction\",\"target\":{\"@type\":\"EntryPoint\",\"urlTemplate\":\"https:\\\/\\\/nafentmagazine.com\\\/?s={search_term_string}\"},\"query-input\":{\"@type\":\"PropertyValueSpecification\",\"valueRequired\":true,\"valueName\":\"search_term_string\"}}],\"inLanguage\":\"ca\"},{\"@type\":\"Organization\",\"@id\":\"https:\\\/\\\/nafentmagazine.com\\\/#organization\",\"name\":\"Nafent Magazine\",\"url\":\"https:\\\/\\\/nafentmagazine.com\\\/\",\"logo\":{\"@type\":\"ImageObject\",\"inLanguage\":\"ca\",\"@id\":\"https:\\\/\\\/nafentmagazine.com\\\/#\\\/schema\\\/logo\\\/image\\\/\",\"url\":\"https:\\\/\\\/nafentmagazine.com\\\/wp-content\\\/uploads\\\/2021\\\/12\\\/cropped-cropped-logo-full.png\",\"contentUrl\":\"https:\\\/\\\/nafentmagazine.com\\\/wp-content\\\/uploads\\\/2021\\\/12\\\/cropped-cropped-logo-full.png\",\"width\":900,\"height\":327,\"caption\":\"Nafent Magazine\"},\"image\":{\"@id\":\"https:\\\/\\\/nafentmagazine.com\\\/#\\\/schema\\\/logo\\\/image\\\/\"},\"sameAs\":[\"https:\\\/\\\/www.facebook.com\\\/Nafentmagazine\",\"https:\\\/\\\/www.instagram.com\\\/nafentmagazine\\\/\",\"https:\\\/\\\/www.linkedin.com\\\/company\\\/77097325\\\/\"]}]}<\/script>\n<!-- \/ Yoast SEO plugin. -->","yoast_head_json":{"title":"Andorra Cycling Guide (Rutes de carretera i gravel, bicicletes, caf\u00e8 i molt m\u00e9s) de Nafent Magazine | Nafent Magazine","description":"Guia digital gratu\u00efta de ciclisme a Andorra de Nafent Magazine. Rutes de carretera i gravel, ciclistes locals, cafeteries i cultura. Desc\u00e0rrega gratu\u00efta a trav\u00e9s del webshop.","robots":{"index":"index","follow":"follow","max-snippet":"max-snippet:-1","max-image-preview":"max-image-preview:large","max-video-preview":"max-video-preview:-1"},"canonical":"https:\/\/nafentmagazine.com\/ca\/product\/andorra-cycling-guide-rutes-de-carretera-i-gravel-bicicletes-cafe-i-molt-mes-de-nafent-magazine\/","og_locale":"ca_ES","og_type":"article","og_title":"Andorra Cycling Guide (Rutes de carretera i gravel, bicicletes, caf\u00e8 i molt m\u00e9s) de Nafent Magazine | Nafent Magazine","og_description":"Guia digital gratu\u00efta de ciclisme a Andorra de Nafent Magazine. Rutes de carretera i gravel, ciclistes locals, cafeteries i cultura. Desc\u00e0rrega gratu\u00efta a trav\u00e9s del webshop.","og_url":"https:\/\/nafentmagazine.com\/ca\/product\/andorra-cycling-guide-rutes-de-carretera-i-gravel-bicicletes-cafe-i-molt-mes-de-nafent-magazine\/","og_site_name":"Nafent Magazine","article_publisher":"https:\/\/www.facebook.com\/Nafentmagazine","article_modified_time":"2026-01-06T09:41:36+00:00","og_image":[{"width":1191,"height":1191,"url":"https:\/\/nafentmagazine.com\/wp-content\/uploads\/2026\/01\/Nafent_Andorra_Cycling_Guide_Special_Web_Page_01.webp","type":"image\/webp"}],"twitter_card":"summary_large_image","twitter_misc":{"Temps estimat de lectura":"1 minut"},"schema":{"@context":"https:\/\/schema.org","@graph":[{"@type":"WebPage","@id":"https:\/\/nafentmagazine.com\/ca\/product\/andorra-cycling-guide-rutes-de-carretera-i-gravel-bicicletes-cafe-i-molt-mes-de-nafent-magazine\/","url":"https:\/\/nafentmagazine.com\/ca\/product\/andorra-cycling-guide-rutes-de-carretera-i-gravel-bicicletes-cafe-i-molt-mes-de-nafent-magazine\/","name":"Andorra Cycling Guide (Rutes de carretera i gravel, bicicletes, caf\u00e8 i molt m\u00e9s) de Nafent Magazine | Nafent Magazine","isPartOf":{"@id":"https:\/\/nafentmagazine.com\/#website"},"primaryImageOfPage":{"@id":"https:\/\/nafentmagazine.com\/ca\/product\/andorra-cycling-guide-rutes-de-carretera-i-gravel-bicicletes-cafe-i-molt-mes-de-nafent-magazine\/#primaryimage"},"image":{"@id":"https:\/\/nafentmagazine.com\/ca\/product\/andorra-cycling-guide-rutes-de-carretera-i-gravel-bicicletes-cafe-i-molt-mes-de-nafent-magazine\/#primaryimage"},"thumbnailUrl":"https:\/\/nafentmagazine.com\/wp-content\/uploads\/2026\/01\/Nafent_Andorra_Cycling_Guide_Special_Web_Page_01.webp","datePublished":"2026-01-06T09:38:05+00:00","dateModified":"2026-01-06T09:41:36+00:00","description":"Guia digital gratu\u00efta de ciclisme a Andorra de Nafent Magazine. Rutes de carretera i gravel, ciclistes locals, cafeteries i cultura. Desc\u00e0rrega gratu\u00efta a trav\u00e9s del webshop.","breadcrumb":{"@id":"https:\/\/nafentmagazine.com\/ca\/product\/andorra-cycling-guide-rutes-de-carretera-i-gravel-bicicletes-cafe-i-molt-mes-de-nafent-magazine\/#breadcrumb"},"inLanguage":"ca","potentialAction":[{"@type":"ReadAction","target":["https:\/\/nafentmagazine.com\/ca\/product\/andorra-cycling-guide-rutes-de-carretera-i-gravel-bicicletes-cafe-i-molt-mes-de-nafent-magazine\/"]}]},{"@type":"ImageObject","inLanguage":"ca","@id":"https:\/\/nafentmagazine.com\/ca\/product\/andorra-cycling-guide-rutes-de-carretera-i-gravel-bicicletes-cafe-i-molt-mes-de-nafent-magazine\/#primaryimage","url":"https:\/\/nafentmagazine.com\/wp-content\/uploads\/2026\/01\/Nafent_Andorra_Cycling_Guide_Special_Web_Page_01.webp","contentUrl":"https:\/\/nafentmagazine.com\/wp-content\/uploads\/2026\/01\/Nafent_Andorra_Cycling_Guide_Special_Web_Page_01.webp","width":1191,"height":1191,"caption":"Andorra Cycling Guide Nafent"},{"@type":"BreadcrumbList","@id":"https:\/\/nafentmagazine.com\/ca\/product\/andorra-cycling-guide-rutes-de-carretera-i-gravel-bicicletes-cafe-i-molt-mes-de-nafent-magazine\/#breadcrumb","itemListElement":[{"@type":"ListItem","position":1,"name":"Home","item":"https:\/\/nafentmagazine.com\/"},{"@type":"ListItem","position":2,"name":"Shop","item":"https:\/\/nafentmagazine.com\/ca\/shop\/"},{"@type":"ListItem","position":3,"name":"Andorra Cycling Guide (Rutes de carretera i gravel, bicicletes, caf\u00e8 i molt m\u00e9s) de Nafent Magazine"}]},{"@type":"WebSite","@id":"https:\/\/nafentmagazine.com\/#website","url":"https:\/\/nafentmagazine.com\/","name":"Nafent Magazine","description":"The Catalan cycling magazine","publisher":{"@id":"https:\/\/nafentmagazine.com\/#organization"},"alternateName":"Revista Nafent","potentialAction":[{"@type":"SearchAction","target":{"@type":"EntryPoint","urlTemplate":"https:\/\/nafentmagazine.com\/?s={search_term_string}"},"query-input":{"@type":"PropertyValueSpecification","valueRequired":true,"valueName":"search_term_string"}}],"inLanguage":"ca"},{"@type":"Organization","@id":"https:\/\/nafentmagazine.com\/#organization","name":"Nafent Magazine","url":"https:\/\/nafentmagazine.com\/","logo":{"@type":"ImageObject","inLanguage":"ca","@id":"https:\/\/nafentmagazine.com\/#\/schema\/logo\/image\/","url":"https:\/\/nafentmagazine.com\/wp-content\/uploads\/2021\/12\/cropped-cropped-logo-full.png","contentUrl":"https:\/\/nafentmagazine.com\/wp-content\/uploads\/2021\/12\/cropped-cropped-logo-full.png","width":900,"height":327,"caption":"Nafent Magazine"},"image":{"@id":"https:\/\/nafentmagazine.com\/#\/schema\/logo\/image\/"},"sameAs":["https:\/\/www.facebook.com\/Nafentmagazine","https:\/\/www.instagram.com\/nafentmagazine\/","https:\/\/www.linkedin.com\/company\/77097325\/"]}]}},"jetpack_sharing_enabled":true,"_links":{"self":[{"href":"https:\/\/nafentmagazine.com\/ca\/wp-json\/wp\/v2\/product\/11391","targetHints":{"allow":["GET"]}}],"collection":[{"href":"https:\/\/nafentmagazine.com\/ca\/wp-json\/wp\/v2\/product"}],"about":[{"href":"https:\/\/nafentmagazine.com\/ca\/wp-json\/wp\/v2\/types\/product"}],"wp:featuredmedia":[{"embeddable":true,"href":"https:\/\/nafentmagazine.com\/ca\/wp-json\/wp\/v2\/media\/11382"}],"wp:attachment":[{"href":"https:\/\/nafentmagazine.com\/ca\/wp-json\/wp\/v2\/media?parent=11391"}],"wp:term":[{"taxonomy":"product_brand","embeddable":true,"href":"https:\/\/nafentmagazine.com\/ca\/wp-json\/wp\/v2\/product_brand?post=11391"},{"taxonomy":"product_cat","embeddable":true,"href":"https:\/\/nafentmagazine.com\/ca\/wp-json\/wp\/v2\/product_cat?post=11391"},{"taxonomy":"product_tag","embeddable":true,"href":"https:\/\/nafentmagazine.com\/ca\/wp-json\/wp\/v2\/product_tag?post=11391"}],"curies":[{"name":"wp","href":"https:\/\/api.w.org\/{rel}","templated":true}]}}