{"id":10987,"date":"2026-02-02T21:01:08","date_gmt":"2026-02-02T20:01:08","guid":{"rendered":"https:\/\/nafentmagazine.com\/product\/subscripcio-a-nafent-magazine-2026-edicio-impresa\/"},"modified":"2026-03-07T21:55:12","modified_gmt":"2026-03-07T20:55:12","slug":"subscripcio-a-nafent-magazine-2026-edicio-impresa","status":"publish","type":"product","link":"https:\/\/nafentmagazine.com\/ca\/product\/subscripcio-a-nafent-magazine-2026-edicio-impresa\/","title":{"rendered":"Subscripci\u00f3 a Nafent Magazine 2026"},"content":{"rendered":"<p data-start=\"63\" data-end=\"346\">Accedeix a totes les edicions de Nafent Magazine del 2026. Amb aquesta subscripci\u00f3 anual rebr\u00e0s cada n\u00famero per correu abans de la data oficial de llan\u00e7ament. L\u2019enviament \u00e9s r\u00e0pid: les revistes s\u2019envien en un m\u00e0xim de tres dies laborables. La subscripci\u00f3 finalitza autom\u00e0ticament a finals d\u2019any.   <\/p>\n","protected":false},"excerpt":{"rendered":"<p data-start=\"63\" data-end=\"346\">Accedeix a totes les edicions de Nafent Magazine del 2026. Amb aquesta subscripci\u00f3 anual rebr\u00e0s cada n\u00famero per correu abans de la data oficial de llan\u00e7ament. L\u2019enviament \u00e9s r\u00e0pid: les revistes s\u2019envien en un m\u00e0xim de tres dies laborables. La subscripci\u00f3 finalitza autom\u00e0ticament a finals d\u2019any.   <\/p>\n<h2 data-start=\"348\" data-end=\"375\">Dates de publicaci\u00f3 del 2026:<\/h2>\n<p data-start=\"377\" data-end=\"575\" data-is-last-node=\"\" data-is-only-node=\"\" data-l-s=\"85565\">Nafent Cycling volum 17: \u00faltima setmana de febrer<br data-start=\"426\" data-end=\"429\">Nafent Cycling volum 18: \u00faltima setmana de maig<br data-start=\"473\" data-end=\"476\">Nafent Cycling volum 19: \u00faltima setmana d\u2019agost<br data-start=\"523\" data-end=\"526\">Nafent Cycling volum 20: \u00faltima setmana de novembre<\/p>\n<p data-start=\"377\" data-end=\"575\" data-is-last-node=\"\" data-is-only-node=\"\" data-l-s=\"85565\">Nafent Running volum 1: \u00faltima setmana de mar\u00e7<br \/>\nNafent Running volum 2: \u00faltima setmana de juny<br \/>\nNafent Running volum 3: \u00faltima setmana de setembre<br \/>\nNafent Running volum 4: \u00faltima setmana de desembre<\/p>\n","protected":false},"featured_media":10974,"template":"","meta":{"_ppp_document_settings_meta":"","site-sidebar-layout":"default","site-content-layout":"","ast-site-content-layout":"default","site-content-style":"default","site-sidebar-style":"default","ast-global-header-display":"","ast-banner-title-visibility":"","ast-main-header-display":"","ast-hfb-above-header-display":"","ast-hfb-below-header-display":"","ast-hfb-mobile-header-display":"","site-post-title":"","ast-breadcrumbs-content":"","ast-featured-img":"","footer-sml-layout":"","ast-disable-related-posts":"","theme-transparent-header-meta":"default","adv-header-id-meta":"","stick-header-meta":"","header-above-stick-meta":"","header-main-stick-meta":"","header-below-stick-meta":"","astra-migrate-meta-layouts":"default","ast-page-background-enabled":"default","ast-page-background-meta":{"desktop":{"background-color":"","background-image":"","background-repeat":"repeat","background-position":"center center","background-size":"auto","background-attachment":"scroll","background-type":"","background-media":"","overlay-type":"","overlay-color":"","overlay-opacity":"","overlay-gradient":""},"tablet":{"background-color":"","background-image":"","background-repeat":"repeat","background-position":"center center","background-size":"auto","background-attachment":"scroll","background-type":"","background-media":"","overlay-type":"","overlay-color":"","overlay-opacity":"","overlay-gradient":""},"mobile":{"background-color":"","background-image":"","background-repeat":"repeat","background-position":"center center","background-size":"auto","background-attachment":"scroll","background-type":"","background-media":"","overlay-type":"","overlay-color":"","overlay-opacity":"","overlay-gradient":""}},"ast-content-background-meta":{"desktop":{"background-color":"var(--ast-global-color-5)","background-image":"","background-repeat":"repeat","background-position":"center center","background-size":"auto","background-attachment":"scroll","background-type":"","background-media":"","overlay-type":"","overlay-color":"","overlay-opacity":"","overlay-gradient":""},"tablet":{"background-color":"var(--ast-global-color-5)","background-image":"","background-repeat":"repeat","background-position":"center center","background-size":"auto","background-attachment":"scroll","background-type":"","background-media":"","overlay-type":"","overlay-color":"","overlay-opacity":"","overlay-gradient":""},"mobile":{"background-color":"var(--ast-global-color-5)","background-image":"","background-repeat":"repeat","background-position":"center center","background-size":"auto","background-attachment":"scroll","background-type":"","background-media":"","overlay-type":"","overlay-color":"","overlay-opacity":"","overlay-gradient":""}}},"product_brand":[],"product_cat":[361,71,72,360],"product_tag":[82],"class_list":{"0":"post-10987","1":"product","2":"type-product","3":"status-publish","4":"has-post-thumbnail","6":"product_cat-revistes","7":"product_cat-revistes-digitals","8":"product_cat-revistes-impreses","9":"product_cat-subscriptions","10":"product_tag-subscripcio","11":"product_shipping_class-subscripcio","12":"desktop-align-left","13":"tablet-align-left","14":"mobile-align-left","16":"first","17":"instock","18":"sale","19":"taxable","20":"shipping-taxable","21":"purchasable","22":"product-type-variable"},"yoast_head":"<!-- This site is optimized with the Yoast SEO plugin v27.3 - https:\/\/yoast.com\/product\/yoast-seo-wordpress\/ -->\n<title>Subscripci\u00f3 a Nafent Magazine 2026 | Nafent Magazine<\/title>\n<meta name=\"description\" content=\"Obt\u00e9n acc\u00e9s a les quatre edicions de Nafent Magazine del 2025. Amb aquesta subscripci\u00f3 anual, rebr\u00e0s cada n\u00famero per correu abans de la data oficial de publicaci\u00f3. L\u2019enviament \u00e9s r\u00e0pid: les revistes s\u2019envien en un m\u00e0xim de tres dies laborables. La subscripci\u00f3 finalitza autom\u00e0ticament a finals d\u2019any.\" \/>\n<meta name=\"robots\" content=\"index, follow, max-snippet:-1, max-image-preview:large, max-video-preview:-1\" \/>\n<link rel=\"canonical\" href=\"https:\/\/nafentmagazine.com\/ca\/product\/subscripcio-a-nafent-magazine-2026-edicio-impresa\/\" \/>\n<meta property=\"og:locale\" content=\"ca_ES\" \/>\n<meta property=\"og:type\" content=\"article\" \/>\n<meta property=\"og:title\" content=\"Subscripci\u00f3 a Nafent Magazine 2026 | Nafent Magazine\" \/>\n<meta property=\"og:description\" content=\"Obt\u00e9n acc\u00e9s a les quatre edicions de Nafent Magazine del 2025. Amb aquesta subscripci\u00f3 anual, rebr\u00e0s cada n\u00famero per correu abans de la data oficial de publicaci\u00f3. L\u2019enviament \u00e9s r\u00e0pid: les revistes s\u2019envien en un m\u00e0xim de tres dies laborables. La subscripci\u00f3 finalitza autom\u00e0ticament a finals d\u2019any.\" \/>\n<meta property=\"og:url\" content=\"https:\/\/nafentmagazine.com\/ca\/product\/subscripcio-a-nafent-magazine-2026-edicio-impresa\/\" \/>\n<meta property=\"og:site_name\" content=\"Nafent Magazine\" \/>\n<meta property=\"article:publisher\" content=\"https:\/\/www.facebook.com\/Nafentmagazine\" \/>\n<meta property=\"article:modified_time\" content=\"2026-03-07T20:55:12+00:00\" \/>\n<meta property=\"og:image\" content=\"https:\/\/nafentmagazine.com\/wp-content\/uploads\/2025\/12\/Covers_13-16Square.webp\" \/>\n\t<meta property=\"og:image:width\" content=\"960\" \/>\n\t<meta property=\"og:image:height\" content=\"960\" \/>\n\t<meta property=\"og:image:type\" content=\"image\/webp\" \/>\n<meta name=\"twitter:card\" content=\"summary_large_image\" \/>\n<script type=\"application\/ld+json\" class=\"yoast-schema-graph\">{\"@context\":\"https:\\\/\\\/schema.org\",\"@graph\":[{\"@type\":\"WebPage\",\"@id\":\"https:\\\/\\\/nafentmagazine.com\\\/ca\\\/product\\\/subscripcio-a-nafent-magazine-2026-edicio-impresa\\\/\",\"url\":\"https:\\\/\\\/nafentmagazine.com\\\/ca\\\/product\\\/subscripcio-a-nafent-magazine-2026-edicio-impresa\\\/\",\"name\":\"Subscripci\u00f3 a Nafent Magazine 2026 | Nafent Magazine\",\"isPartOf\":{\"@id\":\"https:\\\/\\\/nafentmagazine.com\\\/#website\"},\"primaryImageOfPage\":{\"@id\":\"https:\\\/\\\/nafentmagazine.com\\\/ca\\\/product\\\/subscripcio-a-nafent-magazine-2026-edicio-impresa\\\/#primaryimage\"},\"image\":{\"@id\":\"https:\\\/\\\/nafentmagazine.com\\\/ca\\\/product\\\/subscripcio-a-nafent-magazine-2026-edicio-impresa\\\/#primaryimage\"},\"thumbnailUrl\":\"https:\\\/\\\/nafentmagazine.com\\\/wp-content\\\/uploads\\\/2025\\\/12\\\/Covers_13-16Square.webp\",\"datePublished\":\"2026-02-02T20:01:08+00:00\",\"dateModified\":\"2026-03-07T20:55:12+00:00\",\"description\":\"Obt\u00e9n acc\u00e9s a les quatre edicions de Nafent Magazine del 2025. Amb aquesta subscripci\u00f3 anual, rebr\u00e0s cada n\u00famero per correu abans de la data oficial de publicaci\u00f3. L\u2019enviament \u00e9s r\u00e0pid: les revistes s\u2019envien en un m\u00e0xim de tres dies laborables. La subscripci\u00f3 finalitza autom\u00e0ticament a finals d\u2019any.\",\"breadcrumb\":{\"@id\":\"https:\\\/\\\/nafentmagazine.com\\\/ca\\\/product\\\/subscripcio-a-nafent-magazine-2026-edicio-impresa\\\/#breadcrumb\"},\"inLanguage\":\"ca\",\"potentialAction\":[{\"@type\":\"ReadAction\",\"target\":[\"https:\\\/\\\/nafentmagazine.com\\\/ca\\\/product\\\/subscripcio-a-nafent-magazine-2026-edicio-impresa\\\/\"]}]},{\"@type\":\"ImageObject\",\"inLanguage\":\"ca\",\"@id\":\"https:\\\/\\\/nafentmagazine.com\\\/ca\\\/product\\\/subscripcio-a-nafent-magazine-2026-edicio-impresa\\\/#primaryimage\",\"url\":\"https:\\\/\\\/nafentmagazine.com\\\/wp-content\\\/uploads\\\/2025\\\/12\\\/Covers_13-16Square.webp\",\"contentUrl\":\"https:\\\/\\\/nafentmagazine.com\\\/wp-content\\\/uploads\\\/2025\\\/12\\\/Covers_13-16Square.webp\",\"width\":960,\"height\":960,\"caption\":\"Nafent Magazine 2026\"},{\"@type\":\"BreadcrumbList\",\"@id\":\"https:\\\/\\\/nafentmagazine.com\\\/ca\\\/product\\\/subscripcio-a-nafent-magazine-2026-edicio-impresa\\\/#breadcrumb\",\"itemListElement\":[{\"@type\":\"ListItem\",\"position\":1,\"name\":\"Home\",\"item\":\"https:\\\/\\\/nafentmagazine.com\\\/\"},{\"@type\":\"ListItem\",\"position\":2,\"name\":\"Shop\",\"item\":\"https:\\\/\\\/nafentmagazine.com\\\/ca\\\/shop\\\/\"},{\"@type\":\"ListItem\",\"position\":3,\"name\":\"Subscripci\u00f3 a Nafent Magazine 2026\"}]},{\"@type\":\"WebSite\",\"@id\":\"https:\\\/\\\/nafentmagazine.com\\\/#website\",\"url\":\"https:\\\/\\\/nafentmagazine.com\\\/\",\"name\":\"Nafent Magazine\",\"description\":\"The Catalan cycling magazine\",\"publisher\":{\"@id\":\"https:\\\/\\\/nafentmagazine.com\\\/#organization\"},\"alternateName\":\"Revista Nafent\",\"potentialAction\":[{\"@type\":\"SearchAction\",\"target\":{\"@type\":\"EntryPoint\",\"urlTemplate\":\"https:\\\/\\\/nafentmagazine.com\\\/?s={search_term_string}\"},\"query-input\":{\"@type\":\"PropertyValueSpecification\",\"valueRequired\":true,\"valueName\":\"search_term_string\"}}],\"inLanguage\":\"ca\"},{\"@type\":\"Organization\",\"@id\":\"https:\\\/\\\/nafentmagazine.com\\\/#organization\",\"name\":\"Nafent Magazine\",\"url\":\"https:\\\/\\\/nafentmagazine.com\\\/\",\"logo\":{\"@type\":\"ImageObject\",\"inLanguage\":\"ca\",\"@id\":\"https:\\\/\\\/nafentmagazine.com\\\/#\\\/schema\\\/logo\\\/image\\\/\",\"url\":\"https:\\\/\\\/nafentmagazine.com\\\/wp-content\\\/uploads\\\/2021\\\/12\\\/cropped-cropped-logo-full.png\",\"contentUrl\":\"https:\\\/\\\/nafentmagazine.com\\\/wp-content\\\/uploads\\\/2021\\\/12\\\/cropped-cropped-logo-full.png\",\"width\":900,\"height\":327,\"caption\":\"Nafent Magazine\"},\"image\":{\"@id\":\"https:\\\/\\\/nafentmagazine.com\\\/#\\\/schema\\\/logo\\\/image\\\/\"},\"sameAs\":[\"https:\\\/\\\/www.facebook.com\\\/Nafentmagazine\",\"https:\\\/\\\/www.instagram.com\\\/nafentmagazine\\\/\",\"https:\\\/\\\/www.linkedin.com\\\/company\\\/77097325\\\/\"]}]}<\/script>\n<!-- \/ Yoast SEO plugin. -->","yoast_head_json":{"title":"Subscripci\u00f3 a Nafent Magazine 2026 | Nafent Magazine","description":"Obt\u00e9n acc\u00e9s a les quatre edicions de Nafent Magazine del 2025. Amb aquesta subscripci\u00f3 anual, rebr\u00e0s cada n\u00famero per correu abans de la data oficial de publicaci\u00f3. L\u2019enviament \u00e9s r\u00e0pid: les revistes s\u2019envien en un m\u00e0xim de tres dies laborables. La subscripci\u00f3 finalitza autom\u00e0ticament a finals d\u2019any.","robots":{"index":"index","follow":"follow","max-snippet":"max-snippet:-1","max-image-preview":"max-image-preview:large","max-video-preview":"max-video-preview:-1"},"canonical":"https:\/\/nafentmagazine.com\/ca\/product\/subscripcio-a-nafent-magazine-2026-edicio-impresa\/","og_locale":"ca_ES","og_type":"article","og_title":"Subscripci\u00f3 a Nafent Magazine 2026 | Nafent Magazine","og_description":"Obt\u00e9n acc\u00e9s a les quatre edicions de Nafent Magazine del 2025. Amb aquesta subscripci\u00f3 anual, rebr\u00e0s cada n\u00famero per correu abans de la data oficial de publicaci\u00f3. L\u2019enviament \u00e9s r\u00e0pid: les revistes s\u2019envien en un m\u00e0xim de tres dies laborables. La subscripci\u00f3 finalitza autom\u00e0ticament a finals d\u2019any.","og_url":"https:\/\/nafentmagazine.com\/ca\/product\/subscripcio-a-nafent-magazine-2026-edicio-impresa\/","og_site_name":"Nafent Magazine","article_publisher":"https:\/\/www.facebook.com\/Nafentmagazine","article_modified_time":"2026-03-07T20:55:12+00:00","og_image":[{"width":960,"height":960,"url":"https:\/\/nafentmagazine.com\/wp-content\/uploads\/2025\/12\/Covers_13-16Square.webp","type":"image\/webp"}],"twitter_card":"summary_large_image","schema":{"@context":"https:\/\/schema.org","@graph":[{"@type":"WebPage","@id":"https:\/\/nafentmagazine.com\/ca\/product\/subscripcio-a-nafent-magazine-2026-edicio-impresa\/","url":"https:\/\/nafentmagazine.com\/ca\/product\/subscripcio-a-nafent-magazine-2026-edicio-impresa\/","name":"Subscripci\u00f3 a Nafent Magazine 2026 | Nafent Magazine","isPartOf":{"@id":"https:\/\/nafentmagazine.com\/#website"},"primaryImageOfPage":{"@id":"https:\/\/nafentmagazine.com\/ca\/product\/subscripcio-a-nafent-magazine-2026-edicio-impresa\/#primaryimage"},"image":{"@id":"https:\/\/nafentmagazine.com\/ca\/product\/subscripcio-a-nafent-magazine-2026-edicio-impresa\/#primaryimage"},"thumbnailUrl":"https:\/\/nafentmagazine.com\/wp-content\/uploads\/2025\/12\/Covers_13-16Square.webp","datePublished":"2026-02-02T20:01:08+00:00","dateModified":"2026-03-07T20:55:12+00:00","description":"Obt\u00e9n acc\u00e9s a les quatre edicions de Nafent Magazine del 2025. Amb aquesta subscripci\u00f3 anual, rebr\u00e0s cada n\u00famero per correu abans de la data oficial de publicaci\u00f3. L\u2019enviament \u00e9s r\u00e0pid: les revistes s\u2019envien en un m\u00e0xim de tres dies laborables. La subscripci\u00f3 finalitza autom\u00e0ticament a finals d\u2019any.","breadcrumb":{"@id":"https:\/\/nafentmagazine.com\/ca\/product\/subscripcio-a-nafent-magazine-2026-edicio-impresa\/#breadcrumb"},"inLanguage":"ca","potentialAction":[{"@type":"ReadAction","target":["https:\/\/nafentmagazine.com\/ca\/product\/subscripcio-a-nafent-magazine-2026-edicio-impresa\/"]}]},{"@type":"ImageObject","inLanguage":"ca","@id":"https:\/\/nafentmagazine.com\/ca\/product\/subscripcio-a-nafent-magazine-2026-edicio-impresa\/#primaryimage","url":"https:\/\/nafentmagazine.com\/wp-content\/uploads\/2025\/12\/Covers_13-16Square.webp","contentUrl":"https:\/\/nafentmagazine.com\/wp-content\/uploads\/2025\/12\/Covers_13-16Square.webp","width":960,"height":960,"caption":"Nafent Magazine 2026"},{"@type":"BreadcrumbList","@id":"https:\/\/nafentmagazine.com\/ca\/product\/subscripcio-a-nafent-magazine-2026-edicio-impresa\/#breadcrumb","itemListElement":[{"@type":"ListItem","position":1,"name":"Home","item":"https:\/\/nafentmagazine.com\/"},{"@type":"ListItem","position":2,"name":"Shop","item":"https:\/\/nafentmagazine.com\/ca\/shop\/"},{"@type":"ListItem","position":3,"name":"Subscripci\u00f3 a Nafent Magazine 2026"}]},{"@type":"WebSite","@id":"https:\/\/nafentmagazine.com\/#website","url":"https:\/\/nafentmagazine.com\/","name":"Nafent Magazine","description":"The Catalan cycling magazine","publisher":{"@id":"https:\/\/nafentmagazine.com\/#organization"},"alternateName":"Revista Nafent","potentialAction":[{"@type":"SearchAction","target":{"@type":"EntryPoint","urlTemplate":"https:\/\/nafentmagazine.com\/?s={search_term_string}"},"query-input":{"@type":"PropertyValueSpecification","valueRequired":true,"valueName":"search_term_string"}}],"inLanguage":"ca"},{"@type":"Organization","@id":"https:\/\/nafentmagazine.com\/#organization","name":"Nafent Magazine","url":"https:\/\/nafentmagazine.com\/","logo":{"@type":"ImageObject","inLanguage":"ca","@id":"https:\/\/nafentmagazine.com\/#\/schema\/logo\/image\/","url":"https:\/\/nafentmagazine.com\/wp-content\/uploads\/2021\/12\/cropped-cropped-logo-full.png","contentUrl":"https:\/\/nafentmagazine.com\/wp-content\/uploads\/2021\/12\/cropped-cropped-logo-full.png","width":900,"height":327,"caption":"Nafent Magazine"},"image":{"@id":"https:\/\/nafentmagazine.com\/#\/schema\/logo\/image\/"},"sameAs":["https:\/\/www.facebook.com\/Nafentmagazine","https:\/\/www.instagram.com\/nafentmagazine\/","https:\/\/www.linkedin.com\/company\/77097325\/"]}]}},"jetpack_sharing_enabled":true,"_links":{"self":[{"href":"https:\/\/nafentmagazine.com\/ca\/wp-json\/wp\/v2\/product\/10987","targetHints":{"allow":["GET"]}}],"collection":[{"href":"https:\/\/nafentmagazine.com\/ca\/wp-json\/wp\/v2\/product"}],"about":[{"href":"https:\/\/nafentmagazine.com\/ca\/wp-json\/wp\/v2\/types\/product"}],"wp:featuredmedia":[{"embeddable":true,"href":"https:\/\/nafentmagazine.com\/ca\/wp-json\/wp\/v2\/media\/10974"}],"wp:attachment":[{"href":"https:\/\/nafentmagazine.com\/ca\/wp-json\/wp\/v2\/media?parent=10987"}],"wp:term":[{"taxonomy":"product_brand","embeddable":true,"href":"https:\/\/nafentmagazine.com\/ca\/wp-json\/wp\/v2\/product_brand?post=10987"},{"taxonomy":"product_cat","embeddable":true,"href":"https:\/\/nafentmagazine.com\/ca\/wp-json\/wp\/v2\/product_cat?post=10987"},{"taxonomy":"product_tag","embeddable":true,"href":"https:\/\/nafentmagazine.com\/ca\/wp-json\/wp\/v2\/product_tag?post=10987"}],"curies":[{"name":"wp","href":"https:\/\/api.w.org\/{rel}","templated":true}]}}