{"id":10722,"date":"2025-11-07T08:26:26","date_gmt":"2025-11-07T07:26:26","guid":{"rendered":"https:\/\/nafentmagazine.com\/product\/jon-cake-nafent-social-run\/"},"modified":"2025-11-07T08:29:56","modified_gmt":"2025-11-07T07:29:56","slug":"jon-cake-nafent-social-run","status":"publish","type":"product","link":"https:\/\/nafentmagazine.com\/ca\/product\/jon-cake-nafent-social-run\/","title":{"rendered":"Jon Cake | Nafent Social Run"},"content":{"rendered":"<p data-start=\"0\" data-end=\"204\">\ud83c\udfc3\u200d\u2640\ufe0f Prepara\u2019t per a una Nafent Social Run especial!<br data-start=\"52\" data-end=\"55\">Aquest dimecres, Nafent i Jon Cake corren junts \u2014 amb past\u00eds de formatge artes\u00e0 gratu\u00eft \ud83c\udf70 per a tots els participants inscrits que acabin la cursa en grup!<\/p>\n<p data-start=\"206\" data-end=\"365\">\ud83d\udccd <strong data-start=\"209\" data-end=\"219\">18:00h<\/strong> \u2013 Concentraci\u00f3 a <em data-start=\"232\" data-end=\"255\">Hors Categoria Girona<\/em> \u2615<br data-start=\"257\" data-end=\"260\">\ud83c\udfc3 <strong data-start=\"263\" data-end=\"273\">19:30h<\/strong> \u2013 Cursa social (6,5 km) \ud83c\udfc3\u200d\u2642\ufe0f<br data-start=\"301\" data-end=\"304\">\ud83c\udf89 <strong data-start=\"307\" data-end=\"319\">Finalment:<\/strong> el llegendari past\u00eds de formatge artes\u00e0 de Jon Cake! \ud83e\udd29<\/p>\n<p data-start=\"367\" data-end=\"386\" data-is-last-node=\"\" data-is-only-node=\"\">\ud83d\udc49 Inscriu-t\u2019hi ara!<\/p>\n","protected":false},"excerpt":{"rendered":"<p data-start=\"0\" data-end=\"204\">\ud83c\udfc3\u200d\u2640\ufe0f Prepara\u2019t per a una Nafent Social Run especial!<br data-start=\"52\" data-end=\"55\">Aquest dimecres, Nafent i Jon Cake corren junts \u2014 amb past\u00eds de formatge artes\u00e0 gratu\u00eft \ud83c\udf70 per a tots els participants inscrits que acabin la cursa en grup!<\/p>\n<p data-start=\"206\" data-end=\"365\">\ud83d\udccd <strong data-start=\"209\" data-end=\"219\">18:00h<\/strong> \u2013 Concentraci\u00f3 a <em data-start=\"232\" data-end=\"255\">Hors Categoria Girona<\/em> \u2615<br data-start=\"257\" data-end=\"260\">\ud83c\udfc3 <strong data-start=\"263\" data-end=\"273\">19:30h<\/strong> \u2013 Cursa social (6,5 km) \ud83c\udfc3\u200d\u2642\ufe0f<br data-start=\"301\" data-end=\"304\">\ud83c\udf89 <strong data-start=\"307\" data-end=\"319\">Finalment:<\/strong> el llegendari past\u00eds de formatge artes\u00e0 de Jon Cake! \ud83e\udd29<\/p>\n<p data-start=\"367\" data-end=\"386\" data-is-last-node=\"\" data-is-only-node=\"\">\ud83d\udc49 Inscriu-t\u2019hi ara!<\/p>\n","protected":false},"featured_media":10724,"template":"","meta":{"_ppp_document_settings_meta":"","site-sidebar-layout":"default","site-content-layout":"","ast-site-content-layout":"default","site-content-style":"default","site-sidebar-style":"default","ast-global-header-display":"","ast-banner-title-visibility":"","ast-main-header-display":"","ast-hfb-above-header-display":"","ast-hfb-below-header-display":"","ast-hfb-mobile-header-display":"","site-post-title":"","ast-breadcrumbs-content":"","ast-featured-img":"","footer-sml-layout":"","ast-disable-related-posts":"","theme-transparent-header-meta":"default","adv-header-id-meta":"","stick-header-meta":"","header-above-stick-meta":"","header-main-stick-meta":"","header-below-stick-meta":"","astra-migrate-meta-layouts":"default","ast-page-background-enabled":"default","ast-page-background-meta":{"desktop":{"background-color":"","background-image":"","background-repeat":"repeat","background-position":"center center","background-size":"auto","background-attachment":"scroll","background-type":"","background-media":"","overlay-type":"","overlay-color":"","overlay-opacity":"","overlay-gradient":""},"tablet":{"background-color":"","background-image":"","background-repeat":"repeat","background-position":"center center","background-size":"auto","background-attachment":"scroll","background-type":"","background-media":"","overlay-type":"","overlay-color":"","overlay-opacity":"","overlay-gradient":""},"mobile":{"background-color":"","background-image":"","background-repeat":"repeat","background-position":"center center","background-size":"auto","background-attachment":"scroll","background-type":"","background-media":"","overlay-type":"","overlay-color":"","overlay-opacity":"","overlay-gradient":""}},"ast-content-background-meta":{"desktop":{"background-color":"var(--ast-global-color-5)","background-image":"","background-repeat":"repeat","background-position":"center center","background-size":"auto","background-attachment":"scroll","background-type":"","background-media":"","overlay-type":"","overlay-color":"","overlay-opacity":"","overlay-gradient":""},"tablet":{"background-color":"var(--ast-global-color-5)","background-image":"","background-repeat":"repeat","background-position":"center center","background-size":"auto","background-attachment":"scroll","background-type":"","background-media":"","overlay-type":"","overlay-color":"","overlay-opacity":"","overlay-gradient":""},"mobile":{"background-color":"var(--ast-global-color-5)","background-image":"","background-repeat":"repeat","background-position":"center center","background-size":"auto","background-attachment":"scroll","background-type":"","background-media":"","overlay-type":"","overlay-color":"","overlay-opacity":"","overlay-gradient":""}}},"product_brand":[],"product_cat":[291],"product_tag":[292,293],"class_list":{"0":"post-10722","1":"product","2":"type-product","3":"status-publish","4":"has-post-thumbnail","6":"product_cat-nafent-social-club","7":"product_tag-nafent-social-club","8":"product_tag-nafent-social-run","9":"desktop-align-left","10":"tablet-align-left","11":"mobile-align-left","13":"first","14":"outofstock","15":"virtual","16":"sold-individually","17":"taxable","18":"purchasable","19":"product-type-simple"},"yoast_head":"<!-- This site is optimized with the Yoast SEO plugin v27.4 - https:\/\/yoast.com\/product\/yoast-seo-wordpress\/ -->\n<title>Jon Cake | Nafent Social Run | Nafent Magazine<\/title>\n<meta name=\"robots\" content=\"index, follow, max-snippet:-1, max-image-preview:large, max-video-preview:-1\" \/>\n<link rel=\"canonical\" href=\"https:\/\/nafentmagazine.com\/ca\/product\/jon-cake-nafent-social-run\/\" \/>\n<meta property=\"og:locale\" content=\"ca_ES\" \/>\n<meta property=\"og:type\" content=\"article\" \/>\n<meta property=\"og:title\" content=\"Jon Cake | Nafent Social Run | Nafent Magazine\" \/>\n<meta property=\"og:description\" content=\"\ud83c\udfc3\u200d\u2640\ufe0f Prepara\u2019t per a una Nafent Social Run especial!Aquest dimecres, Nafent i Jon Cake corren junts \u2014 amb past\u00eds de formatge artes\u00e0 gratu\u00eft \ud83c\udf70 per a tots els participants inscrits que acabin la cursa en grup! \ud83d\udccd 18:00h \u2013 Concentraci\u00f3 a Hors Categoria Girona \u2615\ud83c\udfc3 19:30h \u2013 Cursa social (6,5 km) \ud83c\udfc3\u200d\u2642\ufe0f\ud83c\udf89 Finalment: el llegendari past\u00eds de formatge artes\u00e0 de Jon Cake! \ud83e\udd29 \ud83d\udc49 Inscriu-t\u2019hi ara!\" \/>\n<meta property=\"og:url\" content=\"https:\/\/nafentmagazine.com\/ca\/product\/jon-cake-nafent-social-run\/\" \/>\n<meta property=\"og:site_name\" content=\"Nafent Magazine\" \/>\n<meta property=\"article:publisher\" content=\"https:\/\/www.facebook.com\/Nafentmagazine\" \/>\n<meta property=\"article:modified_time\" content=\"2025-11-07T07:29:56+00:00\" \/>\n<meta property=\"og:image\" content=\"https:\/\/nafentmagazine.com\/wp-content\/uploads\/2025\/11\/WhatsApp-Image-2025-11-07-at-00.32.38.jpeg\" \/>\n\t<meta property=\"og:image:width\" content=\"1080\" \/>\n\t<meta property=\"og:image:height\" content=\"1350\" \/>\n\t<meta property=\"og:image:type\" content=\"image\/jpeg\" \/>\n<meta name=\"twitter:card\" content=\"summary_large_image\" \/>\n<script type=\"application\/ld+json\" class=\"yoast-schema-graph\">{\"@context\":\"https:\\\/\\\/schema.org\",\"@graph\":[{\"@type\":\"WebPage\",\"@id\":\"https:\\\/\\\/nafentmagazine.com\\\/ca\\\/product\\\/jon-cake-nafent-social-run\\\/\",\"url\":\"https:\\\/\\\/nafentmagazine.com\\\/ca\\\/product\\\/jon-cake-nafent-social-run\\\/\",\"name\":\"Jon Cake | Nafent Social Run | Nafent Magazine\",\"isPartOf\":{\"@id\":\"https:\\\/\\\/nafentmagazine.com\\\/#website\"},\"primaryImageOfPage\":{\"@id\":\"https:\\\/\\\/nafentmagazine.com\\\/ca\\\/product\\\/jon-cake-nafent-social-run\\\/#primaryimage\"},\"image\":{\"@id\":\"https:\\\/\\\/nafentmagazine.com\\\/ca\\\/product\\\/jon-cake-nafent-social-run\\\/#primaryimage\"},\"thumbnailUrl\":\"https:\\\/\\\/nafentmagazine.com\\\/wp-content\\\/uploads\\\/2025\\\/11\\\/Jon-Cake-Nafent-Girona.jpeg\",\"datePublished\":\"2025-11-07T07:26:26+00:00\",\"dateModified\":\"2025-11-07T07:29:56+00:00\",\"breadcrumb\":{\"@id\":\"https:\\\/\\\/nafentmagazine.com\\\/ca\\\/product\\\/jon-cake-nafent-social-run\\\/#breadcrumb\"},\"inLanguage\":\"ca\",\"potentialAction\":[{\"@type\":\"ReadAction\",\"target\":[\"https:\\\/\\\/nafentmagazine.com\\\/ca\\\/product\\\/jon-cake-nafent-social-run\\\/\"]}]},{\"@type\":\"ImageObject\",\"inLanguage\":\"ca\",\"@id\":\"https:\\\/\\\/nafentmagazine.com\\\/ca\\\/product\\\/jon-cake-nafent-social-run\\\/#primaryimage\",\"url\":\"https:\\\/\\\/nafentmagazine.com\\\/wp-content\\\/uploads\\\/2025\\\/11\\\/Jon-Cake-Nafent-Girona.jpeg\",\"contentUrl\":\"https:\\\/\\\/nafentmagazine.com\\\/wp-content\\\/uploads\\\/2025\\\/11\\\/Jon-Cake-Nafent-Girona.jpeg\",\"width\":1080,\"height\":1350,\"caption\":\"Jon Cake Nafent Girona\"},{\"@type\":\"BreadcrumbList\",\"@id\":\"https:\\\/\\\/nafentmagazine.com\\\/ca\\\/product\\\/jon-cake-nafent-social-run\\\/#breadcrumb\",\"itemListElement\":[{\"@type\":\"ListItem\",\"position\":1,\"name\":\"Home\",\"item\":\"https:\\\/\\\/nafentmagazine.com\\\/\"},{\"@type\":\"ListItem\",\"position\":2,\"name\":\"Shop\",\"item\":\"https:\\\/\\\/nafentmagazine.com\\\/ca\\\/shop\\\/\"},{\"@type\":\"ListItem\",\"position\":3,\"name\":\"Jon Cake | Nafent Social Run\"}]},{\"@type\":\"WebSite\",\"@id\":\"https:\\\/\\\/nafentmagazine.com\\\/#website\",\"url\":\"https:\\\/\\\/nafentmagazine.com\\\/\",\"name\":\"Nafent Magazine\",\"description\":\"The Catalan cycling magazine\",\"publisher\":{\"@id\":\"https:\\\/\\\/nafentmagazine.com\\\/#organization\"},\"alternateName\":\"Revista Nafent\",\"potentialAction\":[{\"@type\":\"SearchAction\",\"target\":{\"@type\":\"EntryPoint\",\"urlTemplate\":\"https:\\\/\\\/nafentmagazine.com\\\/?s={search_term_string}\"},\"query-input\":{\"@type\":\"PropertyValueSpecification\",\"valueRequired\":true,\"valueName\":\"search_term_string\"}}],\"inLanguage\":\"ca\"},{\"@type\":\"Organization\",\"@id\":\"https:\\\/\\\/nafentmagazine.com\\\/#organization\",\"name\":\"Nafent Magazine\",\"url\":\"https:\\\/\\\/nafentmagazine.com\\\/\",\"logo\":{\"@type\":\"ImageObject\",\"inLanguage\":\"ca\",\"@id\":\"https:\\\/\\\/nafentmagazine.com\\\/#\\\/schema\\\/logo\\\/image\\\/\",\"url\":\"https:\\\/\\\/nafentmagazine.com\\\/wp-content\\\/uploads\\\/2021\\\/12\\\/cropped-cropped-logo-full.png\",\"contentUrl\":\"https:\\\/\\\/nafentmagazine.com\\\/wp-content\\\/uploads\\\/2021\\\/12\\\/cropped-cropped-logo-full.png\",\"width\":900,\"height\":327,\"caption\":\"Nafent Magazine\"},\"image\":{\"@id\":\"https:\\\/\\\/nafentmagazine.com\\\/#\\\/schema\\\/logo\\\/image\\\/\"},\"sameAs\":[\"https:\\\/\\\/www.facebook.com\\\/Nafentmagazine\",\"https:\\\/\\\/www.instagram.com\\\/nafentmagazine\\\/\",\"https:\\\/\\\/www.linkedin.com\\\/company\\\/77097325\\\/\"]}]}<\/script>\n<!-- \/ Yoast SEO plugin. -->","yoast_head_json":{"title":"Jon Cake | Nafent Social Run | Nafent Magazine","robots":{"index":"index","follow":"follow","max-snippet":"max-snippet:-1","max-image-preview":"max-image-preview:large","max-video-preview":"max-video-preview:-1"},"canonical":"https:\/\/nafentmagazine.com\/ca\/product\/jon-cake-nafent-social-run\/","og_locale":"ca_ES","og_type":"article","og_title":"Jon Cake | Nafent Social Run | Nafent Magazine","og_description":"\ud83c\udfc3\u200d\u2640\ufe0f Prepara\u2019t per a una Nafent Social Run especial!Aquest dimecres, Nafent i Jon Cake corren junts \u2014 amb past\u00eds de formatge artes\u00e0 gratu\u00eft \ud83c\udf70 per a tots els participants inscrits que acabin la cursa en grup! \ud83d\udccd 18:00h \u2013 Concentraci\u00f3 a Hors Categoria Girona \u2615\ud83c\udfc3 19:30h \u2013 Cursa social (6,5 km) \ud83c\udfc3\u200d\u2642\ufe0f\ud83c\udf89 Finalment: el llegendari past\u00eds de formatge artes\u00e0 de Jon Cake! \ud83e\udd29 \ud83d\udc49 Inscriu-t\u2019hi ara!","og_url":"https:\/\/nafentmagazine.com\/ca\/product\/jon-cake-nafent-social-run\/","og_site_name":"Nafent Magazine","article_publisher":"https:\/\/www.facebook.com\/Nafentmagazine","article_modified_time":"2025-11-07T07:29:56+00:00","og_image":[{"width":1080,"height":1350,"url":"https:\/\/nafentmagazine.com\/wp-content\/uploads\/2025\/11\/WhatsApp-Image-2025-11-07-at-00.32.38.jpeg","type":"image\/jpeg"}],"twitter_card":"summary_large_image","schema":{"@context":"https:\/\/schema.org","@graph":[{"@type":"WebPage","@id":"https:\/\/nafentmagazine.com\/ca\/product\/jon-cake-nafent-social-run\/","url":"https:\/\/nafentmagazine.com\/ca\/product\/jon-cake-nafent-social-run\/","name":"Jon Cake | Nafent Social Run | Nafent Magazine","isPartOf":{"@id":"https:\/\/nafentmagazine.com\/#website"},"primaryImageOfPage":{"@id":"https:\/\/nafentmagazine.com\/ca\/product\/jon-cake-nafent-social-run\/#primaryimage"},"image":{"@id":"https:\/\/nafentmagazine.com\/ca\/product\/jon-cake-nafent-social-run\/#primaryimage"},"thumbnailUrl":"https:\/\/nafentmagazine.com\/wp-content\/uploads\/2025\/11\/Jon-Cake-Nafent-Girona.jpeg","datePublished":"2025-11-07T07:26:26+00:00","dateModified":"2025-11-07T07:29:56+00:00","breadcrumb":{"@id":"https:\/\/nafentmagazine.com\/ca\/product\/jon-cake-nafent-social-run\/#breadcrumb"},"inLanguage":"ca","potentialAction":[{"@type":"ReadAction","target":["https:\/\/nafentmagazine.com\/ca\/product\/jon-cake-nafent-social-run\/"]}]},{"@type":"ImageObject","inLanguage":"ca","@id":"https:\/\/nafentmagazine.com\/ca\/product\/jon-cake-nafent-social-run\/#primaryimage","url":"https:\/\/nafentmagazine.com\/wp-content\/uploads\/2025\/11\/Jon-Cake-Nafent-Girona.jpeg","contentUrl":"https:\/\/nafentmagazine.com\/wp-content\/uploads\/2025\/11\/Jon-Cake-Nafent-Girona.jpeg","width":1080,"height":1350,"caption":"Jon Cake Nafent Girona"},{"@type":"BreadcrumbList","@id":"https:\/\/nafentmagazine.com\/ca\/product\/jon-cake-nafent-social-run\/#breadcrumb","itemListElement":[{"@type":"ListItem","position":1,"name":"Home","item":"https:\/\/nafentmagazine.com\/"},{"@type":"ListItem","position":2,"name":"Shop","item":"https:\/\/nafentmagazine.com\/ca\/shop\/"},{"@type":"ListItem","position":3,"name":"Jon Cake | Nafent Social Run"}]},{"@type":"WebSite","@id":"https:\/\/nafentmagazine.com\/#website","url":"https:\/\/nafentmagazine.com\/","name":"Nafent Magazine","description":"The Catalan cycling magazine","publisher":{"@id":"https:\/\/nafentmagazine.com\/#organization"},"alternateName":"Revista Nafent","potentialAction":[{"@type":"SearchAction","target":{"@type":"EntryPoint","urlTemplate":"https:\/\/nafentmagazine.com\/?s={search_term_string}"},"query-input":{"@type":"PropertyValueSpecification","valueRequired":true,"valueName":"search_term_string"}}],"inLanguage":"ca"},{"@type":"Organization","@id":"https:\/\/nafentmagazine.com\/#organization","name":"Nafent Magazine","url":"https:\/\/nafentmagazine.com\/","logo":{"@type":"ImageObject","inLanguage":"ca","@id":"https:\/\/nafentmagazine.com\/#\/schema\/logo\/image\/","url":"https:\/\/nafentmagazine.com\/wp-content\/uploads\/2021\/12\/cropped-cropped-logo-full.png","contentUrl":"https:\/\/nafentmagazine.com\/wp-content\/uploads\/2021\/12\/cropped-cropped-logo-full.png","width":900,"height":327,"caption":"Nafent Magazine"},"image":{"@id":"https:\/\/nafentmagazine.com\/#\/schema\/logo\/image\/"},"sameAs":["https:\/\/www.facebook.com\/Nafentmagazine","https:\/\/www.instagram.com\/nafentmagazine\/","https:\/\/www.linkedin.com\/company\/77097325\/"]}]}},"jetpack_sharing_enabled":true,"_links":{"self":[{"href":"https:\/\/nafentmagazine.com\/ca\/wp-json\/wp\/v2\/product\/10722","targetHints":{"allow":["GET"]}}],"collection":[{"href":"https:\/\/nafentmagazine.com\/ca\/wp-json\/wp\/v2\/product"}],"about":[{"href":"https:\/\/nafentmagazine.com\/ca\/wp-json\/wp\/v2\/types\/product"}],"wp:featuredmedia":[{"embeddable":true,"href":"https:\/\/nafentmagazine.com\/ca\/wp-json\/wp\/v2\/media\/10724"}],"wp:attachment":[{"href":"https:\/\/nafentmagazine.com\/ca\/wp-json\/wp\/v2\/media?parent=10722"}],"wp:term":[{"taxonomy":"product_brand","embeddable":true,"href":"https:\/\/nafentmagazine.com\/ca\/wp-json\/wp\/v2\/product_brand?post=10722"},{"taxonomy":"product_cat","embeddable":true,"href":"https:\/\/nafentmagazine.com\/ca\/wp-json\/wp\/v2\/product_cat?post=10722"},{"taxonomy":"product_tag","embeddable":true,"href":"https:\/\/nafentmagazine.com\/ca\/wp-json\/wp\/v2\/product_tag?post=10722"}],"curies":[{"name":"wp","href":"https:\/\/api.w.org\/{rel}","templated":true}]}}