{"id":3381,"date":"2022-07-30T20:50:11","date_gmt":"2022-07-30T18:50:11","guid":{"rendered":"https:\/\/nafentmagazine.com\/punts-de-venda\/"},"modified":"2026-01-16T16:41:31","modified_gmt":"2026-01-16T15:41:31","slug":"punts-de-venda","status":"publish","type":"page","link":"https:\/\/nafentmagazine.com\/ca\/punts-de-venda\/","title":{"rendered":"Punts de venda"},"content":{"rendered":"\t\t<div data-elementor-type=\"wp-page\" data-elementor-id=\"3381\" class=\"elementor elementor-3381 elementor-3241\">\n\t\t\t\t\t\t<section class=\"elementor-section elementor-top-section elementor-element elementor-element-23b8031 elementor-section-boxed elementor-section-height-default elementor-section-height-default\" data-id=\"23b8031\" data-element_type=\"section\" data-e-type=\"section\" data-settings=\"{&quot;background_background&quot;:&quot;classic&quot;}\">\n\t\t\t\t\t\t\t<div class=\"elementor-background-overlay\"><\/div>\n\t\t\t\t\t\t\t<div class=\"elementor-container elementor-column-gap-default\">\n\t\t\t\t\t<div class=\"elementor-column elementor-col-100 elementor-top-column elementor-element elementor-element-2c5ebfae\" data-id=\"2c5ebfae\" data-element_type=\"column\" data-e-type=\"column\">\n\t\t\t<div class=\"elementor-widget-wrap elementor-element-populated\">\n\t\t\t\t\t\t<div class=\"elementor-element elementor-element-44caa18a elementor-widget elementor-widget-heading\" data-id=\"44caa18a\" data-element_type=\"widget\" data-e-type=\"widget\" data-widget_type=\"heading.default\">\n\t\t\t\t<div class=\"elementor-widget-container\">\n\t\t\t\t\t<h1 class=\"elementor-heading-title elementor-size-default\">Punts de venda<\/h1>\t\t\t\t<\/div>\n\t\t\t\t<\/div>\n\t\t\t\t\t<\/div>\n\t\t<\/div>\n\t\t\t\t\t<\/div>\n\t\t<\/section>\n\t\t\t\t<section class=\"elementor-section elementor-top-section elementor-element elementor-element-daf9e98 elementor-section-boxed elementor-section-height-default elementor-section-height-default\" data-id=\"daf9e98\" data-element_type=\"section\" data-e-type=\"section\">\n\t\t\t\t\t\t<div class=\"elementor-container elementor-column-gap-default\">\n\t\t\t\t\t<div class=\"elementor-column elementor-col-100 elementor-top-column elementor-element elementor-element-5e4d194\" data-id=\"5e4d194\" data-element_type=\"column\" data-e-type=\"column\">\n\t\t\t<div class=\"elementor-widget-wrap elementor-element-populated\">\n\t\t\t\t\t\t<div class=\"elementor-element elementor-element-57dc713 elementor-widget elementor-widget-text-editor\" data-id=\"57dc713\" data-element_type=\"widget\" data-e-type=\"widget\" data-widget_type=\"text-editor.default\">\n\t\t\t\t<div class=\"elementor-widget-container\">\n\t\t\t\t\t\t\t\t\t<p>Nafent est\u00e0 disponible per ser llegida en m\u00e9s de 200 llocs a tot Catalunya, incloent botigues de bicicletes, biblioteques, caf\u00e8s ciclistes i llibreries en \u00e0rees de parla catalana com Catalunya, Andorra, les Illes Balears, Perpiny\u00e0 i Val\u00e8ncia.<\/p><p>Assegureu la vostra c\u00f2pia fent una comanda a trav\u00e9s de la nostra <a href=\"http:\/\/www.nafentmagazine.com\/shop\/\">botiga en l\u00ednia<\/a> o visitant la nostra <a href=\"https:\/\/maps.app.goo.gl\/c2w3miDvL1fJBeANA\">botiga ins\u00edgnia a Girona<\/a> . Gaudeix de la vibrants cultura ciclista de Catalunya a trav\u00e9s de les diverses hist\u00f2ries i perspectives que ofereix cada n\u00famero de la revista Nafent.<\/p>\t\t\t\t\t\t\t\t<\/div>\n\t\t\t\t<\/div>\n\t\t\t\t\t<\/div>\n\t\t<\/div>\n\t\t\t\t\t<\/div>\n\t\t<\/section>\n\t\t\t\t<\/div>\n\t\t","protected":false},"excerpt":{"rendered":"<p>Punts de venda Nafent est\u00e0 disponible per ser llegida en m\u00e9s de 200 llocs a tot Catalunya, incloent botigues de bicicletes, biblioteques, caf\u00e8s ciclistes i llibreries en \u00e0rees de parla catalana com Catalunya, Andorra, les Illes Balears, Perpiny\u00e0 i Val\u00e8ncia. Assegureu la vostra c\u00f2pia fent una comanda a trav\u00e9s de la nostra botiga en l\u00ednia [&hellip;]<\/p>\n","protected":false},"author":3,"featured_media":0,"parent":0,"menu_order":0,"comment_status":"closed","ping_status":"closed","template":"","meta":{"_ppp_document_settings_meta":"","site-sidebar-layout":"no-sidebar","site-content-layout":"page-builder","ast-site-content-layout":"full-width-container","site-content-style":"unboxed","site-sidebar-style":"unboxed","ast-global-header-display":"","ast-banner-title-visibility":"","ast-main-header-display":"","ast-hfb-above-header-display":"","ast-hfb-below-header-display":"","ast-hfb-mobile-header-display":"","site-post-title":"disabled","ast-breadcrumbs-content":"","ast-featured-img":"disabled","footer-sml-layout":"","ast-disable-related-posts":"","theme-transparent-header-meta":"","adv-header-id-meta":"","stick-header-meta":"","header-above-stick-meta":"","header-main-stick-meta":"","header-below-stick-meta":"","astra-migrate-meta-layouts":"default","ast-page-background-enabled":"default","ast-page-background-meta":{"desktop":{"background-color":"","background-image":"","background-repeat":"repeat","background-position":"center center","background-size":"auto","background-attachment":"scroll","background-type":"","background-media":"","overlay-type":"","overlay-color":"","overlay-opacity":"","overlay-gradient":""},"tablet":{"background-color":"","background-image":"","background-repeat":"repeat","background-position":"center center","background-size":"auto","background-attachment":"scroll","background-type":"","background-media":"","overlay-type":"","overlay-color":"","overlay-opacity":"","overlay-gradient":""},"mobile":{"background-color":"","background-image":"","background-repeat":"repeat","background-position":"center center","background-size":"auto","background-attachment":"scroll","background-type":"","background-media":"","overlay-type":"","overlay-color":"","overlay-opacity":"","overlay-gradient":""}},"ast-content-background-meta":{"desktop":{"background-color":"var(--ast-global-color-5)","background-image":"","background-repeat":"repeat","background-position":"center center","background-size":"auto","background-attachment":"scroll","background-type":"","background-media":"","overlay-type":"","overlay-color":"","overlay-opacity":"","overlay-gradient":""},"tablet":{"background-color":"var(--ast-global-color-5)","background-image":"","background-repeat":"repeat","background-position":"center center","background-size":"auto","background-attachment":"scroll","background-type":"","background-media":"","overlay-type":"","overlay-color":"","overlay-opacity":"","overlay-gradient":""},"mobile":{"background-color":"var(--ast-global-color-5)","background-image":"","background-repeat":"repeat","background-position":"center center","background-size":"auto","background-attachment":"scroll","background-type":"","background-media":"","overlay-type":"","overlay-color":"","overlay-opacity":"","overlay-gradient":""}},"footnotes":""},"class_list":["post-3381","page","type-page","status-publish","hentry"],"yoast_head":"<!-- This site is optimized with the Yoast SEO plugin v27.3 - https:\/\/yoast.com\/product\/yoast-seo-wordpress\/ -->\n<title>Punts de venda | Nafent Magazine<\/title>\n<meta name=\"description\" content=\"La Nafent Magazine est\u00e0 disponible a la majoria dels punts ciclistes del territori catal\u00e0 Contacta amb nosaltres per convertir-te en un punt de venta.\" \/>\n<meta name=\"robots\" content=\"index, follow, max-snippet:-1, max-image-preview:large, max-video-preview:-1\" \/>\n<link rel=\"canonical\" href=\"https:\/\/nafentmagazine.com\/ca\/punts-de-venda\/\" \/>\n<meta property=\"og:locale\" content=\"ca_ES\" \/>\n<meta property=\"og:type\" content=\"article\" \/>\n<meta property=\"og:title\" content=\"Punts de venda | Nafent Magazine\" \/>\n<meta property=\"og:description\" content=\"La Nafent Magazine est\u00e0 disponible a la majoria dels punts ciclistes del territori catal\u00e0 Contacta amb nosaltres per convertir-te en un punt de venta.\" \/>\n<meta property=\"og:url\" content=\"https:\/\/nafentmagazine.com\/ca\/punts-de-venda\/\" \/>\n<meta property=\"og:site_name\" content=\"Nafent Magazine\" \/>\n<meta property=\"article:publisher\" content=\"https:\/\/www.facebook.com\/Nafentmagazine\" \/>\n<meta property=\"article:modified_time\" content=\"2026-01-16T15:41:31+00:00\" \/>\n<meta property=\"og:image\" content=\"https:\/\/nafentmagazine.com\/wp-content\/uploads\/2025\/09\/logo.webp\" \/>\n\t<meta property=\"og:image:width\" content=\"600\" \/>\n\t<meta property=\"og:image:height\" content=\"549\" \/>\n\t<meta property=\"og:image:type\" content=\"image\/webp\" \/>\n<meta name=\"twitter:card\" content=\"summary_large_image\" \/>\n<meta name=\"twitter:label1\" content=\"Temps estimat de lectura\" \/>\n\t<meta name=\"twitter:data1\" content=\"1 minut\" \/>\n<script type=\"application\/ld+json\" class=\"yoast-schema-graph\">{\"@context\":\"https:\\\/\\\/schema.org\",\"@graph\":[{\"@type\":\"WebPage\",\"@id\":\"https:\\\/\\\/nafentmagazine.com\\\/ca\\\/punts-de-venda\\\/\",\"url\":\"https:\\\/\\\/nafentmagazine.com\\\/ca\\\/punts-de-venda\\\/\",\"name\":\"Punts de venda | Nafent Magazine\",\"isPartOf\":{\"@id\":\"https:\\\/\\\/nafentmagazine.com\\\/#website\"},\"datePublished\":\"2022-07-30T18:50:11+00:00\",\"dateModified\":\"2026-01-16T15:41:31+00:00\",\"description\":\"La Nafent Magazine est\u00e0 disponible a la majoria dels punts ciclistes del territori catal\u00e0 Contacta amb nosaltres per convertir-te en un punt de venta.\",\"breadcrumb\":{\"@id\":\"https:\\\/\\\/nafentmagazine.com\\\/ca\\\/punts-de-venda\\\/#breadcrumb\"},\"inLanguage\":\"ca\",\"potentialAction\":[{\"@type\":\"ReadAction\",\"target\":[\"https:\\\/\\\/nafentmagazine.com\\\/ca\\\/punts-de-venda\\\/\"]}]},{\"@type\":\"BreadcrumbList\",\"@id\":\"https:\\\/\\\/nafentmagazine.com\\\/ca\\\/punts-de-venda\\\/#breadcrumb\",\"itemListElement\":[{\"@type\":\"ListItem\",\"position\":1,\"name\":\"Home\",\"item\":\"https:\\\/\\\/nafentmagazine.com\\\/\"},{\"@type\":\"ListItem\",\"position\":2,\"name\":\"Punts de venda\"}]},{\"@type\":\"WebSite\",\"@id\":\"https:\\\/\\\/nafentmagazine.com\\\/#website\",\"url\":\"https:\\\/\\\/nafentmagazine.com\\\/\",\"name\":\"Nafent Magazine\",\"description\":\"The Catalan cycling magazine\",\"publisher\":{\"@id\":\"https:\\\/\\\/nafentmagazine.com\\\/#organization\"},\"alternateName\":\"Revista Nafent\",\"potentialAction\":[{\"@type\":\"SearchAction\",\"target\":{\"@type\":\"EntryPoint\",\"urlTemplate\":\"https:\\\/\\\/nafentmagazine.com\\\/?s={search_term_string}\"},\"query-input\":{\"@type\":\"PropertyValueSpecification\",\"valueRequired\":true,\"valueName\":\"search_term_string\"}}],\"inLanguage\":\"ca\"},{\"@type\":\"Organization\",\"@id\":\"https:\\\/\\\/nafentmagazine.com\\\/#organization\",\"name\":\"Nafent Magazine\",\"url\":\"https:\\\/\\\/nafentmagazine.com\\\/\",\"logo\":{\"@type\":\"ImageObject\",\"inLanguage\":\"ca\",\"@id\":\"https:\\\/\\\/nafentmagazine.com\\\/#\\\/schema\\\/logo\\\/image\\\/\",\"url\":\"https:\\\/\\\/nafentmagazine.com\\\/wp-content\\\/uploads\\\/2021\\\/12\\\/cropped-cropped-logo-full.png\",\"contentUrl\":\"https:\\\/\\\/nafentmagazine.com\\\/wp-content\\\/uploads\\\/2021\\\/12\\\/cropped-cropped-logo-full.png\",\"width\":900,\"height\":327,\"caption\":\"Nafent Magazine\"},\"image\":{\"@id\":\"https:\\\/\\\/nafentmagazine.com\\\/#\\\/schema\\\/logo\\\/image\\\/\"},\"sameAs\":[\"https:\\\/\\\/www.facebook.com\\\/Nafentmagazine\",\"https:\\\/\\\/www.instagram.com\\\/nafentmagazine\\\/\",\"https:\\\/\\\/www.linkedin.com\\\/company\\\/77097325\\\/\"]}]}<\/script>\n<!-- \/ Yoast SEO plugin. -->","yoast_head_json":{"title":"Punts de venda | Nafent Magazine","description":"La Nafent Magazine est\u00e0 disponible a la majoria dels punts ciclistes del territori catal\u00e0 Contacta amb nosaltres per convertir-te en un punt de venta.","robots":{"index":"index","follow":"follow","max-snippet":"max-snippet:-1","max-image-preview":"max-image-preview:large","max-video-preview":"max-video-preview:-1"},"canonical":"https:\/\/nafentmagazine.com\/ca\/punts-de-venda\/","og_locale":"ca_ES","og_type":"article","og_title":"Punts de venda | Nafent Magazine","og_description":"La Nafent Magazine est\u00e0 disponible a la majoria dels punts ciclistes del territori catal\u00e0 Contacta amb nosaltres per convertir-te en un punt de venta.","og_url":"https:\/\/nafentmagazine.com\/ca\/punts-de-venda\/","og_site_name":"Nafent Magazine","article_publisher":"https:\/\/www.facebook.com\/Nafentmagazine","article_modified_time":"2026-01-16T15:41:31+00:00","og_image":[{"width":600,"height":549,"url":"https:\/\/nafentmagazine.com\/wp-content\/uploads\/2025\/09\/logo.webp","type":"image\/webp"}],"twitter_card":"summary_large_image","twitter_misc":{"Temps estimat de lectura":"1 minut"},"schema":{"@context":"https:\/\/schema.org","@graph":[{"@type":"WebPage","@id":"https:\/\/nafentmagazine.com\/ca\/punts-de-venda\/","url":"https:\/\/nafentmagazine.com\/ca\/punts-de-venda\/","name":"Punts de venda | Nafent Magazine","isPartOf":{"@id":"https:\/\/nafentmagazine.com\/#website"},"datePublished":"2022-07-30T18:50:11+00:00","dateModified":"2026-01-16T15:41:31+00:00","description":"La Nafent Magazine est\u00e0 disponible a la majoria dels punts ciclistes del territori catal\u00e0 Contacta amb nosaltres per convertir-te en un punt de venta.","breadcrumb":{"@id":"https:\/\/nafentmagazine.com\/ca\/punts-de-venda\/#breadcrumb"},"inLanguage":"ca","potentialAction":[{"@type":"ReadAction","target":["https:\/\/nafentmagazine.com\/ca\/punts-de-venda\/"]}]},{"@type":"BreadcrumbList","@id":"https:\/\/nafentmagazine.com\/ca\/punts-de-venda\/#breadcrumb","itemListElement":[{"@type":"ListItem","position":1,"name":"Home","item":"https:\/\/nafentmagazine.com\/"},{"@type":"ListItem","position":2,"name":"Punts de venda"}]},{"@type":"WebSite","@id":"https:\/\/nafentmagazine.com\/#website","url":"https:\/\/nafentmagazine.com\/","name":"Nafent Magazine","description":"The Catalan cycling magazine","publisher":{"@id":"https:\/\/nafentmagazine.com\/#organization"},"alternateName":"Revista Nafent","potentialAction":[{"@type":"SearchAction","target":{"@type":"EntryPoint","urlTemplate":"https:\/\/nafentmagazine.com\/?s={search_term_string}"},"query-input":{"@type":"PropertyValueSpecification","valueRequired":true,"valueName":"search_term_string"}}],"inLanguage":"ca"},{"@type":"Organization","@id":"https:\/\/nafentmagazine.com\/#organization","name":"Nafent Magazine","url":"https:\/\/nafentmagazine.com\/","logo":{"@type":"ImageObject","inLanguage":"ca","@id":"https:\/\/nafentmagazine.com\/#\/schema\/logo\/image\/","url":"https:\/\/nafentmagazine.com\/wp-content\/uploads\/2021\/12\/cropped-cropped-logo-full.png","contentUrl":"https:\/\/nafentmagazine.com\/wp-content\/uploads\/2021\/12\/cropped-cropped-logo-full.png","width":900,"height":327,"caption":"Nafent Magazine"},"image":{"@id":"https:\/\/nafentmagazine.com\/#\/schema\/logo\/image\/"},"sameAs":["https:\/\/www.facebook.com\/Nafentmagazine","https:\/\/www.instagram.com\/nafentmagazine\/","https:\/\/www.linkedin.com\/company\/77097325\/"]}]}},"jetpack_sharing_enabled":true,"_links":{"self":[{"href":"https:\/\/nafentmagazine.com\/ca\/wp-json\/wp\/v2\/pages\/3381","targetHints":{"allow":["GET"]}}],"collection":[{"href":"https:\/\/nafentmagazine.com\/ca\/wp-json\/wp\/v2\/pages"}],"about":[{"href":"https:\/\/nafentmagazine.com\/ca\/wp-json\/wp\/v2\/types\/page"}],"author":[{"embeddable":true,"href":"https:\/\/nafentmagazine.com\/ca\/wp-json\/wp\/v2\/users\/3"}],"replies":[{"embeddable":true,"href":"https:\/\/nafentmagazine.com\/ca\/wp-json\/wp\/v2\/comments?post=3381"}],"version-history":[{"count":12,"href":"https:\/\/nafentmagazine.com\/ca\/wp-json\/wp\/v2\/pages\/3381\/revisions"}],"predecessor-version":[{"id":11857,"href":"https:\/\/nafentmagazine.com\/ca\/wp-json\/wp\/v2\/pages\/3381\/revisions\/11857"}],"wp:attachment":[{"href":"https:\/\/nafentmagazine.com\/ca\/wp-json\/wp\/v2\/media?parent=3381"}],"curies":[{"name":"wp","href":"https:\/\/api.w.org\/{rel}","templated":true}]}}