{"id":2337,"date":"2021-12-27T16:53:45","date_gmt":"2021-12-27T15:53:45","guid":{"rendered":"https:\/\/nafentmagazine.com\/politica-de-privacitat\/"},"modified":"2026-01-16T15:41:12","modified_gmt":"2026-01-16T14:41:12","slug":"politica-de-privacitat","status":"publish","type":"page","link":"https:\/\/nafentmagazine.com\/ca\/politica-de-privacitat\/","title":{"rendered":"Pol\u00edtica de privacitat"},"content":{"rendered":"\t\t<div data-elementor-type=\"wp-page\" data-elementor-id=\"2337\" class=\"elementor elementor-2337 elementor-3\">\n\t\t\t\t\t\t<section class=\"elementor-section elementor-top-section elementor-element elementor-element-7a432f5 elementor-section-boxed elementor-section-height-default elementor-section-height-default\" data-id=\"7a432f5\" data-element_type=\"section\" data-e-type=\"section\" data-settings=\"{&quot;background_background&quot;:&quot;classic&quot;}\">\n\t\t\t\t\t\t<div class=\"elementor-container elementor-column-gap-default\">\n\t\t\t\t\t<div class=\"elementor-column elementor-col-100 elementor-top-column elementor-element elementor-element-15ae00d\" data-id=\"15ae00d\" data-element_type=\"column\" data-e-type=\"column\">\n\t\t\t<div class=\"elementor-widget-wrap elementor-element-populated\">\n\t\t\t\t\t\t<div class=\"elementor-element elementor-element-3682796 elementor-widget elementor-widget-heading\" data-id=\"3682796\" data-element_type=\"widget\" data-e-type=\"widget\" data-widget_type=\"heading.default\">\n\t\t\t\t<div class=\"elementor-widget-container\">\n\t\t\t\t\t<h1 class=\"elementor-heading-title elementor-size-default\">Pol\u00edtica de privacitat<\/h1>\t\t\t\t<\/div>\n\t\t\t\t<\/div>\n\t\t\t\t<div class=\"elementor-element elementor-element-9622f3f elementor-widget elementor-widget-text-editor\" data-id=\"9622f3f\" data-element_type=\"widget\" data-e-type=\"widget\" data-widget_type=\"text-editor.default\">\n\t\t\t\t<div class=\"elementor-widget-container\">\n\t\t\t\t\t\t\t\t\t<p class=\"MsoNormal\">El text seg\u00fcent informa sobre les dades que MEDIABOOM tracta en l\u2019exercici dels seus serveis, d\u2019acord amb la normativa de la UE (Reglament n\u00fam. 2016\/679 del Parlament Europeu i del Consell, de 27 d\u2019abril de 2016, relatiu a la protecci\u00f3 de les persones f\u00edsiques pel que fa al tractament de dades personals i a la lliure circulaci\u00f3 d\u2019aquestes dades).<span style=\"font-style: inherit; font-weight: inherit;\">El text seg\u00fcent informa sobre les dades que MEDIABOOM tracta en l\u2019exercici dels seus serveis, d\u2019acord amb la normativa de la UE (Reglament n\u00fam. 2016\/679 del Parlament Europeu i del Consell, de 27 d\u2019abril de 2016, relatiu a la protecci\u00f3 de les persones f\u00edsiques pel que fa al tractament de dades personals i a la lliure circulaci\u00f3 d\u2019aquestes dades).<\/span><\/p>\n<p class=\"MsoNormal\">\n<\/p>\t\t\t\t\t\t\t\t<\/div>\n\t\t\t\t<\/div>\n\t\t\t\t<div class=\"elementor-element elementor-element-cd7644d elementor-widget elementor-widget-heading\" data-id=\"cd7644d\" data-element_type=\"widget\" data-e-type=\"widget\" data-widget_type=\"heading.default\">\n\t\t\t\t<div class=\"elementor-widget-container\">\n\t\t\t\t\t<h2 class=\"elementor-heading-title elementor-size-default\">QUI \u00c9S EL RESPONSABLE DEL TRACTAMENT DE LES DADES PERSONALS?<\/h2>\t\t\t\t<\/div>\n\t\t\t\t<\/div>\n\t\t\t\t<div class=\"elementor-element elementor-element-e58de2c elementor-widget elementor-widget-text-editor\" data-id=\"e58de2c\" data-element_type=\"widget\" data-e-type=\"widget\" data-widget_type=\"text-editor.default\">\n\t\t\t\t<div class=\"elementor-widget-container\">\n\t\t\t\t\t\t\t\t\t<p class=\"MsoNormal\">El responsable del tractament de les dades personals \u00e9s S. L. Beukeboom, el fundador de MEDIABOOM amb domicili legal a Kievitweg 5, 9765 JX Paterswolde (Pa\u00efsos Baixos), adre\u00e7a de correu electr\u00f2nic info@nafentmagazine.com.<\/p>\n<p class=\"MsoNormal\"> <\/p>\t\t\t\t\t\t\t\t<\/div>\n\t\t\t\t<\/div>\n\t\t\t\t<div class=\"elementor-element elementor-element-7c58d57 elementor-widget elementor-widget-heading\" data-id=\"7c58d57\" data-element_type=\"widget\" data-e-type=\"widget\" data-widget_type=\"heading.default\">\n\t\t\t\t<div class=\"elementor-widget-container\">\n\t\t\t\t\t<h2 class=\"elementor-heading-title elementor-size-default\">AMB QUINA FINALITAT I AMB QUINA LEGITIMITAT TRACTEM LES DADES?<\/h2>\t\t\t\t<\/div>\n\t\t\t\t<\/div>\n\t\t\t\t<div class=\"elementor-element elementor-element-66aeabd elementor-widget elementor-widget-text-editor\" data-id=\"66aeabd\" data-element_type=\"widget\" data-e-type=\"widget\" data-widget_type=\"text-editor.default\">\n\t\t\t\t<div class=\"elementor-widget-container\">\n\t\t\t\t\t\t\t\t\t<p><strong>Contacte<\/strong><\/p><p>Les dades es tracten amb el consentiment de la persona que s&#8217;ha posat en contacte amb nosaltres. Les dades es recullen b\u00e9 a trav\u00e9s de: tel\u00e8fon, correu electr\u00f2nic, formularis en l\u00ednia o presencialment. Aquestes dades no es conserven llevat que s&#8217;estableixi una relaci\u00f3 professional.<\/p><p> <\/p><p><strong>Serveis als clients<\/strong><\/p><p>Registrem les dades d&#8217;identificaci\u00f3 del client, aix\u00ed com qualsevol informaci\u00f3 addicional que se&#8217;ns faciliti amb la finalitat de dur a terme satisfact\u00f2riament els serveis oferts. Podem obtenir informaci\u00f3 de tercers dels clients. Les dades registrades tenen com a \u00fanica i exclusivament la finalitat d&#8217;executar els nostres serveis.  <\/p><p>Les dades es registren en els nostres documents i sistemes inform\u00e0tics per a la gesti\u00f3 administrativa i comptable de l&#8217;empresa. El tractament de les dades es realitza en compliment de les relacions contractuals (article 6.1.b RGPD) i obligacions legals (article 6.1.c RGPD). <\/p><p> <\/p><p><strong>Gesti\u00f3 de les dades dels nostres prove\u00efdors<\/strong><\/p><p>Tractem les dades de contacte i les dades fiscals dels prove\u00efdors (persones f\u00edsiques) dels quals obtenim serveis o b\u00e9ns. Tractem \u00fanicament les dades necess\u00e0ries per mantenir la relaci\u00f3 comercial i utilitzem les dades \u00fanicament per a aquesta finalitat, en el context de les relacions contractuals i en compliment d&#8217;obligacions legals. <\/p><p> <\/p><p><strong>Informaci\u00f3 de productes i serveis<\/strong><\/p><p>Amb l&#8217;autoritzaci\u00f3 del client, les seves dades de contacte s&#8217;utilitzen per enviar informaci\u00f3 relacionada amb els nostres serveis o productes. Tractem les dades sobre la base del consentiment de la persona receptora de les comunicacions (art. 6.1.a RGPD). <\/p><p> <\/p><p><strong>Cookies<\/strong><\/p><p>El sistema de navegaci\u00f3 i el programari que permet el funcionament del nostre lloc web registren autom\u00e0ticament les dades que normalment es generen en l&#8217;\u00fas de protocols d&#8217;Internet, entre d&#8217;altres, l&#8217;adre\u00e7a IP o el nom de domini de l&#8217;ordinador utilitzat per la persona que va visualitzar la web.<\/p><p>Aquesta informaci\u00f3 no est\u00e0 directament associada a usuaris concrets i s&#8217;utilitza amb l&#8217;\u00fanica finalitat d&#8217;obtenir informaci\u00f3 estad\u00edstica. El nostre lloc web utilitza cookies que ens permeten obtenir informaci\u00f3 t\u00e8cnica per facilitar l&#8217;accessibilitat i un \u00fas m\u00e9s eficient. <\/p>\t\t\t\t\t\t\t\t<\/div>\n\t\t\t\t<\/div>\n\t\t\t\t<div class=\"elementor-element elementor-element-d8247a2 elementor-widget elementor-widget-heading\" data-id=\"d8247a2\" data-element_type=\"widget\" data-e-type=\"widget\" data-widget_type=\"heading.default\">\n\t\t\t\t<div class=\"elementor-widget-container\">\n\t\t\t\t\t<h2 class=\"elementor-heading-title elementor-size-default\">A QUI ES COMUNIQUEN LES DADES?<\/h2>\t\t\t\t<\/div>\n\t\t\t\t<\/div>\n\t\t\t\t<div class=\"elementor-element elementor-element-f2bbba7 elementor-widget elementor-widget-text-editor\" data-id=\"f2bbba7\" data-element_type=\"widget\" data-e-type=\"widget\" data-widget_type=\"text-editor.default\">\n\t\t\t\t<div class=\"elementor-widget-container\">\n\t\t\t\t\t\t\t\t\t<p class=\"MsoNormal\">Nom\u00e9s comuniquem dades dels nostres clients quan sigui necessari per al compliment de les comandes rebudes. Amb coneixement previ del client, tamb\u00e9 podem comunicar dades a persones amb les quals t\u00e9 relaci\u00f3 jur\u00eddica i a altres professionals amb els quals col\u00b7laborem en la prestaci\u00f3 de serveis. En la facturaci\u00f3 dels nostres serveis podem comunicar dades als bancs.  <\/p>\n<p><\/p>\n<p class=\"MsoNormal\">La nostra oficina d\u00f3na feina als serveis d&#8217;altres persones o empreses, com ara empreses d&#8217;inform\u00e0tica o consultoria, que ens aporten la seva experi\u00e8ncia i especialitzaci\u00f3. En algunes ocasions han de tractar les dades personals de les quals l&#8217;empresa \u00e9s responsable. Aquest acc\u00e9s no constitueix una cessi\u00f3 de dades sin\u00f3 una cessi\u00f3 de tractament (art. 4.8 RGPD), de manera que aquests professionals contractats nom\u00e9s poden tractar les dades per oferir els seus serveis, sense poder destinar les dades a altres finalitats. En el moment de contractar aquests professionals, es formalitzen obligacions de confidencialitat i a MEDIABOOM fem un seguiment de les seves accions   <\/p>\t\t\t\t\t\t\t\t<\/div>\n\t\t\t\t<\/div>\n\t\t\t\t<div class=\"elementor-element elementor-element-5034262 elementor-widget elementor-widget-heading\" data-id=\"5034262\" data-element_type=\"widget\" data-e-type=\"widget\" data-widget_type=\"heading.default\">\n\t\t\t\t<div class=\"elementor-widget-container\">\n\t\t\t\t\t<h2 class=\"elementor-heading-title elementor-size-default\">DURANT QUANT DE TEMPS CONSERVEM LES DADES?<\/h2>\t\t\t\t<\/div>\n\t\t\t\t<\/div>\n\t\t\t\t<div class=\"elementor-element elementor-element-6df5f59 elementor-widget elementor-widget-text-editor\" data-id=\"6df5f59\" data-element_type=\"widget\" data-e-type=\"widget\" data-widget_type=\"text-editor.default\">\n\t\t\t\t<div class=\"elementor-widget-container\">\n\t\t\t\t\t\t\t\t\t<p class=\"MsoNormal\">Complim amb l&#8217;obligaci\u00f3 legal de limitar al m\u00e0xim el per\u00edode de conservaci\u00f3 de les dades. Per aquest motiu les dades nom\u00e9s es conserven durant el temps justificat necessari per dur a terme la finalitat que va motivar l&#8217;obtenci\u00f3 dels mateixs. <\/p>\n<p class=\"MsoNormal\">En determinats casos, com les dades contingudes en la documentaci\u00f3 comptable i la facturaci\u00f3, la normativa fiscal ens obliga a conservar-la fins que prescriuin les responsabilitats en aquesta mat\u00e8ria.<\/p>\n<p><\/p>\n<p class=\"MsoNormal\">Quan hem estat autoritzats per enviar informaci\u00f3 sobre els nostres serveis, les dades es conserven fins que la persona revoqui aquest consentiment.<\/p>\t\t\t\t\t\t\t\t<\/div>\n\t\t\t\t<\/div>\n\t\t\t\t<div class=\"elementor-element elementor-element-8aa4fe2 elementor-widget elementor-widget-heading\" data-id=\"8aa4fe2\" data-element_type=\"widget\" data-e-type=\"widget\" data-widget_type=\"heading.default\">\n\t\t\t\t<div class=\"elementor-widget-container\">\n\t\t\t\t\t<h2 class=\"elementor-heading-title elementor-size-default\">QUINS DRETS TENEN LES PERSONES EN RELACI\u00d3 AMB LES DADES QUE TRACTEM?<\/h2>\t\t\t\t<\/div>\n\t\t\t\t<\/div>\n\t\t\t\t<div class=\"elementor-element elementor-element-98feaef elementor-widget elementor-widget-text-editor\" data-id=\"98feaef\" data-element_type=\"widget\" data-e-type=\"widget\" data-widget_type=\"text-editor.default\">\n\t\t\t\t<div class=\"elementor-widget-container\">\n\t\t\t\t\t\t\t\t\t<p>Les persones amb les quals treballem tenen els seg\u00fcents drets:<\/p>\n<p>Per accedir-hi. Tenen dret a saber quines dades personals s\u00f3n objecte de tractament, quina \u00e9s la finalitat per a la qual es tracten, les comunicacions a altres persones, el dret a obtenir una c\u00f2pia o con\u00e8ixer el termini previst de conservaci\u00f3. <\/p>\n<p>Per demanar la rectificaci\u00f3. Dret de rectificaci\u00f3 de les dades inexactes. <\/p>\n<p>Per demanar que es suprimeixi. Dret a sol\u00b7licitar la supressi\u00f3 de les dades quan, entre altres motius, no siguin necess\u00e0ries per a les finalitats per a les quals van ser recollides i justifiquin el tractament.<\/p>\n<p>Sol\u00b7licitar limitaci\u00f3 del tractament. En determinades circumst\u00e0ncies hi ha dret a sol\u00b7licitar la limitaci\u00f3 del tractament de les dades: deixaran de tractar-se i nom\u00e9s es conservaran per a l&#8217;exercici o la defensa de reclamacions. <\/p>\n<p>Portabilitat. Dret a obtenir les dades personals en un format comunament llegible per a una m\u00e0quina, i a transmetre&#8217;ls a un altre responsable del tractament si aix\u00ed ho decideix l&#8217;interessat. <\/p>\n<p>Oposar-se al tractament. A causa de circumst\u00e0ncies particulars, una persona pot demanar-nos que deixem de tractar les seves dades si poden ser perjudicials. <\/p>\t\t\t\t\t\t\t\t<\/div>\n\t\t\t\t<\/div>\n\t\t\t\t<div class=\"elementor-element elementor-element-bd28d35 elementor-widget elementor-widget-heading\" data-id=\"bd28d35\" data-element_type=\"widget\" data-e-type=\"widget\" data-widget_type=\"heading.default\">\n\t\t\t\t<div class=\"elementor-widget-container\">\n\t\t\t\t\t<h2 class=\"elementor-heading-title elementor-size-default\">COM POTS EXERCIR O DEFENSAR ELS TEUS DRETS?<\/h2>\t\t\t\t<\/div>\n\t\t\t\t<\/div>\n\t\t\t\t<div class=\"elementor-element elementor-element-3ab7f03 elementor-widget elementor-widget-text-editor\" data-id=\"3ab7f03\" data-element_type=\"widget\" data-e-type=\"widget\" data-widget_type=\"text-editor.default\">\n\t\t\t\t<div class=\"elementor-widget-container\">\n\t\t\t\t\t\t\t\t\t<p>Els drets que acabem d&#8217;enumerar es poden exercir posant-nos en contacte amb nosaltres a la nostra adre\u00e7a postal o enviant un correu electr\u00f2nic a l&#8217;adre\u00e7a indicada a l&#8217;encap\u00e7alament. Si una persona considera que no ha obtingut una resposta satisfact\u00f2ria en l&#8217;exercici dels drets, pot presentar una reclamaci\u00f3 davant l&#8217;Ag\u00e8ncia Holandesa de Protecci\u00f3 de Dades, a trav\u00e9s dels formularis o altres canals accessibles des de la seva p\u00e0gina web https:\/\/www.autoriteitpersoonsgegevens.nl\/. <\/p>\t\t\t\t\t\t\t\t<\/div>\n\t\t\t\t<\/div>\n\t\t\t\t\t<\/div>\n\t\t<\/div>\n\t\t\t\t\t<\/div>\n\t\t<\/section>\n\t\t\t\t<\/div>\n\t\t","protected":false},"excerpt":{"rendered":"<p>Pol\u00edtica de privacitat El text seg\u00fcent informa sobre les dades que MEDIABOOM tracta en l\u2019exercici dels seus serveis, d\u2019acord amb la normativa de la UE (Reglament n\u00fam. 2016\/679 del Parlament Europeu i del Consell, de 27 d\u2019abril de 2016, relatiu a la protecci\u00f3 de les persones f\u00edsiques pel que fa al tractament de dades personals [&hellip;]<\/p>\n","protected":false},"author":1,"featured_media":0,"parent":0,"menu_order":0,"comment_status":"closed","ping_status":"closed","template":"","meta":{"_ppp_document_settings_meta":"","site-sidebar-layout":"","site-content-layout":"page-builder","ast-site-content-layout":"full-width-container","site-content-style":"unboxed","site-sidebar-style":"unboxed","ast-global-header-display":"","ast-banner-title-visibility":"","ast-main-header-display":"","ast-hfb-above-header-display":"","ast-hfb-below-header-display":"","ast-hfb-mobile-header-display":"","site-post-title":"disabled","ast-breadcrumbs-content":"","ast-featured-img":"","footer-sml-layout":"","ast-disable-related-posts":"","theme-transparent-header-meta":"disabled","adv-header-id-meta":"","stick-header-meta":"","header-above-stick-meta":"","header-main-stick-meta":"","header-below-stick-meta":"","astra-migrate-meta-layouts":"default","ast-page-background-enabled":"default","ast-page-background-meta":{"desktop":{"background-color":"","background-image":"","background-repeat":"repeat","background-position":"center center","background-size":"auto","background-attachment":"scroll","background-type":"","background-media":"","overlay-type":"","overlay-color":"","overlay-opacity":"","overlay-gradient":""},"tablet":{"background-color":"","background-image":"","background-repeat":"repeat","background-position":"center center","background-size":"auto","background-attachment":"scroll","background-type":"","background-media":"","overlay-type":"","overlay-color":"","overlay-opacity":"","overlay-gradient":""},"mobile":{"background-color":"","background-image":"","background-repeat":"repeat","background-position":"center center","background-size":"auto","background-attachment":"scroll","background-type":"","background-media":"","overlay-type":"","overlay-color":"","overlay-opacity":"","overlay-gradient":""}},"ast-content-background-meta":{"desktop":{"background-color":"var(--ast-global-color-5)","background-image":"","background-repeat":"repeat","background-position":"center center","background-size":"auto","background-attachment":"scroll","background-type":"","background-media":"","overlay-type":"","overlay-color":"","overlay-opacity":"","overlay-gradient":""},"tablet":{"background-color":"var(--ast-global-color-5)","background-image":"","background-repeat":"repeat","background-position":"center center","background-size":"auto","background-attachment":"scroll","background-type":"","background-media":"","overlay-type":"","overlay-color":"","overlay-opacity":"","overlay-gradient":""},"mobile":{"background-color":"var(--ast-global-color-5)","background-image":"","background-repeat":"repeat","background-position":"center center","background-size":"auto","background-attachment":"scroll","background-type":"","background-media":"","overlay-type":"","overlay-color":"","overlay-opacity":"","overlay-gradient":""}},"footnotes":""},"class_list":["post-2337","page","type-page","status-publish","hentry"],"yoast_head":"<!-- This site is optimized with the Yoast SEO plugin v27.3 - https:\/\/yoast.com\/product\/yoast-seo-wordpress\/ -->\n<title>Pol\u00edtica de privacitat | Nafent Magazine<\/title>\n<meta name=\"description\" content=\"Privacy policies about Nafent Magazine\" \/>\n<meta name=\"robots\" content=\"index, follow, max-snippet:-1, max-image-preview:large, max-video-preview:-1\" \/>\n<link rel=\"canonical\" href=\"https:\/\/nafentmagazine.com\/ca\/politica-de-privacitat\/\" \/>\n<meta property=\"og:locale\" content=\"ca_ES\" \/>\n<meta property=\"og:type\" content=\"article\" \/>\n<meta property=\"og:title\" content=\"Pol\u00edtica de privacitat | Nafent Magazine\" \/>\n<meta property=\"og:description\" content=\"Privacy policies about Nafent Magazine\" \/>\n<meta property=\"og:url\" content=\"https:\/\/nafentmagazine.com\/ca\/politica-de-privacitat\/\" \/>\n<meta property=\"og:site_name\" content=\"Nafent Magazine\" \/>\n<meta property=\"article:publisher\" content=\"https:\/\/www.facebook.com\/Nafentmagazine\" \/>\n<meta property=\"article:modified_time\" content=\"2026-01-16T14:41:12+00:00\" \/>\n<meta property=\"og:image\" content=\"https:\/\/nafentmagazine.com\/wp-content\/uploads\/2025\/09\/logo.webp\" \/>\n\t<meta property=\"og:image:width\" content=\"600\" \/>\n\t<meta property=\"og:image:height\" content=\"549\" \/>\n\t<meta property=\"og:image:type\" content=\"image\/webp\" \/>\n<meta name=\"twitter:card\" content=\"summary_large_image\" \/>\n<meta name=\"twitter:label1\" content=\"Temps estimat de lectura\" \/>\n\t<meta name=\"twitter:data1\" content=\"5 minuts\" \/>\n<script type=\"application\/ld+json\" class=\"yoast-schema-graph\">{\"@context\":\"https:\\\/\\\/schema.org\",\"@graph\":[{\"@type\":\"WebPage\",\"@id\":\"https:\\\/\\\/nafentmagazine.com\\\/ca\\\/politica-de-privacitat\\\/\",\"url\":\"https:\\\/\\\/nafentmagazine.com\\\/ca\\\/politica-de-privacitat\\\/\",\"name\":\"Pol\u00edtica de privacitat | Nafent Magazine\",\"isPartOf\":{\"@id\":\"https:\\\/\\\/nafentmagazine.com\\\/#website\"},\"datePublished\":\"2021-12-27T15:53:45+00:00\",\"dateModified\":\"2026-01-16T14:41:12+00:00\",\"description\":\"Privacy policies about Nafent Magazine\",\"breadcrumb\":{\"@id\":\"https:\\\/\\\/nafentmagazine.com\\\/ca\\\/politica-de-privacitat\\\/#breadcrumb\"},\"inLanguage\":\"ca\",\"potentialAction\":[{\"@type\":\"ReadAction\",\"target\":[\"https:\\\/\\\/nafentmagazine.com\\\/ca\\\/politica-de-privacitat\\\/\"]}]},{\"@type\":\"BreadcrumbList\",\"@id\":\"https:\\\/\\\/nafentmagazine.com\\\/ca\\\/politica-de-privacitat\\\/#breadcrumb\",\"itemListElement\":[{\"@type\":\"ListItem\",\"position\":1,\"name\":\"Home\",\"item\":\"https:\\\/\\\/nafentmagazine.com\\\/\"},{\"@type\":\"ListItem\",\"position\":2,\"name\":\"Pol\u00edtica de privacitat\"}]},{\"@type\":\"WebSite\",\"@id\":\"https:\\\/\\\/nafentmagazine.com\\\/#website\",\"url\":\"https:\\\/\\\/nafentmagazine.com\\\/\",\"name\":\"Nafent Magazine\",\"description\":\"The Catalan cycling magazine\",\"publisher\":{\"@id\":\"https:\\\/\\\/nafentmagazine.com\\\/#organization\"},\"alternateName\":\"Revista Nafent\",\"potentialAction\":[{\"@type\":\"SearchAction\",\"target\":{\"@type\":\"EntryPoint\",\"urlTemplate\":\"https:\\\/\\\/nafentmagazine.com\\\/?s={search_term_string}\"},\"query-input\":{\"@type\":\"PropertyValueSpecification\",\"valueRequired\":true,\"valueName\":\"search_term_string\"}}],\"inLanguage\":\"ca\"},{\"@type\":\"Organization\",\"@id\":\"https:\\\/\\\/nafentmagazine.com\\\/#organization\",\"name\":\"Nafent Magazine\",\"url\":\"https:\\\/\\\/nafentmagazine.com\\\/\",\"logo\":{\"@type\":\"ImageObject\",\"inLanguage\":\"ca\",\"@id\":\"https:\\\/\\\/nafentmagazine.com\\\/#\\\/schema\\\/logo\\\/image\\\/\",\"url\":\"https:\\\/\\\/nafentmagazine.com\\\/wp-content\\\/uploads\\\/2021\\\/12\\\/cropped-cropped-logo-full.png\",\"contentUrl\":\"https:\\\/\\\/nafentmagazine.com\\\/wp-content\\\/uploads\\\/2021\\\/12\\\/cropped-cropped-logo-full.png\",\"width\":900,\"height\":327,\"caption\":\"Nafent Magazine\"},\"image\":{\"@id\":\"https:\\\/\\\/nafentmagazine.com\\\/#\\\/schema\\\/logo\\\/image\\\/\"},\"sameAs\":[\"https:\\\/\\\/www.facebook.com\\\/Nafentmagazine\",\"https:\\\/\\\/www.instagram.com\\\/nafentmagazine\\\/\",\"https:\\\/\\\/www.linkedin.com\\\/company\\\/77097325\\\/\"]}]}<\/script>\n<!-- \/ Yoast SEO plugin. -->","yoast_head_json":{"title":"Pol\u00edtica de privacitat | Nafent Magazine","description":"Privacy policies about Nafent Magazine","robots":{"index":"index","follow":"follow","max-snippet":"max-snippet:-1","max-image-preview":"max-image-preview:large","max-video-preview":"max-video-preview:-1"},"canonical":"https:\/\/nafentmagazine.com\/ca\/politica-de-privacitat\/","og_locale":"ca_ES","og_type":"article","og_title":"Pol\u00edtica de privacitat | Nafent Magazine","og_description":"Privacy policies about Nafent Magazine","og_url":"https:\/\/nafentmagazine.com\/ca\/politica-de-privacitat\/","og_site_name":"Nafent Magazine","article_publisher":"https:\/\/www.facebook.com\/Nafentmagazine","article_modified_time":"2026-01-16T14:41:12+00:00","og_image":[{"width":600,"height":549,"url":"https:\/\/nafentmagazine.com\/wp-content\/uploads\/2025\/09\/logo.webp","type":"image\/webp"}],"twitter_card":"summary_large_image","twitter_misc":{"Temps estimat de lectura":"5 minuts"},"schema":{"@context":"https:\/\/schema.org","@graph":[{"@type":"WebPage","@id":"https:\/\/nafentmagazine.com\/ca\/politica-de-privacitat\/","url":"https:\/\/nafentmagazine.com\/ca\/politica-de-privacitat\/","name":"Pol\u00edtica de privacitat | Nafent Magazine","isPartOf":{"@id":"https:\/\/nafentmagazine.com\/#website"},"datePublished":"2021-12-27T15:53:45+00:00","dateModified":"2026-01-16T14:41:12+00:00","description":"Privacy policies about Nafent Magazine","breadcrumb":{"@id":"https:\/\/nafentmagazine.com\/ca\/politica-de-privacitat\/#breadcrumb"},"inLanguage":"ca","potentialAction":[{"@type":"ReadAction","target":["https:\/\/nafentmagazine.com\/ca\/politica-de-privacitat\/"]}]},{"@type":"BreadcrumbList","@id":"https:\/\/nafentmagazine.com\/ca\/politica-de-privacitat\/#breadcrumb","itemListElement":[{"@type":"ListItem","position":1,"name":"Home","item":"https:\/\/nafentmagazine.com\/"},{"@type":"ListItem","position":2,"name":"Pol\u00edtica de privacitat"}]},{"@type":"WebSite","@id":"https:\/\/nafentmagazine.com\/#website","url":"https:\/\/nafentmagazine.com\/","name":"Nafent Magazine","description":"The Catalan cycling magazine","publisher":{"@id":"https:\/\/nafentmagazine.com\/#organization"},"alternateName":"Revista Nafent","potentialAction":[{"@type":"SearchAction","target":{"@type":"EntryPoint","urlTemplate":"https:\/\/nafentmagazine.com\/?s={search_term_string}"},"query-input":{"@type":"PropertyValueSpecification","valueRequired":true,"valueName":"search_term_string"}}],"inLanguage":"ca"},{"@type":"Organization","@id":"https:\/\/nafentmagazine.com\/#organization","name":"Nafent Magazine","url":"https:\/\/nafentmagazine.com\/","logo":{"@type":"ImageObject","inLanguage":"ca","@id":"https:\/\/nafentmagazine.com\/#\/schema\/logo\/image\/","url":"https:\/\/nafentmagazine.com\/wp-content\/uploads\/2021\/12\/cropped-cropped-logo-full.png","contentUrl":"https:\/\/nafentmagazine.com\/wp-content\/uploads\/2021\/12\/cropped-cropped-logo-full.png","width":900,"height":327,"caption":"Nafent Magazine"},"image":{"@id":"https:\/\/nafentmagazine.com\/#\/schema\/logo\/image\/"},"sameAs":["https:\/\/www.facebook.com\/Nafentmagazine","https:\/\/www.instagram.com\/nafentmagazine\/","https:\/\/www.linkedin.com\/company\/77097325\/"]}]}},"jetpack_sharing_enabled":true,"_links":{"self":[{"href":"https:\/\/nafentmagazine.com\/ca\/wp-json\/wp\/v2\/pages\/2337","targetHints":{"allow":["GET"]}}],"collection":[{"href":"https:\/\/nafentmagazine.com\/ca\/wp-json\/wp\/v2\/pages"}],"about":[{"href":"https:\/\/nafentmagazine.com\/ca\/wp-json\/wp\/v2\/types\/page"}],"author":[{"embeddable":true,"href":"https:\/\/nafentmagazine.com\/ca\/wp-json\/wp\/v2\/users\/1"}],"replies":[{"embeddable":true,"href":"https:\/\/nafentmagazine.com\/ca\/wp-json\/wp\/v2\/comments?post=2337"}],"version-history":[{"count":3,"href":"https:\/\/nafentmagazine.com\/ca\/wp-json\/wp\/v2\/pages\/2337\/revisions"}],"predecessor-version":[{"id":11850,"href":"https:\/\/nafentmagazine.com\/ca\/wp-json\/wp\/v2\/pages\/2337\/revisions\/11850"}],"wp:attachment":[{"href":"https:\/\/nafentmagazine.com\/ca\/wp-json\/wp\/v2\/media?parent=2337"}],"curies":[{"name":"wp","href":"https:\/\/api.w.org\/{rel}","templated":true}]}}