{"id":12156,"date":"2026-02-12T14:48:18","date_gmt":"2026-02-12T13:48:18","guid":{"rendered":"https:\/\/nafentmagazine.com\/correr\/"},"modified":"2026-02-12T14:48:18","modified_gmt":"2026-02-12T13:48:18","slug":"correr","status":"publish","type":"page","link":"https:\/\/nafentmagazine.com\/ca\/correr\/","title":{"rendered":"Correr"},"content":{"rendered":"\t\t<div data-elementor-type=\"wp-page\" data-elementor-id=\"12156\" class=\"elementor elementor-12156 elementor-12127\">\n\t\t\t\t\t\t<section class=\"elementor-section elementor-top-section elementor-element elementor-element-48f08c1 elementor-section-boxed elementor-section-height-default elementor-section-height-default\" data-id=\"48f08c1\" data-element_type=\"section\" data-e-type=\"section\" data-settings=\"{&quot;background_background&quot;:&quot;classic&quot;}\">\n\t\t\t\t\t\t\t<div class=\"elementor-background-overlay\"><\/div>\n\t\t\t\t\t\t\t<div class=\"elementor-container elementor-column-gap-default\">\n\t\t\t\t\t<div class=\"elementor-column elementor-col-100 elementor-top-column elementor-element elementor-element-48606f4b\" data-id=\"48606f4b\" data-element_type=\"column\" data-e-type=\"column\">\n\t\t\t<div class=\"elementor-widget-wrap elementor-element-populated\">\n\t\t\t\t\t\t<div class=\"elementor-element elementor-element-49580206 elementor-widget elementor-widget-heading\" data-id=\"49580206\" data-element_type=\"widget\" data-e-type=\"widget\" data-widget_type=\"heading.default\">\n\t\t\t\t<div class=\"elementor-widget-container\">\n\t\t\t\t\t<h1 class=\"elementor-heading-title elementor-size-default\">Running<\/h1>\t\t\t\t<\/div>\n\t\t\t\t<\/div>\n\t\t\t\t<div class=\"elementor-element elementor-element-581a8eb1 elementor-widget elementor-widget-text-editor\" data-id=\"581a8eb1\" data-element_type=\"widget\" data-e-type=\"widget\" data-widget_type=\"text-editor.default\">\n\t\t\t\t<div class=\"elementor-widget-container\">\n\t\t\t\t\t\t\t\t\t<p>Hist\u00f2ries i m\u00e9s<br> <br><\/p>\t\t\t\t\t\t\t\t<\/div>\n\t\t\t\t<\/div>\n\t\t\t\t\t<\/div>\n\t\t<\/div>\n\t\t\t\t\t<\/div>\n\t\t<\/section>\n\t\t\t\t<section class=\"elementor-section elementor-top-section elementor-element elementor-element-47af03c3 elementor-section-boxed elementor-section-height-default elementor-section-height-default\" data-id=\"47af03c3\" data-element_type=\"section\" data-e-type=\"section\">\n\t\t\t\t\t\t<div class=\"elementor-container elementor-column-gap-default\">\n\t\t\t\t\t<div class=\"elementor-column elementor-col-100 elementor-top-column elementor-element elementor-element-483eedc\" data-id=\"483eedc\" data-element_type=\"column\" data-e-type=\"column\">\n\t\t\t<div class=\"elementor-widget-wrap elementor-element-populated\">\n\t\t\t\t\t\t<div class=\"elementor-element elementor-element-7b2e879 elementor-grid-eael-col-2 elementor-grid-tablet-eael-col-2 elementor-grid-mobile-eael-col-1 elementor-widget elementor-widget-eael-post-grid\" data-id=\"7b2e879\" data-element_type=\"widget\" data-e-type=\"widget\" data-settings=\"{&quot;eael_post_grid_columns&quot;:&quot;eael-col-2&quot;,&quot;eael_post_grid_columns_tablet&quot;:&quot;eael-col-2&quot;,&quot;eael_post_grid_columns_mobile&quot;:&quot;eael-col-1&quot;}\" data-widget_type=\"eael-post-grid.default\">\n\t\t\t\t<div class=\"elementor-widget-container\">\n\t\t\t\t\t<div id=\"eael-post-grid-7b2e879\" class=\"eael-post-grid-container\">\n            <div class=\"eael-post-grid eael-post-appender eael-post-appender-7b2e879 eael-post-grid-style-one\" data-layout-mode=\"grid\"><article class=\"eael-grid-post  eael-post-grid-column eael-pg-post-12616 category-banyoles-ciclisma-a-catalunya-cultura-del-ciclisme-entrevistes-histories-running-%f0%9f%8f%83 tags-estany-de-banyoles\" data-id=\"12616\">\n        <div class=\"eael-grid-post-holder\">\n            <div class=\"eael-grid-post-holder-inner\"><div class=\"eael-entry-media\"><div class=\"eael-entry-overlay fade-in\"><i class=\"\" aria-hidden=\"true\"><\/i><a href=\"https:\/\/nafentmagazine.com\/ca\/entrevista-oriol-cardona-coll-pioner-amb-una-medalla-dor-olimpica\/\"><\/a><\/div><div class=\"eael-entry-thumbnail \">\n                <img fetchpriority=\"high\" decoding=\"async\" width=\"768\" height=\"512\" src=\"https:\/\/nafentmagazine.com\/wp-content\/uploads\/2026\/03\/Oriol-Cardona-Coll-Nafent-Running-768x512.webp\" class=\"attachment-medium_large size-medium_large wp-image-12584\" alt=\"Oriol Cardona Coll Nafent Running\" srcset=\"https:\/\/nafentmagazine.com\/wp-content\/uploads\/2026\/03\/Oriol-Cardona-Coll-Nafent-Running-768x512.webp 768w, https:\/\/nafentmagazine.com\/wp-content\/uploads\/2026\/03\/Oriol-Cardona-Coll-Nafent-Running-300x200.webp 300w, https:\/\/nafentmagazine.com\/wp-content\/uploads\/2026\/03\/Oriol-Cardona-Coll-Nafent-Running-1024x683.webp 1024w, https:\/\/nafentmagazine.com\/wp-content\/uploads\/2026\/03\/Oriol-Cardona-Coll-Nafent-Running-1536x1024.webp 1536w, https:\/\/nafentmagazine.com\/wp-content\/uploads\/2026\/03\/Oriol-Cardona-Coll-Nafent-Running-2048x1365.webp 2048w, https:\/\/nafentmagazine.com\/wp-content\/uploads\/2026\/03\/Oriol-Cardona-Coll-Nafent-Running-600x400.webp 600w\" sizes=\"(max-width: 768px) 100vw, 768px\" \/>\n            <\/div>\n        <\/div><div class=\"eael-entry-wrapper\"><header class=\"eael-entry-header\"><h3 class=\"eael-entry-title\"><a class=\"eael-grid-post-link\" href=\"https:\/\/nafentmagazine.com\/ca\/entrevista-oriol-cardona-coll-pioner-amb-una-medalla-dor-olimpica\/\" title=\"Entrevista: Oriol Cardona Coll, pioner amb una medalla d\u2019or ol\u00edmpica\">Entrevista: Oriol Cardona Coll, pioner amb una medalla d\u2019or ol\u00edmpica<\/a><\/h3><\/header><div class=\"eael-entry-content\">\n                        <div class=\"eael-grid-post-excerpt\"><p>Despr\u00e9s que l\u2019Oriol Cardona Coll aconsegu\u00eds l\u2019or ol\u00edmpic, la primera...<\/p><a href=\"https:\/\/nafentmagazine.com\/ca\/entrevista-oriol-cardona-coll-pioner-amb-una-medalla-dor-olimpica\/\" class=\"eael-post-elements-readmore-btn\">Llegir m\u00e9s<\/a><\/div>\n                    <\/div><\/div><\/div>\n        <\/div>\n    <\/article><article class=\"eael-grid-post  eael-post-grid-column eael-pg-post-12520 category-banyoles-ciclisma-a-catalunya-cultura-del-ciclisme-running-%f0%9f%8f%83 tags-estany-de-banyoles-la-carpa\" data-id=\"12520\">\n        <div class=\"eael-grid-post-holder\">\n            <div class=\"eael-grid-post-holder-inner\"><div class=\"eael-entry-media\"><div class=\"eael-entry-overlay fade-in\"><i class=\"\" aria-hidden=\"true\"><\/i><a href=\"https:\/\/nafentmagazine.com\/ca\/running-sense-limits-i-una-estada-agradable-apartments-la-carpa\/\"><\/a><\/div><div class=\"eael-entry-thumbnail \">\n                <img decoding=\"async\" width=\"768\" height=\"477\" src=\"https:\/\/nafentmagazine.com\/wp-content\/uploads\/2026\/03\/@nafentmagazine-_-Spring-Shoot-run-cycling-151-scaled-e1774365737190-768x477.jpg\" class=\"attachment-medium_large size-medium_large wp-image-12507\" alt=\"La Carpa Apartments\" srcset=\"https:\/\/nafentmagazine.com\/wp-content\/uploads\/2026\/03\/@nafentmagazine-_-Spring-Shoot-run-cycling-151-scaled-e1774365737190-768x477.jpg 768w, https:\/\/nafentmagazine.com\/wp-content\/uploads\/2026\/03\/@nafentmagazine-_-Spring-Shoot-run-cycling-151-scaled-e1774365737190-300x186.jpg 300w, https:\/\/nafentmagazine.com\/wp-content\/uploads\/2026\/03\/@nafentmagazine-_-Spring-Shoot-run-cycling-151-scaled-e1774365737190-1024x636.jpg 1024w, https:\/\/nafentmagazine.com\/wp-content\/uploads\/2026\/03\/@nafentmagazine-_-Spring-Shoot-run-cycling-151-scaled-e1774365737190-1536x954.jpg 1536w, https:\/\/nafentmagazine.com\/wp-content\/uploads\/2026\/03\/@nafentmagazine-_-Spring-Shoot-run-cycling-151-scaled-e1774365737190-2048x1272.jpg 2048w, https:\/\/nafentmagazine.com\/wp-content\/uploads\/2026\/03\/@nafentmagazine-_-Spring-Shoot-run-cycling-151-scaled-e1774365737190-600x373.jpg 600w\" sizes=\"(max-width: 768px) 100vw, 768px\" \/>\n            <\/div>\n        <\/div><div class=\"eael-entry-wrapper\"><header class=\"eael-entry-header\"><h3 class=\"eael-entry-title\"><a class=\"eael-grid-post-link\" href=\"https:\/\/nafentmagazine.com\/ca\/running-sense-limits-i-una-estada-agradable-apartments-la-carpa\/\" title=\"Running sense l\u00edmits i una estada agradable: Apartments La Carpa\">Running sense l\u00edmits i una estada agradable: Apartments La Carpa<\/a><\/h3><\/header><div class=\"eael-entry-content\">\n                        <div class=\"eael-grid-post-excerpt\"><p>La Carpa \u00e9s a tocar de l\u2019aigua, aix\u00ed que comen\u00e7ar...<\/p><a href=\"https:\/\/nafentmagazine.com\/ca\/running-sense-limits-i-una-estada-agradable-apartments-la-carpa\/\" class=\"eael-post-elements-readmore-btn\">Llegir m\u00e9s<\/a><\/div>\n                    <\/div><\/div><\/div>\n        <\/div>\n    <\/article><\/div>\n            <div class=\"clearfix\"><\/div>\n        <\/div>\t\t\t\t<\/div>\n\t\t\t\t<\/div>\n\t\t\t\t\t<\/div>\n\t\t<\/div>\n\t\t\t\t\t<\/div>\n\t\t<\/section>\n\t\t\t\t<section class=\"elementor-section elementor-top-section elementor-element elementor-element-d125e20 elementor-section-boxed elementor-section-height-default elementor-section-height-default\" data-id=\"d125e20\" data-element_type=\"section\" data-e-type=\"section\" data-settings=\"{&quot;background_background&quot;:&quot;classic&quot;}\">\n\t\t\t\t\t\t\t<div class=\"elementor-background-overlay\"><\/div>\n\t\t\t\t\t\t\t<div class=\"elementor-container elementor-column-gap-no\">\n\t\t\t\t\t<div class=\"elementor-column elementor-col-100 elementor-top-column elementor-element elementor-element-72c631b6\" data-id=\"72c631b6\" data-element_type=\"column\" data-e-type=\"column\">\n\t\t\t<div class=\"elementor-widget-wrap elementor-element-populated\">\n\t\t\t\t\t\t<div class=\"elementor-element elementor-element-2ee8c67d elementor-widget elementor-widget-heading\" data-id=\"2ee8c67d\" data-element_type=\"widget\" data-e-type=\"widget\" data-widget_type=\"heading.default\">\n\t\t\t\t<div class=\"elementor-widget-container\">\n\t\t\t\t\t<h2 class=\"elementor-heading-title elementor-size-default\">Contacta amb Nafent<\/h2>\t\t\t\t<\/div>\n\t\t\t\t<\/div>\n\t\t\t\t<div class=\"elementor-element elementor-element-774957e2 elementor-widget elementor-widget-text-editor\" data-id=\"774957e2\" data-element_type=\"widget\" data-e-type=\"widget\" data-widget_type=\"text-editor.default\">\n\t\t\t\t<div class=\"elementor-widget-container\">\n\t\t\t\t\t\t\t\t\t<p>Poseu-vos en contacte amb nosaltres si teniu preguntes sobre la revista, les col\u00b7laboracions, la creaci\u00f3 de contingut o qualsevol altra consulta.<\/p>\t\t\t\t\t\t\t\t<\/div>\n\t\t\t\t<\/div>\n\t\t\t\t<div class=\"elementor-element elementor-element-131be873 elementor-align-center elementor-widget elementor-widget-button\" data-id=\"131be873\" data-element_type=\"widget\" data-e-type=\"widget\" data-widget_type=\"button.default\">\n\t\t\t\t<div class=\"elementor-widget-container\">\n\t\t\t\t\t\t\t\t\t<div class=\"elementor-button-wrapper\">\n\t\t\t\t\t<a class=\"elementor-button elementor-button-link elementor-size-sm\" href=\"http:\/\/www.nafentmagazine.com\/ca\/contact\">\n\t\t\t\t\t\t<span class=\"elementor-button-content-wrapper\">\n\t\t\t\t\t\t\t\t\t<span class=\"elementor-button-text\">Contacte<\/span>\n\t\t\t\t\t<\/span>\n\t\t\t\t\t<\/a>\n\t\t\t\t<\/div>\n\t\t\t\t\t\t\t\t<\/div>\n\t\t\t\t<\/div>\n\t\t\t\t\t<\/div>\n\t\t<\/div>\n\t\t\t\t\t<\/div>\n\t\t<\/section>\n\t\t\t\t<\/div>\n\t\t","protected":false},"excerpt":{"rendered":"<p>Running Hist\u00f2ries i m\u00e9s La Carpa Apartaments: a cycling sanctuary at Banyoles Lake La Carpa Restaurant serves traditional Catalan homemade cuisine in a&#8230; Llegir m\u00e9s Can Pericus: still a meeting point 125 years on Can Pericus in Banyoles is 125 years old. Reason for&#8230; Llegir m\u00e9s Club Nataci\u00f3 Banyoles: 100 years dedicated to sport In [&hellip;]<\/p>\n","protected":false},"author":6,"featured_media":0,"parent":0,"menu_order":0,"comment_status":"closed","ping_status":"closed","template":"","meta":{"_ppp_document_settings_meta":"","site-sidebar-layout":"no-sidebar","site-content-layout":"page-builder","ast-site-content-layout":"full-width-container","site-content-style":"unboxed","site-sidebar-style":"unboxed","ast-global-header-display":"","ast-banner-title-visibility":"","ast-main-header-display":"","ast-hfb-above-header-display":"","ast-hfb-below-header-display":"","ast-hfb-mobile-header-display":"","site-post-title":"disabled","ast-breadcrumbs-content":"","ast-featured-img":"disabled","footer-sml-layout":"","ast-disable-related-posts":"","theme-transparent-header-meta":"","adv-header-id-meta":"","stick-header-meta":"","header-above-stick-meta":"","header-main-stick-meta":"","header-below-stick-meta":"","astra-migrate-meta-layouts":"default","ast-page-background-enabled":"default","ast-page-background-meta":{"desktop":{"background-color":"","background-image":"","background-repeat":"repeat","background-position":"center center","background-size":"auto","background-attachment":"scroll","background-type":"","background-media":"","overlay-type":"","overlay-color":"","overlay-opacity":"","overlay-gradient":""},"tablet":{"background-color":"","background-image":"","background-repeat":"repeat","background-position":"center center","background-size":"auto","background-attachment":"scroll","background-type":"","background-media":"","overlay-type":"","overlay-color":"","overlay-opacity":"","overlay-gradient":""},"mobile":{"background-color":"","background-image":"","background-repeat":"repeat","background-position":"center center","background-size":"auto","background-attachment":"scroll","background-type":"","background-media":"","overlay-type":"","overlay-color":"","overlay-opacity":"","overlay-gradient":""}},"ast-content-background-meta":{"desktop":{"background-color":"var(--ast-global-color-5)","background-image":"","background-repeat":"repeat","background-position":"center center","background-size":"auto","background-attachment":"scroll","background-type":"","background-media":"","overlay-type":"","overlay-color":"","overlay-opacity":"","overlay-gradient":""},"tablet":{"background-color":"var(--ast-global-color-5)","background-image":"","background-repeat":"repeat","background-position":"center center","background-size":"auto","background-attachment":"scroll","background-type":"","background-media":"","overlay-type":"","overlay-color":"","overlay-opacity":"","overlay-gradient":""},"mobile":{"background-color":"var(--ast-global-color-5)","background-image":"","background-repeat":"repeat","background-position":"center center","background-size":"auto","background-attachment":"scroll","background-type":"","background-media":"","overlay-type":"","overlay-color":"","overlay-opacity":"","overlay-gradient":""}},"footnotes":""},"class_list":["post-12156","page","type-page","status-publish","hentry"],"yoast_head":"<!-- This site is optimized with the Yoast SEO plugin v27.3 - https:\/\/yoast.com\/product\/yoast-seo-wordpress\/ -->\n<title>Correr | Nafent Magazine<\/title>\n<meta name=\"description\" content=\"Endinsa&#039;t al m\u00f3n Nafent i comen\u00e7a a llegir les \u00faltimes hist\u00f2ries de ciclisme al blog de Nafent, la primera revista biling\u00fce de ciclisme.\" \/>\n<meta name=\"robots\" content=\"index, follow, max-snippet:-1, max-image-preview:large, max-video-preview:-1\" \/>\n<link rel=\"canonical\" href=\"https:\/\/nafentmagazine.com\/ca\/correr\/\" \/>\n<meta property=\"og:locale\" content=\"ca_ES\" \/>\n<meta property=\"og:type\" content=\"article\" \/>\n<meta property=\"og:title\" content=\"Correr | Nafent Magazine\" \/>\n<meta property=\"og:description\" content=\"Endinsa&#039;t al m\u00f3n Nafent i comen\u00e7a a llegir les \u00faltimes hist\u00f2ries de ciclisme al blog de Nafent, la primera revista biling\u00fce de ciclisme.\" \/>\n<meta property=\"og:url\" content=\"https:\/\/nafentmagazine.com\/ca\/correr\/\" \/>\n<meta property=\"og:site_name\" content=\"Nafent Magazine\" \/>\n<meta property=\"article:publisher\" content=\"https:\/\/www.facebook.com\/Nafentmagazine\" \/>\n<meta property=\"og:image\" content=\"https:\/\/nafentmagazine.com\/wp-content\/uploads\/2025\/11\/La-Carpa-thumbnail-Nafent.png\" \/>\n\t<meta property=\"og:image:width\" content=\"1096\" \/>\n\t<meta property=\"og:image:height\" content=\"679\" \/>\n\t<meta property=\"og:image:type\" content=\"image\/png\" \/>\n<meta name=\"twitter:card\" content=\"summary_large_image\" \/>\n<meta name=\"twitter:label1\" content=\"Temps estimat de lectura\" \/>\n\t<meta name=\"twitter:data1\" content=\"1 minut\" \/>\n<script type=\"application\/ld+json\" class=\"yoast-schema-graph\">{\"@context\":\"https:\\\/\\\/schema.org\",\"@graph\":[{\"@type\":\"WebPage\",\"@id\":\"https:\\\/\\\/nafentmagazine.com\\\/ca\\\/correr\\\/\",\"url\":\"https:\\\/\\\/nafentmagazine.com\\\/ca\\\/correr\\\/\",\"name\":\"Correr | Nafent Magazine\",\"isPartOf\":{\"@id\":\"https:\\\/\\\/nafentmagazine.com\\\/#website\"},\"primaryImageOfPage\":{\"@id\":\"https:\\\/\\\/nafentmagazine.com\\\/ca\\\/correr\\\/#primaryimage\"},\"image\":{\"@id\":\"https:\\\/\\\/nafentmagazine.com\\\/ca\\\/correr\\\/#primaryimage\"},\"thumbnailUrl\":\"https:\\\/\\\/nafentmagazine.com\\\/wp-content\\\/uploads\\\/2025\\\/11\\\/La-Carpa-thumbnail-Nafent-768x476.png\",\"datePublished\":\"2026-02-12T13:48:18+00:00\",\"description\":\"Endinsa't al m\u00f3n Nafent i comen\u00e7a a llegir les \u00faltimes hist\u00f2ries de ciclisme al blog de Nafent, la primera revista biling\u00fce de ciclisme.\",\"breadcrumb\":{\"@id\":\"https:\\\/\\\/nafentmagazine.com\\\/ca\\\/correr\\\/#breadcrumb\"},\"inLanguage\":\"ca\",\"potentialAction\":[{\"@type\":\"ReadAction\",\"target\":[\"https:\\\/\\\/nafentmagazine.com\\\/ca\\\/correr\\\/\"]}]},{\"@type\":\"ImageObject\",\"inLanguage\":\"ca\",\"@id\":\"https:\\\/\\\/nafentmagazine.com\\\/ca\\\/correr\\\/#primaryimage\",\"url\":\"https:\\\/\\\/nafentmagazine.com\\\/wp-content\\\/uploads\\\/2025\\\/11\\\/La-Carpa-thumbnail-Nafent-768x476.png\",\"contentUrl\":\"https:\\\/\\\/nafentmagazine.com\\\/wp-content\\\/uploads\\\/2025\\\/11\\\/La-Carpa-thumbnail-Nafent-768x476.png\"},{\"@type\":\"BreadcrumbList\",\"@id\":\"https:\\\/\\\/nafentmagazine.com\\\/ca\\\/correr\\\/#breadcrumb\",\"itemListElement\":[{\"@type\":\"ListItem\",\"position\":1,\"name\":\"Home\",\"item\":\"https:\\\/\\\/nafentmagazine.com\\\/\"},{\"@type\":\"ListItem\",\"position\":2,\"name\":\"Correr\"}]},{\"@type\":\"WebSite\",\"@id\":\"https:\\\/\\\/nafentmagazine.com\\\/#website\",\"url\":\"https:\\\/\\\/nafentmagazine.com\\\/\",\"name\":\"Nafent Magazine\",\"description\":\"The Catalan cycling magazine\",\"publisher\":{\"@id\":\"https:\\\/\\\/nafentmagazine.com\\\/#organization\"},\"alternateName\":\"Revista Nafent\",\"potentialAction\":[{\"@type\":\"SearchAction\",\"target\":{\"@type\":\"EntryPoint\",\"urlTemplate\":\"https:\\\/\\\/nafentmagazine.com\\\/?s={search_term_string}\"},\"query-input\":{\"@type\":\"PropertyValueSpecification\",\"valueRequired\":true,\"valueName\":\"search_term_string\"}}],\"inLanguage\":\"ca\"},{\"@type\":\"Organization\",\"@id\":\"https:\\\/\\\/nafentmagazine.com\\\/#organization\",\"name\":\"Nafent Magazine\",\"url\":\"https:\\\/\\\/nafentmagazine.com\\\/\",\"logo\":{\"@type\":\"ImageObject\",\"inLanguage\":\"ca\",\"@id\":\"https:\\\/\\\/nafentmagazine.com\\\/#\\\/schema\\\/logo\\\/image\\\/\",\"url\":\"https:\\\/\\\/nafentmagazine.com\\\/wp-content\\\/uploads\\\/2021\\\/12\\\/cropped-cropped-logo-full.png\",\"contentUrl\":\"https:\\\/\\\/nafentmagazine.com\\\/wp-content\\\/uploads\\\/2021\\\/12\\\/cropped-cropped-logo-full.png\",\"width\":900,\"height\":327,\"caption\":\"Nafent Magazine\"},\"image\":{\"@id\":\"https:\\\/\\\/nafentmagazine.com\\\/#\\\/schema\\\/logo\\\/image\\\/\"},\"sameAs\":[\"https:\\\/\\\/www.facebook.com\\\/Nafentmagazine\",\"https:\\\/\\\/www.instagram.com\\\/nafentmagazine\\\/\",\"https:\\\/\\\/www.linkedin.com\\\/company\\\/77097325\\\/\"]}]}<\/script>\n<!-- \/ Yoast SEO plugin. -->","yoast_head_json":{"title":"Correr | Nafent Magazine","description":"Endinsa't al m\u00f3n Nafent i comen\u00e7a a llegir les \u00faltimes hist\u00f2ries de ciclisme al blog de Nafent, la primera revista biling\u00fce de ciclisme.","robots":{"index":"index","follow":"follow","max-snippet":"max-snippet:-1","max-image-preview":"max-image-preview:large","max-video-preview":"max-video-preview:-1"},"canonical":"https:\/\/nafentmagazine.com\/ca\/correr\/","og_locale":"ca_ES","og_type":"article","og_title":"Correr | Nafent Magazine","og_description":"Endinsa't al m\u00f3n Nafent i comen\u00e7a a llegir les \u00faltimes hist\u00f2ries de ciclisme al blog de Nafent, la primera revista biling\u00fce de ciclisme.","og_url":"https:\/\/nafentmagazine.com\/ca\/correr\/","og_site_name":"Nafent Magazine","article_publisher":"https:\/\/www.facebook.com\/Nafentmagazine","og_image":[{"width":1096,"height":679,"url":"https:\/\/nafentmagazine.com\/wp-content\/uploads\/2025\/11\/La-Carpa-thumbnail-Nafent.png","type":"image\/png"}],"twitter_card":"summary_large_image","twitter_misc":{"Temps estimat de lectura":"1 minut"},"schema":{"@context":"https:\/\/schema.org","@graph":[{"@type":"WebPage","@id":"https:\/\/nafentmagazine.com\/ca\/correr\/","url":"https:\/\/nafentmagazine.com\/ca\/correr\/","name":"Correr | Nafent Magazine","isPartOf":{"@id":"https:\/\/nafentmagazine.com\/#website"},"primaryImageOfPage":{"@id":"https:\/\/nafentmagazine.com\/ca\/correr\/#primaryimage"},"image":{"@id":"https:\/\/nafentmagazine.com\/ca\/correr\/#primaryimage"},"thumbnailUrl":"https:\/\/nafentmagazine.com\/wp-content\/uploads\/2025\/11\/La-Carpa-thumbnail-Nafent-768x476.png","datePublished":"2026-02-12T13:48:18+00:00","description":"Endinsa't al m\u00f3n Nafent i comen\u00e7a a llegir les \u00faltimes hist\u00f2ries de ciclisme al blog de Nafent, la primera revista biling\u00fce de ciclisme.","breadcrumb":{"@id":"https:\/\/nafentmagazine.com\/ca\/correr\/#breadcrumb"},"inLanguage":"ca","potentialAction":[{"@type":"ReadAction","target":["https:\/\/nafentmagazine.com\/ca\/correr\/"]}]},{"@type":"ImageObject","inLanguage":"ca","@id":"https:\/\/nafentmagazine.com\/ca\/correr\/#primaryimage","url":"https:\/\/nafentmagazine.com\/wp-content\/uploads\/2025\/11\/La-Carpa-thumbnail-Nafent-768x476.png","contentUrl":"https:\/\/nafentmagazine.com\/wp-content\/uploads\/2025\/11\/La-Carpa-thumbnail-Nafent-768x476.png"},{"@type":"BreadcrumbList","@id":"https:\/\/nafentmagazine.com\/ca\/correr\/#breadcrumb","itemListElement":[{"@type":"ListItem","position":1,"name":"Home","item":"https:\/\/nafentmagazine.com\/"},{"@type":"ListItem","position":2,"name":"Correr"}]},{"@type":"WebSite","@id":"https:\/\/nafentmagazine.com\/#website","url":"https:\/\/nafentmagazine.com\/","name":"Nafent Magazine","description":"The Catalan cycling magazine","publisher":{"@id":"https:\/\/nafentmagazine.com\/#organization"},"alternateName":"Revista Nafent","potentialAction":[{"@type":"SearchAction","target":{"@type":"EntryPoint","urlTemplate":"https:\/\/nafentmagazine.com\/?s={search_term_string}"},"query-input":{"@type":"PropertyValueSpecification","valueRequired":true,"valueName":"search_term_string"}}],"inLanguage":"ca"},{"@type":"Organization","@id":"https:\/\/nafentmagazine.com\/#organization","name":"Nafent Magazine","url":"https:\/\/nafentmagazine.com\/","logo":{"@type":"ImageObject","inLanguage":"ca","@id":"https:\/\/nafentmagazine.com\/#\/schema\/logo\/image\/","url":"https:\/\/nafentmagazine.com\/wp-content\/uploads\/2021\/12\/cropped-cropped-logo-full.png","contentUrl":"https:\/\/nafentmagazine.com\/wp-content\/uploads\/2021\/12\/cropped-cropped-logo-full.png","width":900,"height":327,"caption":"Nafent Magazine"},"image":{"@id":"https:\/\/nafentmagazine.com\/#\/schema\/logo\/image\/"},"sameAs":["https:\/\/www.facebook.com\/Nafentmagazine","https:\/\/www.instagram.com\/nafentmagazine\/","https:\/\/www.linkedin.com\/company\/77097325\/"]}]}},"jetpack_sharing_enabled":true,"_links":{"self":[{"href":"https:\/\/nafentmagazine.com\/ca\/wp-json\/wp\/v2\/pages\/12156","targetHints":{"allow":["GET"]}}],"collection":[{"href":"https:\/\/nafentmagazine.com\/ca\/wp-json\/wp\/v2\/pages"}],"about":[{"href":"https:\/\/nafentmagazine.com\/ca\/wp-json\/wp\/v2\/types\/page"}],"author":[{"embeddable":true,"href":"https:\/\/nafentmagazine.com\/ca\/wp-json\/wp\/v2\/users\/6"}],"replies":[{"embeddable":true,"href":"https:\/\/nafentmagazine.com\/ca\/wp-json\/wp\/v2\/comments?post=12156"}],"version-history":[{"count":1,"href":"https:\/\/nafentmagazine.com\/ca\/wp-json\/wp\/v2\/pages\/12156\/revisions"}],"predecessor-version":[{"id":12157,"href":"https:\/\/nafentmagazine.com\/ca\/wp-json\/wp\/v2\/pages\/12156\/revisions\/12157"}],"wp:attachment":[{"href":"https:\/\/nafentmagazine.com\/ca\/wp-json\/wp\/v2\/media?parent=12156"}],"curies":[{"name":"wp","href":"https:\/\/api.w.org\/{rel}","templated":true}]}}